{"id":2686,"date":"2021-02-01T17:54:26","date_gmt":"2021-02-01T16:54:26","guid":{"rendered":"https:\/\/cxairdynamics.com\/riferimenti-legali\/"},"modified":"2026-02-25T10:35:00","modified_gmt":"2026-02-25T09:35:00","slug":"riferimenti-legali","status":"publish","type":"page","link":"https:\/\/cxairdynamics.com\/it\/riferimenti-legali\/","title":{"rendered":"Riferimenti legali"},"content":{"rendered":"\t\t<div data-elementor-type=\"wp-page\" data-elementor-id=\"2686\" class=\"elementor elementor-2686 elementor-257\" data-elementor-post-type=\"page\">\n\t\t\t\t\t\t<section class=\"elementor-section elementor-top-section elementor-element elementor-element-265e3be elementor-section-full_width elementor-section-height-default elementor-section-height-default\" data-id=\"265e3be\" data-element_type=\"section\" data-e-type=\"section\">\n\t\t\t\t\t\t<div class=\"elementor-container elementor-column-gap-default\">\n\t\t\t\t\t<div class=\"elementor-column elementor-col-33 elementor-top-column elementor-element elementor-element-ef77e8a col-4-1025\" data-id=\"ef77e8a\" data-element_type=\"column\" data-e-type=\"column\">\n\t\t\t<div class=\"elementor-widget-wrap\">\n\t\t\t\t\t\t\t<\/div>\n\t\t<\/div>\n\t\t\t\t<div class=\"elementor-column elementor-col-33 elementor-top-column elementor-element elementor-element-cf45460 col-92-1025\" data-id=\"cf45460\" data-element_type=\"column\" data-e-type=\"column\">\n\t\t\t<div class=\"elementor-widget-wrap elementor-element-populated\">\n\t\t\t\t\t\t<div class=\"elementor-element elementor-element-2cbdbf5 nomargb elementor-widget elementor-widget-heading\" data-id=\"2cbdbf5\" data-element_type=\"widget\" data-e-type=\"widget\" data-widget_type=\"heading.default\">\n\t\t\t\t<div class=\"elementor-widget-container\">\n\t\t\t\t\t<h2 class=\"elementor-heading-title elementor-size-default\">Riferimenti legali<\/h2>\t\t\t\t<\/div>\n\t\t\t\t<\/div>\n\t\t\t\t<div class=\"elementor-element elementor-element-53a5732 elementor-align-left elementor-widget elementor-widget-breadcrumbs\" data-id=\"53a5732\" data-element_type=\"widget\" data-e-type=\"widget\" data-widget_type=\"breadcrumbs.default\">\n\t\t\t\t<div class=\"elementor-widget-container\">\n\t\t\t\t\t<p id=\"breadcrumbs\"><span><span><a href=\"https:\/\/cxairdynamics.com\/it\/\">Home<\/a><\/span><\/span><\/p>\t\t\t\t<\/div>\n\t\t\t\t<\/div>\n\t\t\t\t<div class=\"elementor-element elementor-element-5b4ad83 elementor-widget elementor-widget-text-editor\" data-id=\"5b4ad83\" data-element_type=\"widget\" data-e-type=\"widget\" data-widget_type=\"text-editor.default\">\n\t\t\t\t<div class=\"elementor-widget-container\">\n\t\t\t\t\t\t\t\t\t<p>Il sito \u201d<strong>CX Air Dynamics<\/strong>\u00a0\u00bb come tutti i suoi componenti, sono di propriet\u00e0 della societ\u00e0 CX AIR DYNAMICS FRANCE.<br \/>Sede sociale :\u00a0<strong>155, Chemin de la Gare \u2013\u00a031600, Saint-Clar-de-Rivi\u00e8re<\/strong><br \/><strong>SAS au capital de 42 067 \u20ac<\/strong><br \/>Registrata al RCS di Tolosa al numero\u00a0 853 794 113<br \/>Direttore della pubblicazione : Xavier Bouquillard de Milleret<\/p>\n\t\t\t\t\t\t\t\t<\/div>\n\t\t\t\t<\/div>\n\t\t\t\t<div class=\"elementor-element elementor-element-94f4eff elementor-widget elementor-widget-text-editor\" data-id=\"94f4eff\" data-element_type=\"widget\" data-e-type=\"widget\" data-widget_type=\"text-editor.default\">\n\t\t\t\t<div class=\"elementor-widget-container\">\n\t\t\t\t\t\t\t\t\t<h2>Impegni e responsabilit\u00e0 del sito<\/h2>\n<p>Il contenuto del sito rispetta la legge in vigore e in particolare:<\/p>\n<p>La legge sulla libert\u00e0 di stampa, in modo che nessuna parte scritta, immagini o suoni a carattere diffamatorio, razzista, revisionista, sar\u00e0 mai pubblicata e messa in linea;<\/p>\n<p>In conformit\u00e0 con l\u2019articolo 227-24 del Codice penale francese relativo alla protezione dei minori, nessun messaggio a carattere violento, pornografico, o che attenti gravemente alla dignit\u00e0 umana e suscettibile di essere visto o percepito dai minori, non sar\u00e0 mai pubblicato e messo in linea;<\/p>\n<p>Nessuna riproduzione di un\u2019opera protetta o di un\u00a0 marchio, senza l\u2019accordo del suo autore, dei suoi aventi diritto o del titolare dei diritti, non sar\u00e0 mai pubblicato e messo in linea;<br \/>In conformit\u00e0 con la legge LCEN del 22 giugno 2004, il diritto di risposta \u00e8 disponibile per tutte le persone nominate o indicate nel sito. La richiesta deve essere indirizzata al Direttore della pubblicazione al pi\u00f9 tardi entro tre mesi dalla messa a disposizione al pubblico del messaggio che giustifica questa richiesta. Questa inserzione \u00e8 gratuita e verr\u00e0 effettuata entro tre giorni dal ricevimento della richiesta, ma non potr\u00e0, in nessun caso, essere maggiore di 200 (duecento) righe.<\/p>\n\t\t\t\t\t\t\t\t<\/div>\n\t\t\t\t<\/div>\n\t\t\t\t<div class=\"elementor-element elementor-element-9e76c07 elementor-widget elementor-widget-text-editor\" data-id=\"9e76c07\" data-element_type=\"widget\" data-e-type=\"widget\" data-widget_type=\"text-editor.default\">\n\t\t\t\t<div class=\"elementor-widget-container\">\n\t\t\t\t\t\t\t\t\t<h2>Legge informatica, files, libert\u00e0 e protezione dei dati personali sul sito di CX Air Dynamics<\/h2>\n<p>Gli utilizzatori del sito sono tenuti a rispettare le disposizioni della legge informatica, files e libert\u00e0, la cui violazione \u00e8 passibile di sanzioni penali. Debbono, specialmente, astenersi, trattandosi di informazioni nominative, alle quali hanno accesso, da ogni raccolta, da ogni utilizzazione impropria, e in maniera generale, di ogni azione suscettibile di minacciare la vita privata o la reputazione personale.<\/p>\n\t\t\t\t\t\t\t\t<\/div>\n\t\t\t\t<\/div>\n\t\t\t\t<div class=\"elementor-element elementor-element-b888181 elementor-widget elementor-widget-text-editor\" data-id=\"b888181\" data-element_type=\"widget\" data-e-type=\"widget\" data-widget_type=\"text-editor.default\">\n\t\t\t\t<div class=\"elementor-widget-container\">\n\t\t\t\t\t\t\t\t\t<h2>Limitazione di responsabilit\u00e0<\/h2>\n<p>La Societ\u00e0 CX AIR DYNAMICS FRANCE\u00a0non sar\u00e0 ritenuta responsabile per qualsiasi danno e\/o indiretto derivante dall\u2019utilizzazione, da parte del cliente, del sito e dei suoi contenuti.<\/p>\n<p>Il sito CX AIR DYNAMICS potr\u00e0 rimandare l\u2019utilizzatore a altri siti internet grazie ai link ipertestuali. Questi link sono stati inseriti nel sito CX AIR DYNAMICS grazie alle autorizzazioni concesse dai titolari dei siti collegati.<\/p>\n<p>In ogni caso, la Societ\u00e0 CX AIR DYNAMICS FRANCE\u00a0non sar\u00e0 ritenuta responsabile dei contenuti di questi siti, i quali sono sotto la completa responsabilit\u00e0 dei loro titolari.<\/p>\n<p>Alcuni pericoli sono inerenti all\u2019utilizzazione di internet e l\u2019utilizzatore \u00e8 messo in guardia in merito alla necessit\u00e0 di tenere in considerazione i rischi potenziali (infezioni da virus, problemi informatici, rallentamenti etc\u2026) prima di procedere alla consultazione del sito CX AIR DYNAMICS<\/p>\n\t\t\t\t\t\t\t\t<\/div>\n\t\t\t\t<\/div>\n\t\t\t\t<div class=\"elementor-element elementor-element-acec994 elementor-widget elementor-widget-text-editor\" data-id=\"acec994\" data-element_type=\"widget\" data-e-type=\"widget\" data-widget_type=\"text-editor.default\">\n\t\t\t\t<div class=\"elementor-widget-container\">\n\t\t\t\t\t\t\t\t\t<h2>Fornitore dell\u2019hosting<\/h2>\n<p>La societ\u00e0 Agora VITA, 1 rue Paul Mespl\u00e9 31100 Tolosa iscritta al registro del commercio di Tolosa al numero 424 097 525 fornisce l\u2019hosting del sito CX AIR DYNAMICS.<\/p>\n\t\t\t\t\t\t\t\t<\/div>\n\t\t\t\t<\/div>\n\t\t\t\t<div class=\"elementor-element elementor-element-62e51fd elementor-widget elementor-widget-text-editor\" data-id=\"62e51fd\" data-element_type=\"widget\" data-e-type=\"widget\" data-widget_type=\"text-editor.default\">\n\t\t\t\t<div class=\"elementor-widget-container\">\n\t\t\t\t\t\t\t\t\t<h2>Diritto di accesso, modifica, rettifica, e eliminazione dei dati<\/h2>\n<p>Gli utilizzatori dispongono di un diritto di accesso, modifica, rettifica ed eliminazione dei dati che li riguardano, in conformit\u00e0 a quanto enunciato agli articoli 39 et 40 della legge del 6 gennaio 1978 modificata dalla legge del 6 agosto 2004. Per esercitare questo diritto, potete rivolgervi direttamente alla,\u00a0<a href=\"https:\/\/cxairdynamics.com\/it\/contatto\/\"> Soci\u00e9t\u00e9 CX AIR DYNAMICS FRANCE\u00a0per mail<\/a>\u00a0o per posta indirizzato alla Societ\u00e0 CX AIR DYNAMICS FRANCE\u00a0<strong>155, Chemin de la Gare \u2013\u00a031600, Saint-Clar-de-Rivi\u00e8re<\/strong>\u00a0precisando \u00ab Servizio Gestione dei dati personali \u00bb<\/p>\n<p>I messaggi inviati sulla rete internet possono essere intercettati. Non divulgate mai informazioni personali sensibili. Se desiderate farci avere informazioni confidenziali, vi consigliamo di utilizzare la via postale<\/p>\n\t\t\t\t\t\t\t\t<\/div>\n\t\t\t\t<\/div>\n\t\t\t\t<div class=\"elementor-element elementor-element-49b4969 elementor-widget elementor-widget-text-editor\" data-id=\"49b4969\" data-element_type=\"widget\" data-e-type=\"widget\" data-widget_type=\"text-editor.default\">\n\t\t\t\t<div class=\"elementor-widget-container\">\n\t\t\t\t\t\t\t\t\t<h2>Propriet\u00e0 intellettuale \u2013 diritto d\u2019autore \u2013 copyright<\/h2>\n<p>Il contenuto di questo sito rispetta la legislazione francese e internazionale sul diritto d\u2019autore e la propriet\u00e0 intellettuale.<br \/>La Societ\u00e0 CX AIR DYNAMICS FRANCE possiede tutti i diritti patrimoniali e morali legati ai documenti di questo sito, con riserva dei diritti di cui beneficiano gli autori delle opere pubblicate su questo sito. Cos\u00ec come, sono riservati, tutti i diritti di riproduzione su supporti elettronici o carta, compresi i documenti scaricabili dal sito e le rappresentazioni iconografiche e\/o fotografiche.<br \/>I visitatori del sito internet CX AIR DYNAMICS si asterranno dalla raccolta, cattura, deformazione o utilizzazione delle informazioni alle quali avranno accesso<br \/>La Societ\u00e0 CX AIR DYNAMICS FRANCE perseguir\u00e0 per legge ogni tentativo di appropriazione indebita della documentazione del sito.<\/p>\n\t\t\t\t\t\t\t\t<\/div>\n\t\t\t\t<\/div>\n\t\t\t\t<div class=\"elementor-element elementor-element-2427cc5 elementor-widget elementor-widget-text-editor\" data-id=\"2427cc5\" data-element_type=\"widget\" data-e-type=\"widget\" data-widget_type=\"text-editor.default\">\n\t\t\t\t<div class=\"elementor-widget-container\">\n\t\t\t\t\t\t\t\t\t<h2>Dichiarazione alla CNIL<\/h2>\n<p>In conformit\u00e0 alla legge del 6 gennaio 1978 modificata dalla legge del 6 agosto 2004 relativa all\u2019informatica, ai files e alle libert\u00e0, cos\u00ec come il suo decreto di applicazione del 17 luglio1978 e all\u2019articolo 43 della legge del 30 settembre 1986 modificata, il sito \u00e8 stato dichiarato alla Commission Nationale Informatique et Libert\u00e9s (CNIL)<br \/>I dati personali raccolti sono destinati a fornire all\u2019utilizzatore i prodotti e i servizi proposti da questo sito e non saranno mai utilizzati per fini non previsti dai presenti riferimenti legali.<br \/>A tale scopo, ogni risposta alle domande presenti, sono strettamente necessarie alla fornitura del prodotto o servizio richiesto. In caso di risposta assente o incompleta, l\u2019utilizzatore rischia di non vedersi fornito il prodotto o il servizio richiesto. I messaggi elettronici e i dati nominativi inviati a CX AIR DYNAMICS FRANCE saranno conservati per un periodo massimo di 3 (tre) anni.<\/p>\n\t\t\t\t\t\t\t\t<\/div>\n\t\t\t\t<\/div>\n\t\t\t\t<div class=\"elementor-element elementor-element-5c88665 elementor-widget elementor-widget-text-editor\" data-id=\"5c88665\" data-element_type=\"widget\" data-e-type=\"widget\" data-widget_type=\"text-editor.default\">\n\t\t\t\t<div class=\"elementor-widget-container\">\n\t\t\t\t\t\t\t\t\t<h2>Interdizione alla cessione della scheda cliente<\/h2>\n<p>La Societ\u00e0 CX AIR DYNAMICS FRANCE \u00e8 la sola destinataria dei dati personali e non proceder\u00e0 mai alla cessione a terzi della propria scheda cliente.<\/p>\n<h2>Contatto<\/h2>\n<p><a href=\"https:\/\/cxairdynamics.com\/it\/contatto\/\">Contattateci-s<\/a>\u00a0direttamente per ogni informazione. Nel ringraziarvi per l\u2019interesse che dedicherete al nostro sito, vi auguriamo una buona navigazione!<\/p>\n\t\t\t\t\t\t\t\t<\/div>\n\t\t\t\t<\/div>\n\t\t\t\t\t<\/div>\n\t\t<\/div>\n\t\t\t\t<div class=\"elementor-column elementor-col-33 elementor-top-column elementor-element elementor-element-38ea942 col-4-1025\" data-id=\"38ea942\" data-element_type=\"column\" data-e-type=\"column\">\n\t\t\t<div class=\"elementor-widget-wrap\">\n\t\t\t\t\t\t\t<\/div>\n\t\t<\/div>\n\t\t\t\t\t<\/div>\n\t\t<\/section>\n\t\t\t\t<\/div>\n\t\t","protected":false},"excerpt":{"rendered":"<p>Riferimenti legali Il sito \u201dCX Air Dynamics\u00a0\u00bb come tutti i suoi componenti, sono di propriet\u00e0 della societ\u00e0 CX AIR DYNAMICS FRANCE.Sede sociale :\u00a0155, Chemin de la Gare \u2013\u00a031600, Saint-Clar-de-Rivi\u00e8reSAS au capital de 42 067 \u20acRegistrata al RCS di Tolosa al numero\u00a0 853 794 113Direttore della pubblicazione : Xavier Bouquillard de Milleret Impegni e responsabilit\u00e0 del [&hellip;]<\/p>\n","protected":false},"author":1,"featured_media":0,"parent":0,"menu_order":11,"comment_status":"closed","ping_status":"closed","template":"","meta":{"site-sidebar-layout":"no-sidebar","site-content-layout":"page-builder","ast-site-content-layout":"default","site-content-style":"default","site-sidebar-style":"default","ast-global-header-display":"","ast-banner-title-visibility":"","ast-main-header-display":"","ast-hfb-above-header-display":"","ast-hfb-below-header-display":"","ast-hfb-mobile-header-display":"","site-post-title":"disabled","ast-breadcrumbs-content":"","ast-featured-img":"disabled","footer-sml-layout":"","ast-disable-related-posts":"","theme-transparent-header-meta":"default","adv-header-id-meta":"","stick-header-meta":"","header-above-stick-meta":"","header-main-stick-meta":"","header-below-stick-meta":"","astra-migrate-meta-layouts":"default","ast-page-background-enabled":"default","ast-page-background-meta":{"desktop":{"background-color":"","background-image":"","background-repeat":"repeat","background-position":"center center","background-size":"auto","background-attachment":"scroll","background-type":"","background-media":"","overlay-type":"","overlay-color":"","overlay-opacity":"","overlay-gradient":""},"tablet":{"background-color":"","background-image":"","background-repeat":"repeat","background-position":"center center","background-size":"auto","background-attachment":"scroll","background-type":"","background-media":"","overlay-type":"","overlay-color":"","overlay-opacity":"","overlay-gradient":""},"mobile":{"background-color":"","background-image":"","background-repeat":"repeat","background-position":"center center","background-size":"auto","background-attachment":"scroll","background-type":"","background-media":"","overlay-type":"","overlay-color":"","overlay-opacity":"","overlay-gradient":""}},"ast-content-background-meta":{"desktop":{"background-color":"var(--ast-global-color-5)","background-image":"","background-repeat":"repeat","background-position":"center center","background-size":"auto","background-attachment":"scroll","background-type":"","background-media":"","overlay-type":"","overlay-color":"","overlay-opacity":"","overlay-gradient":""},"tablet":{"background-color":"var(--ast-global-color-5)","background-image":"","background-repeat":"repeat","background-position":"center center","background-size":"auto","background-attachment":"scroll","background-type":"","background-media":"","overlay-type":"","overlay-color":"","overlay-opacity":"","overlay-gradient":""},"mobile":{"background-color":"var(--ast-global-color-5)","background-image":"","background-repeat":"repeat","background-position":"center center","background-size":"auto","background-attachment":"scroll","background-type":"","background-media":"","overlay-type":"","overlay-color":"","overlay-opacity":"","overlay-gradient":""}},"footnotes":""},"class_list":["post-2686","page","type-page","status-publish","hentry"],"yoast_head":"<!-- This site is optimized with the Yoast SEO plugin v27.3 - https:\/\/yoast.com\/product\/yoast-seo-wordpress\/ -->\n<title>Riferimenti legali - CX Air Dynamics<\/title>\n<meta name=\"description\" content=\"Informazioni legali sul sito web di CX Air Dynamics\" \/>\n<meta name=\"robots\" content=\"index, follow, max-snippet:-1, max-image-preview:large, max-video-preview:-1\" \/>\n<link rel=\"canonical\" href=\"https:\/\/cxairdynamics.com\/it\/riferimenti-legali\/\" \/>\n<meta property=\"og:locale\" content=\"it_IT\" \/>\n<meta property=\"og:type\" content=\"article\" \/>\n<meta property=\"og:title\" content=\"Riferimenti legali - CX Air Dynamics\" \/>\n<meta property=\"og:description\" content=\"Informazioni legali sul sito web di CX Air Dynamics\" \/>\n<meta property=\"og:url\" content=\"https:\/\/cxairdynamics.com\/it\/riferimenti-legali\/\" \/>\n<meta property=\"og:site_name\" content=\"CX Air Dynamics\" \/>\n<meta property=\"article:modified_time\" content=\"2026-02-25T09:35:00+00:00\" \/>\n<meta name=\"twitter:card\" content=\"summary_large_image\" \/>\n<meta name=\"twitter:label1\" content=\"Tempo di lettura stimato\" \/>\n\t<meta name=\"twitter:data1\" content=\"5 minuti\" \/>\n<script type=\"application\/ld+json\" class=\"yoast-schema-graph\">{\"@context\":\"https:\\\/\\\/schema.org\",\"@graph\":[{\"@type\":\"WebPage\",\"@id\":\"https:\\\/\\\/cxairdynamics.com\\\/it\\\/riferimenti-legali\\\/\",\"url\":\"https:\\\/\\\/cxairdynamics.com\\\/it\\\/riferimenti-legali\\\/\",\"name\":\"Riferimenti legali - CX Air Dynamics\",\"isPartOf\":{\"@id\":\"https:\\\/\\\/cxairdynamics.com\\\/it\\\/#website\"},\"datePublished\":\"2021-02-01T16:54:26+00:00\",\"dateModified\":\"2026-02-25T09:35:00+00:00\",\"description\":\"Informazioni legali sul sito web di CX Air Dynamics\",\"breadcrumb\":{\"@id\":\"https:\\\/\\\/cxairdynamics.com\\\/it\\\/riferimenti-legali\\\/#breadcrumb\"},\"inLanguage\":\"it-IT\",\"potentialAction\":[{\"@type\":\"ReadAction\",\"target\":[\"https:\\\/\\\/cxairdynamics.com\\\/it\\\/riferimenti-legali\\\/\"]}]},{\"@type\":\"BreadcrumbList\",\"@id\":\"https:\\\/\\\/cxairdynamics.com\\\/it\\\/riferimenti-legali\\\/#breadcrumb\",\"itemListElement\":[{\"@type\":\"ListItem\",\"position\":1,\"name\":\"Home\",\"item\":\"https:\\\/\\\/cxairdynamics.com\\\/it\\\/\"},{\"@type\":\"ListItem\",\"position\":2,\"name\":\"Riferimenti legali\"}]},{\"@type\":\"WebSite\",\"@id\":\"https:\\\/\\\/cxairdynamics.com\\\/it\\\/#website\",\"url\":\"https:\\\/\\\/cxairdynamics.com\\\/it\\\/\",\"name\":\"CX Air Dynamics\",\"description\":\"\",\"publisher\":{\"@id\":\"https:\\\/\\\/cxairdynamics.com\\\/it\\\/#organization\"},\"potentialAction\":[{\"@type\":\"SearchAction\",\"target\":{\"@type\":\"EntryPoint\",\"urlTemplate\":\"https:\\\/\\\/cxairdynamics.com\\\/it\\\/?s={search_term_string}\"},\"query-input\":{\"@type\":\"PropertyValueSpecification\",\"valueRequired\":true,\"valueName\":\"search_term_string\"}}],\"inLanguage\":\"it-IT\"},{\"@type\":\"Organization\",\"@id\":\"https:\\\/\\\/cxairdynamics.com\\\/it\\\/#organization\",\"name\":\"CX Air Dynamics\",\"url\":\"https:\\\/\\\/cxairdynamics.com\\\/it\\\/\",\"logo\":{\"@type\":\"ImageObject\",\"inLanguage\":\"it-IT\",\"@id\":\"https:\\\/\\\/cxairdynamics.com\\\/it\\\/#\\\/schema\\\/logo\\\/image\\\/\",\"url\":\"\",\"contentUrl\":\"\",\"caption\":\"CX Air Dynamics\"},\"image\":{\"@id\":\"https:\\\/\\\/cxairdynamics.com\\\/it\\\/#\\\/schema\\\/logo\\\/image\\\/\"}}]}<\/script>\n<!-- \/ Yoast SEO plugin. -->","yoast_head_json":{"title":"Riferimenti legali - CX Air Dynamics","description":"Informazioni legali sul sito web di CX Air Dynamics","robots":{"index":"index","follow":"follow","max-snippet":"max-snippet:-1","max-image-preview":"max-image-preview:large","max-video-preview":"max-video-preview:-1"},"canonical":"https:\/\/cxairdynamics.com\/it\/riferimenti-legali\/","og_locale":"it_IT","og_type":"article","og_title":"Riferimenti legali - CX Air Dynamics","og_description":"Informazioni legali sul sito web di CX Air Dynamics","og_url":"https:\/\/cxairdynamics.com\/it\/riferimenti-legali\/","og_site_name":"CX Air Dynamics","article_modified_time":"2026-02-25T09:35:00+00:00","twitter_card":"summary_large_image","twitter_misc":{"Tempo di lettura stimato":"5 minuti"},"schema":{"@context":"https:\/\/schema.org","@graph":[{"@type":"WebPage","@id":"https:\/\/cxairdynamics.com\/it\/riferimenti-legali\/","url":"https:\/\/cxairdynamics.com\/it\/riferimenti-legali\/","name":"Riferimenti legali - CX Air Dynamics","isPartOf":{"@id":"https:\/\/cxairdynamics.com\/it\/#website"},"datePublished":"2021-02-01T16:54:26+00:00","dateModified":"2026-02-25T09:35:00+00:00","description":"Informazioni legali sul sito web di CX Air Dynamics","breadcrumb":{"@id":"https:\/\/cxairdynamics.com\/it\/riferimenti-legali\/#breadcrumb"},"inLanguage":"it-IT","potentialAction":[{"@type":"ReadAction","target":["https:\/\/cxairdynamics.com\/it\/riferimenti-legali\/"]}]},{"@type":"BreadcrumbList","@id":"https:\/\/cxairdynamics.com\/it\/riferimenti-legali\/#breadcrumb","itemListElement":[{"@type":"ListItem","position":1,"name":"Home","item":"https:\/\/cxairdynamics.com\/it\/"},{"@type":"ListItem","position":2,"name":"Riferimenti legali"}]},{"@type":"WebSite","@id":"https:\/\/cxairdynamics.com\/it\/#website","url":"https:\/\/cxairdynamics.com\/it\/","name":"CX Air Dynamics","description":"","publisher":{"@id":"https:\/\/cxairdynamics.com\/it\/#organization"},"potentialAction":[{"@type":"SearchAction","target":{"@type":"EntryPoint","urlTemplate":"https:\/\/cxairdynamics.com\/it\/?s={search_term_string}"},"query-input":{"@type":"PropertyValueSpecification","valueRequired":true,"valueName":"search_term_string"}}],"inLanguage":"it-IT"},{"@type":"Organization","@id":"https:\/\/cxairdynamics.com\/it\/#organization","name":"CX Air Dynamics","url":"https:\/\/cxairdynamics.com\/it\/","logo":{"@type":"ImageObject","inLanguage":"it-IT","@id":"https:\/\/cxairdynamics.com\/it\/#\/schema\/logo\/image\/","url":"","contentUrl":"","caption":"CX Air Dynamics"},"image":{"@id":"https:\/\/cxairdynamics.com\/it\/#\/schema\/logo\/image\/"}}]}},"_links":{"self":[{"href":"https:\/\/cxairdynamics.com\/it\/wp-json\/wp\/v2\/pages\/2686","targetHints":{"allow":["GET"]}}],"collection":[{"href":"https:\/\/cxairdynamics.com\/it\/wp-json\/wp\/v2\/pages"}],"about":[{"href":"https:\/\/cxairdynamics.com\/it\/wp-json\/wp\/v2\/types\/page"}],"author":[{"embeddable":true,"href":"https:\/\/cxairdynamics.com\/it\/wp-json\/wp\/v2\/users\/1"}],"replies":[{"embeddable":true,"href":"https:\/\/cxairdynamics.com\/it\/wp-json\/wp\/v2\/comments?post=2686"}],"version-history":[{"count":3,"href":"https:\/\/cxairdynamics.com\/it\/wp-json\/wp\/v2\/pages\/2686\/revisions"}],"predecessor-version":[{"id":8008,"href":"https:\/\/cxairdynamics.com\/it\/wp-json\/wp\/v2\/pages\/2686\/revisions\/8008"}],"wp:attachment":[{"href":"https:\/\/cxairdynamics.com\/it\/wp-json\/wp\/v2\/media?parent=2686"}],"curies":[{"name":"wp","href":"https:\/\/api.w.org\/{rel}","templated":true}]}}