{"id":2384,"date":"2021-01-25T11:28:03","date_gmt":"2021-01-25T10:28:03","guid":{"rendered":"https:\/\/cxairdynamics.com\/faq\/"},"modified":"2026-02-24T09:16:10","modified_gmt":"2026-02-24T08:16:10","slug":"faq","status":"publish","type":"page","link":"https:\/\/cxairdynamics.com\/it\/faq\/","title":{"rendered":"FAQ"},"content":{"rendered":"\t\t<div data-elementor-type=\"wp-page\" data-elementor-id=\"2384\" class=\"elementor elementor-2384 elementor-175\" data-elementor-post-type=\"page\">\n\t\t\t\t\t\t<section class=\"elementor-section elementor-top-section elementor-element elementor-element-76c78c8 elementor-section-full_width elementor-section-height-default elementor-section-height-default\" data-id=\"76c78c8\" data-element_type=\"section\" data-e-type=\"section\">\n\t\t\t\t\t\t<div class=\"elementor-container elementor-column-gap-default\">\n\t\t\t\t\t<div class=\"elementor-column elementor-col-33 elementor-top-column elementor-element elementor-element-6d947bb col-4-1025\" data-id=\"6d947bb\" data-element_type=\"column\" data-e-type=\"column\">\n\t\t\t<div class=\"elementor-widget-wrap\">\n\t\t\t\t\t\t\t<\/div>\n\t\t<\/div>\n\t\t\t\t<div class=\"elementor-column elementor-col-33 elementor-top-column elementor-element elementor-element-6b4002e col-92-1025\" data-id=\"6b4002e\" data-element_type=\"column\" data-e-type=\"column\">\n\t\t\t<div class=\"elementor-widget-wrap elementor-element-populated\">\n\t\t\t\t\t\t<div class=\"elementor-element elementor-element-bef8184 nomargb elementor-widget elementor-widget-heading\" data-id=\"bef8184\" data-element_type=\"widget\" data-e-type=\"widget\" data-widget_type=\"heading.default\">\n\t\t\t\t<div class=\"elementor-widget-container\">\n\t\t\t\t\t<h1 class=\"elementor-heading-title elementor-size-default\">FAQ<\/h1>\t\t\t\t<\/div>\n\t\t\t\t<\/div>\n\t\t\t\t<div class=\"elementor-element elementor-element-aa70a8e elementor-align-left elementor-widget elementor-widget-breadcrumbs\" data-id=\"aa70a8e\" data-element_type=\"widget\" data-e-type=\"widget\" data-widget_type=\"breadcrumbs.default\">\n\t\t\t\t<div class=\"elementor-widget-container\">\n\t\t\t\t\t<p id=\"breadcrumbs\"><span><span><a href=\"https:\/\/cxairdynamics.com\/it\/\">Home<\/a><\/span><\/span><\/p>\t\t\t\t<\/div>\n\t\t\t\t<\/div>\n\t\t\t\t<div class=\"elementor-element elementor-element-8daaf66 elementor-widget elementor-widget-spacer\" data-id=\"8daaf66\" data-element_type=\"widget\" data-e-type=\"widget\" data-widget_type=\"spacer.default\">\n\t\t\t\t<div class=\"elementor-widget-container\">\n\t\t\t\t\t\t\t<div class=\"elementor-spacer\">\n\t\t\t<div class=\"elementor-spacer-inner\"><\/div>\n\t\t<\/div>\n\t\t\t\t\t\t<\/div>\n\t\t\t\t<\/div>\n\t\t\t\t<section class=\"elementor-section elementor-inner-section elementor-element elementor-element-98713e3 elementor-section-full_width elementor-section-height-default elementor-section-height-default\" data-id=\"98713e3\" data-element_type=\"section\" data-e-type=\"section\">\n\t\t\t\t\t\t<div class=\"elementor-container elementor-column-gap-default\">\n\t\t\t\t\t<div class=\"elementor-column elementor-col-50 elementor-inner-column elementor-element elementor-element-cfe1391\" data-id=\"cfe1391\" data-element_type=\"column\" data-e-type=\"column\">\n\t\t\t<div class=\"elementor-widget-wrap elementor-element-populated\">\n\t\t\t\t\t\t<div class=\"elementor-element elementor-element-8ed598a elementor-widget elementor-widget-toggle\" data-id=\"8ed598a\" data-element_type=\"widget\" data-e-type=\"widget\" data-widget_type=\"toggle.default\">\n\t\t\t\t<div class=\"elementor-widget-container\">\n\t\t\t\t\t\t\t<div class=\"elementor-toggle\">\n\t\t\t\t\t\t\t<div class=\"elementor-toggle-item\">\n\t\t\t\t\t<h3 id=\"elementor-tab-title-1491\" class=\"elementor-tab-title\" data-tab=\"1\" role=\"button\" aria-controls=\"elementor-tab-content-1491\" aria-expanded=\"false\">\n\t\t\t\t\t\t\t\t\t\t\t\t<span class=\"elementor-toggle-icon elementor-toggle-icon-left\" aria-hidden=\"true\">\n\t\t\t\t\t\t\t\t\t\t\t\t\t\t\t<span class=\"elementor-toggle-icon-closed\"><svg xmlns=\"http:\/\/www.w3.org\/2000\/svg\" width=\"16.025\" height=\"11.402\" viewBox=\"0 0 16.025 11.402\"><g id=\"Groupe_99\" data-name=\"Groupe 99\" transform=\"translate(1 1.41)\"><g id=\"Groupe_57\" data-name=\"Groupe 57\" transform=\"translate(14.025) rotate(90)\"><line id=\"Ligne_9\" data-name=\"Ligne 9\" y1=\"13.994\" transform=\"translate(4.214 0.031)\" fill=\"none\" stroke=\"#000\" stroke-linecap=\"round\" stroke-width=\"2\"><\/line><path id=\"Trac&#xE9;_1\" data-name=\"Trac&#xE9; 1\" d=\"M0,3.651,4.226,0,8.583,3.651\" fill=\"none\" stroke=\"#000\" stroke-linecap=\"round\" stroke-linejoin=\"round\" stroke-width=\"2\"><\/path><\/g><\/g><\/svg><\/span>\n\t\t\t\t\t\t\t\t<span class=\"elementor-toggle-icon-opened\"><svg xmlns=\"http:\/\/www.w3.org\/2000\/svg\" width=\"16.025\" height=\"11.402\" viewBox=\"0 0 16.025 11.402\"><g id=\"Groupe_99\" data-name=\"Groupe 99\" transform=\"translate(1 1.41)\"><g id=\"Groupe_57\" data-name=\"Groupe 57\" transform=\"translate(14.025) rotate(90)\"><line id=\"Ligne_9\" data-name=\"Ligne 9\" y1=\"13.994\" transform=\"translate(4.214 0.031)\" fill=\"none\" stroke=\"#000\" stroke-linecap=\"round\" stroke-width=\"2\"><\/line><path id=\"Trac&#xE9;_1\" data-name=\"Trac&#xE9; 1\" d=\"M0,3.651,4.226,0,8.583,3.651\" fill=\"none\" stroke=\"#000\" stroke-linecap=\"round\" stroke-linejoin=\"round\" stroke-width=\"2\"><\/path><\/g><\/g><\/svg><\/span>\n\t\t\t\t\t\t\t\t\t\t\t\t\t<\/span>\n\t\t\t\t\t\t\t\t\t\t\t\t<a class=\"elementor-toggle-title\" tabindex=\"0\">In quanto tempo l\u2019airbag si gonfia e si sgonfia ?<\/a>\n\t\t\t\t\t<\/h3>\n\n\t\t\t\t\t<div id=\"elementor-tab-content-1491\" class=\"elementor-tab-content elementor-clearfix\" data-tab=\"1\" role=\"region\" aria-labelledby=\"elementor-tab-title-1491\"><p>L\u2019airbag si gonfia istantaneamente in meno di 200 millisecondi, in caso di choc. L\u2019airbag si sgonfia completamente tra i 5 e i 7 minuti. Se svitate e togliete la cartuccia, l\u2019airbag si sgonfier\u00e0 pi\u00f9 rapidamente. Potrete anche togliervi il pantalone airbag dopo una caduta, ma fatelo in una zona di sicurezza.<\/p>\n<\/div>\n\t\t\t\t<\/div>\n\t\t\t\t\t\t\t<div class=\"elementor-toggle-item\">\n\t\t\t\t\t<h3 id=\"elementor-tab-title-1492\" class=\"elementor-tab-title\" data-tab=\"2\" role=\"button\" aria-controls=\"elementor-tab-content-1492\" aria-expanded=\"false\">\n\t\t\t\t\t\t\t\t\t\t\t\t<span class=\"elementor-toggle-icon elementor-toggle-icon-left\" aria-hidden=\"true\">\n\t\t\t\t\t\t\t\t\t\t\t\t\t\t\t<span class=\"elementor-toggle-icon-closed\"><svg xmlns=\"http:\/\/www.w3.org\/2000\/svg\" width=\"16.025\" height=\"11.402\" viewBox=\"0 0 16.025 11.402\"><g id=\"Groupe_99\" data-name=\"Groupe 99\" transform=\"translate(1 1.41)\"><g id=\"Groupe_57\" data-name=\"Groupe 57\" transform=\"translate(14.025) rotate(90)\"><line id=\"Ligne_9\" data-name=\"Ligne 9\" y1=\"13.994\" transform=\"translate(4.214 0.031)\" fill=\"none\" stroke=\"#000\" stroke-linecap=\"round\" stroke-width=\"2\"><\/line><path id=\"Trac&#xE9;_1\" data-name=\"Trac&#xE9; 1\" d=\"M0,3.651,4.226,0,8.583,3.651\" fill=\"none\" stroke=\"#000\" stroke-linecap=\"round\" stroke-linejoin=\"round\" stroke-width=\"2\"><\/path><\/g><\/g><\/svg><\/span>\n\t\t\t\t\t\t\t\t<span class=\"elementor-toggle-icon-opened\"><svg xmlns=\"http:\/\/www.w3.org\/2000\/svg\" width=\"16.025\" height=\"11.402\" viewBox=\"0 0 16.025 11.402\"><g id=\"Groupe_99\" data-name=\"Groupe 99\" transform=\"translate(1 1.41)\"><g id=\"Groupe_57\" data-name=\"Groupe 57\" transform=\"translate(14.025) rotate(90)\"><line id=\"Ligne_9\" data-name=\"Ligne 9\" y1=\"13.994\" transform=\"translate(4.214 0.031)\" fill=\"none\" stroke=\"#000\" stroke-linecap=\"round\" stroke-width=\"2\"><\/line><path id=\"Trac&#xE9;_1\" data-name=\"Trac&#xE9; 1\" d=\"M0,3.651,4.226,0,8.583,3.651\" fill=\"none\" stroke=\"#000\" stroke-linecap=\"round\" stroke-linejoin=\"round\" stroke-width=\"2\"><\/path><\/g><\/g><\/svg><\/span>\n\t\t\t\t\t\t\t\t\t\t\t\t\t<\/span>\n\t\t\t\t\t\t\t\t\t\t\t\t<a class=\"elementor-toggle-title\" tabindex=\"0\">Quanto dura una cartuccia di CO2 ?<\/a>\n\t\t\t\t\t<\/h3>\n\n\t\t\t\t\t<div id=\"elementor-tab-content-1492\" class=\"elementor-tab-content elementor-clearfix\" data-tab=\"2\" role=\"region\" aria-labelledby=\"elementor-tab-title-1492\"><p>Una cartuccia integra e non utilizzata \u00e8 garantita 10 anni. Tuttavia, per precauzione \u00e8 consigliabile pesarla una volta per anno. Per fare ci\u00f2 distaccare la cartuccia e verificate il suo peso. Se si \u00e8 abbassato significativamente o se ci sono deterioramenti, provvedete alla sua sostituzione.<\/p>\n<p>Una volta utilizzata, la cartuccia deve essere sostituita da una cartuccia nuova della stessa capacit\u00e0.<\/p>\n<\/div>\n\t\t\t\t<\/div>\n\t\t\t\t\t\t\t<div class=\"elementor-toggle-item\">\n\t\t\t\t\t<h3 id=\"elementor-tab-title-1493\" class=\"elementor-tab-title\" data-tab=\"3\" role=\"button\" aria-controls=\"elementor-tab-content-1493\" aria-expanded=\"false\">\n\t\t\t\t\t\t\t\t\t\t\t\t<span class=\"elementor-toggle-icon elementor-toggle-icon-left\" aria-hidden=\"true\">\n\t\t\t\t\t\t\t\t\t\t\t\t\t\t\t<span class=\"elementor-toggle-icon-closed\"><svg xmlns=\"http:\/\/www.w3.org\/2000\/svg\" width=\"16.025\" height=\"11.402\" viewBox=\"0 0 16.025 11.402\"><g id=\"Groupe_99\" data-name=\"Groupe 99\" transform=\"translate(1 1.41)\"><g id=\"Groupe_57\" data-name=\"Groupe 57\" transform=\"translate(14.025) rotate(90)\"><line id=\"Ligne_9\" data-name=\"Ligne 9\" y1=\"13.994\" transform=\"translate(4.214 0.031)\" fill=\"none\" stroke=\"#000\" stroke-linecap=\"round\" stroke-width=\"2\"><\/line><path id=\"Trac&#xE9;_1\" data-name=\"Trac&#xE9; 1\" d=\"M0,3.651,4.226,0,8.583,3.651\" fill=\"none\" stroke=\"#000\" stroke-linecap=\"round\" stroke-linejoin=\"round\" stroke-width=\"2\"><\/path><\/g><\/g><\/svg><\/span>\n\t\t\t\t\t\t\t\t<span class=\"elementor-toggle-icon-opened\"><svg xmlns=\"http:\/\/www.w3.org\/2000\/svg\" width=\"16.025\" height=\"11.402\" viewBox=\"0 0 16.025 11.402\"><g id=\"Groupe_99\" data-name=\"Groupe 99\" transform=\"translate(1 1.41)\"><g id=\"Groupe_57\" data-name=\"Groupe 57\" transform=\"translate(14.025) rotate(90)\"><line id=\"Ligne_9\" data-name=\"Ligne 9\" y1=\"13.994\" transform=\"translate(4.214 0.031)\" fill=\"none\" stroke=\"#000\" stroke-linecap=\"round\" stroke-width=\"2\"><\/line><path id=\"Trac&#xE9;_1\" data-name=\"Trac&#xE9; 1\" d=\"M0,3.651,4.226,0,8.583,3.651\" fill=\"none\" stroke=\"#000\" stroke-linecap=\"round\" stroke-linejoin=\"round\" stroke-width=\"2\"><\/path><\/g><\/g><\/svg><\/span>\n\t\t\t\t\t\t\t\t\t\t\t\t\t<\/span>\n\t\t\t\t\t\t\t\t\t\t\t\t<a class=\"elementor-toggle-title\" tabindex=\"0\">Come procedere alla verifica annuale del vostro airbag ?<\/a>\n\t\t\t\t\t<\/h3>\n\n\t\t\t\t\t<div id=\"elementor-tab-content-1493\" class=\"elementor-tab-content elementor-clearfix\" data-tab=\"3\" role=\"region\" aria-labelledby=\"elementor-tab-title-1493\"><p>Per garantire il buon funzionamento del vostro airbag, \u00e8 fortemente consigliata una verifica annuale:<\/p>\n<ol>\n<li>Togliete la cartuccia di CO2 e verificatene il peso per assicurarsi che il gas non sia fuoriuscito.<\/li>\n<li>Aprite il sistema di attivazione (con l\u2019aiuto di una chiave Allen), pulite i componenti con un panno, verificate che non vi siano deterioramenti o presenza di ruggine.<\/li>\n<\/ol>\n<\/div>\n\t\t\t\t<\/div>\n\t\t\t\t\t\t\t\t<\/div>\n\t\t\t\t\t\t<\/div>\n\t\t\t\t<\/div>\n\t\t\t\t\t<\/div>\n\t\t<\/div>\n\t\t\t\t<div class=\"elementor-column elementor-col-50 elementor-inner-column elementor-element elementor-element-73e5964\" data-id=\"73e5964\" data-element_type=\"column\" data-e-type=\"column\">\n\t\t\t<div class=\"elementor-widget-wrap elementor-element-populated\">\n\t\t\t\t\t\t<div class=\"elementor-element elementor-element-c19f8d9 elementor-widget elementor-widget-toggle\" data-id=\"c19f8d9\" data-element_type=\"widget\" data-e-type=\"widget\" data-widget_type=\"toggle.default\">\n\t\t\t\t<div class=\"elementor-widget-container\">\n\t\t\t\t\t\t\t<div class=\"elementor-toggle\">\n\t\t\t\t\t\t\t<div class=\"elementor-toggle-item\">\n\t\t\t\t\t<h3 id=\"elementor-tab-title-2031\" class=\"elementor-tab-title\" data-tab=\"1\" role=\"button\" aria-controls=\"elementor-tab-content-2031\" aria-expanded=\"false\">\n\t\t\t\t\t\t\t\t\t\t\t\t<span class=\"elementor-toggle-icon elementor-toggle-icon-left\" aria-hidden=\"true\">\n\t\t\t\t\t\t\t\t\t\t\t\t\t\t\t<span class=\"elementor-toggle-icon-closed\"><svg xmlns=\"http:\/\/www.w3.org\/2000\/svg\" width=\"16.025\" height=\"11.402\" viewBox=\"0 0 16.025 11.402\"><g id=\"Groupe_99\" data-name=\"Groupe 99\" transform=\"translate(1 1.41)\"><g id=\"Groupe_57\" data-name=\"Groupe 57\" transform=\"translate(14.025) rotate(90)\"><line id=\"Ligne_9\" data-name=\"Ligne 9\" y1=\"13.994\" transform=\"translate(4.214 0.031)\" fill=\"none\" stroke=\"#000\" stroke-linecap=\"round\" stroke-width=\"2\"><\/line><path id=\"Trac&#xE9;_1\" data-name=\"Trac&#xE9; 1\" d=\"M0,3.651,4.226,0,8.583,3.651\" fill=\"none\" stroke=\"#000\" stroke-linecap=\"round\" stroke-linejoin=\"round\" stroke-width=\"2\"><\/path><\/g><\/g><\/svg><\/span>\n\t\t\t\t\t\t\t\t<span class=\"elementor-toggle-icon-opened\"><svg xmlns=\"http:\/\/www.w3.org\/2000\/svg\" width=\"16.025\" height=\"11.402\" viewBox=\"0 0 16.025 11.402\"><g id=\"Groupe_99\" data-name=\"Groupe 99\" transform=\"translate(1 1.41)\"><g id=\"Groupe_57\" data-name=\"Groupe 57\" transform=\"translate(14.025) rotate(90)\"><line id=\"Ligne_9\" data-name=\"Ligne 9\" y1=\"13.994\" transform=\"translate(4.214 0.031)\" fill=\"none\" stroke=\"#000\" stroke-linecap=\"round\" stroke-width=\"2\"><\/line><path id=\"Trac&#xE9;_1\" data-name=\"Trac&#xE9; 1\" d=\"M0,3.651,4.226,0,8.583,3.651\" fill=\"none\" stroke=\"#000\" stroke-linecap=\"round\" stroke-linejoin=\"round\" stroke-width=\"2\"><\/path><\/g><\/g><\/svg><\/span>\n\t\t\t\t\t\t\t\t\t\t\t\t\t<\/span>\n\t\t\t\t\t\t\t\t\t\t\t\t<a class=\"elementor-toggle-title\" tabindex=\"0\">Si pu\u00f2 viaggiare o muoversi quando l\u2019airbag \u00e8 gonfiato ? <\/a>\n\t\t\t\t\t<\/h3>\n\n\t\t\t\t\t<div id=\"elementor-tab-content-2031\" class=\"elementor-tab-content elementor-clearfix\" data-tab=\"1\" role=\"region\" aria-labelledby=\"elementor-tab-title-2031\"><p>Si, potete rialzarvi e muovervi, perch\u00e9 le vostre gambe saranno libere nel movimento.<\/p>\n<\/div>\n\t\t\t\t<\/div>\n\t\t\t\t\t\t\t\t<\/div>\n\t\t\t\t\t\t<\/div>\n\t\t\t\t<\/div>\n\t\t\t\t\t<\/div>\n\t\t<\/div>\n\t\t\t\t\t<\/div>\n\t\t<\/section>\n\t\t\t\t\t<\/div>\n\t\t<\/div>\n\t\t\t\t<div class=\"elementor-column elementor-col-33 elementor-top-column elementor-element elementor-element-ae9199d col-4-1025\" data-id=\"ae9199d\" data-element_type=\"column\" data-e-type=\"column\">\n\t\t\t<div class=\"elementor-widget-wrap\">\n\t\t\t\t\t\t\t<\/div>\n\t\t<\/div>\n\t\t\t\t\t<\/div>\n\t\t<\/section>\n\t\t\t\t<\/div>\n\t\t","protected":false},"excerpt":{"rendered":"<p>FAQ In quanto tempo l\u2019airbag si gonfia e si sgonfia ? L\u2019airbag si gonfia istantaneamente in meno di 200 millisecondi, in caso di choc. L\u2019airbag si sgonfia completamente tra i 5 e i 7 minuti. Se svitate e togliete la cartuccia, l\u2019airbag si sgonfier\u00e0 pi\u00f9 rapidamente. Potrete anche togliervi il pantalone airbag dopo una caduta, [&hellip;]<\/p>\n","protected":false},"author":1,"featured_media":0,"parent":0,"menu_order":5,"comment_status":"closed","ping_status":"closed","template":"","meta":{"site-sidebar-layout":"no-sidebar","site-content-layout":"page-builder","ast-site-content-layout":"default","site-content-style":"default","site-sidebar-style":"default","ast-global-header-display":"","ast-banner-title-visibility":"","ast-main-header-display":"","ast-hfb-above-header-display":"","ast-hfb-below-header-display":"","ast-hfb-mobile-header-display":"","site-post-title":"disabled","ast-breadcrumbs-content":"","ast-featured-img":"disabled","footer-sml-layout":"","ast-disable-related-posts":"","theme-transparent-header-meta":"default","adv-header-id-meta":"","stick-header-meta":"","header-above-stick-meta":"","header-main-stick-meta":"","header-below-stick-meta":"","astra-migrate-meta-layouts":"default","ast-page-background-enabled":"default","ast-page-background-meta":{"desktop":{"background-color":"","background-image":"","background-repeat":"repeat","background-position":"center center","background-size":"auto","background-attachment":"scroll","background-type":"","background-media":"","overlay-type":"","overlay-color":"","overlay-opacity":"","overlay-gradient":""},"tablet":{"background-color":"","background-image":"","background-repeat":"repeat","background-position":"center center","background-size":"auto","background-attachment":"scroll","background-type":"","background-media":"","overlay-type":"","overlay-color":"","overlay-opacity":"","overlay-gradient":""},"mobile":{"background-color":"","background-image":"","background-repeat":"repeat","background-position":"center center","background-size":"auto","background-attachment":"scroll","background-type":"","background-media":"","overlay-type":"","overlay-color":"","overlay-opacity":"","overlay-gradient":""}},"ast-content-background-meta":{"desktop":{"background-color":"var(--ast-global-color-5)","background-image":"","background-repeat":"repeat","background-position":"center center","background-size":"auto","background-attachment":"scroll","background-type":"","background-media":"","overlay-type":"","overlay-color":"","overlay-opacity":"","overlay-gradient":""},"tablet":{"background-color":"var(--ast-global-color-5)","background-image":"","background-repeat":"repeat","background-position":"center center","background-size":"auto","background-attachment":"scroll","background-type":"","background-media":"","overlay-type":"","overlay-color":"","overlay-opacity":"","overlay-gradient":""},"mobile":{"background-color":"var(--ast-global-color-5)","background-image":"","background-repeat":"repeat","background-position":"center center","background-size":"auto","background-attachment":"scroll","background-type":"","background-media":"","overlay-type":"","overlay-color":"","overlay-opacity":"","overlay-gradient":""}},"footnotes":""},"class_list":["post-2384","page","type-page","status-publish","hentry"],"yoast_head":"<!-- This site is optimized with the Yoast SEO plugin v27.3 - https:\/\/yoast.com\/product\/yoast-seo-wordpress\/ -->\n<title>FAQ - CX Air Dynamics<\/title>\n<meta name=\"description\" content=\"Risposte a tutte le vostre domande sui pantaloni airbag CX Air Dynamics\" \/>\n<meta name=\"robots\" content=\"index, follow, max-snippet:-1, max-image-preview:large, max-video-preview:-1\" \/>\n<link rel=\"canonical\" href=\"https:\/\/cxairdynamics.com\/it\/faq\/\" \/>\n<meta property=\"og:locale\" content=\"it_IT\" \/>\n<meta property=\"og:type\" content=\"article\" \/>\n<meta property=\"og:title\" content=\"FAQ - CX Air Dynamics\" \/>\n<meta property=\"og:description\" content=\"Risposte a tutte le vostre domande sui pantaloni airbag CX Air Dynamics\" \/>\n<meta property=\"og:url\" content=\"https:\/\/cxairdynamics.com\/it\/faq\/\" \/>\n<meta property=\"og:site_name\" content=\"CX Air Dynamics\" \/>\n<meta property=\"article:modified_time\" content=\"2026-02-24T08:16:10+00:00\" \/>\n<meta name=\"twitter:card\" content=\"summary_large_image\" \/>\n<meta name=\"twitter:label1\" content=\"Tempo di lettura stimato\" \/>\n\t<meta name=\"twitter:data1\" content=\"1 minuto\" \/>\n<script type=\"application\/ld+json\" class=\"yoast-schema-graph\">{\"@context\":\"https:\\\/\\\/schema.org\",\"@graph\":[{\"@type\":\"WebPage\",\"@id\":\"https:\\\/\\\/cxairdynamics.com\\\/it\\\/faq\\\/\",\"url\":\"https:\\\/\\\/cxairdynamics.com\\\/it\\\/faq\\\/\",\"name\":\"FAQ - CX Air Dynamics\",\"isPartOf\":{\"@id\":\"https:\\\/\\\/cxairdynamics.com\\\/it\\\/#website\"},\"datePublished\":\"2021-01-25T10:28:03+00:00\",\"dateModified\":\"2026-02-24T08:16:10+00:00\",\"description\":\"Risposte a tutte le vostre domande sui pantaloni airbag CX Air Dynamics\",\"breadcrumb\":{\"@id\":\"https:\\\/\\\/cxairdynamics.com\\\/it\\\/faq\\\/#breadcrumb\"},\"inLanguage\":\"it-IT\",\"potentialAction\":[{\"@type\":\"ReadAction\",\"target\":[\"https:\\\/\\\/cxairdynamics.com\\\/it\\\/faq\\\/\"]}]},{\"@type\":\"BreadcrumbList\",\"@id\":\"https:\\\/\\\/cxairdynamics.com\\\/it\\\/faq\\\/#breadcrumb\",\"itemListElement\":[{\"@type\":\"ListItem\",\"position\":1,\"name\":\"Home\",\"item\":\"https:\\\/\\\/cxairdynamics.com\\\/it\\\/\"},{\"@type\":\"ListItem\",\"position\":2,\"name\":\"FAQ\"}]},{\"@type\":\"WebSite\",\"@id\":\"https:\\\/\\\/cxairdynamics.com\\\/it\\\/#website\",\"url\":\"https:\\\/\\\/cxairdynamics.com\\\/it\\\/\",\"name\":\"CX Air Dynamics\",\"description\":\"\",\"publisher\":{\"@id\":\"https:\\\/\\\/cxairdynamics.com\\\/it\\\/#organization\"},\"potentialAction\":[{\"@type\":\"SearchAction\",\"target\":{\"@type\":\"EntryPoint\",\"urlTemplate\":\"https:\\\/\\\/cxairdynamics.com\\\/it\\\/?s={search_term_string}\"},\"query-input\":{\"@type\":\"PropertyValueSpecification\",\"valueRequired\":true,\"valueName\":\"search_term_string\"}}],\"inLanguage\":\"it-IT\"},{\"@type\":\"Organization\",\"@id\":\"https:\\\/\\\/cxairdynamics.com\\\/it\\\/#organization\",\"name\":\"CX Air Dynamics\",\"url\":\"https:\\\/\\\/cxairdynamics.com\\\/it\\\/\",\"logo\":{\"@type\":\"ImageObject\",\"inLanguage\":\"it-IT\",\"@id\":\"https:\\\/\\\/cxairdynamics.com\\\/it\\\/#\\\/schema\\\/logo\\\/image\\\/\",\"url\":\"\",\"contentUrl\":\"\",\"caption\":\"CX Air Dynamics\"},\"image\":{\"@id\":\"https:\\\/\\\/cxairdynamics.com\\\/it\\\/#\\\/schema\\\/logo\\\/image\\\/\"}}]}<\/script>\n<!-- \/ Yoast SEO plugin. -->","yoast_head_json":{"title":"FAQ - CX Air Dynamics","description":"Risposte a tutte le vostre domande sui pantaloni airbag CX Air Dynamics","robots":{"index":"index","follow":"follow","max-snippet":"max-snippet:-1","max-image-preview":"max-image-preview:large","max-video-preview":"max-video-preview:-1"},"canonical":"https:\/\/cxairdynamics.com\/it\/faq\/","og_locale":"it_IT","og_type":"article","og_title":"FAQ - CX Air Dynamics","og_description":"Risposte a tutte le vostre domande sui pantaloni airbag CX Air Dynamics","og_url":"https:\/\/cxairdynamics.com\/it\/faq\/","og_site_name":"CX Air Dynamics","article_modified_time":"2026-02-24T08:16:10+00:00","twitter_card":"summary_large_image","twitter_misc":{"Tempo di lettura stimato":"1 minuto"},"schema":{"@context":"https:\/\/schema.org","@graph":[{"@type":"WebPage","@id":"https:\/\/cxairdynamics.com\/it\/faq\/","url":"https:\/\/cxairdynamics.com\/it\/faq\/","name":"FAQ - CX Air Dynamics","isPartOf":{"@id":"https:\/\/cxairdynamics.com\/it\/#website"},"datePublished":"2021-01-25T10:28:03+00:00","dateModified":"2026-02-24T08:16:10+00:00","description":"Risposte a tutte le vostre domande sui pantaloni airbag CX Air Dynamics","breadcrumb":{"@id":"https:\/\/cxairdynamics.com\/it\/faq\/#breadcrumb"},"inLanguage":"it-IT","potentialAction":[{"@type":"ReadAction","target":["https:\/\/cxairdynamics.com\/it\/faq\/"]}]},{"@type":"BreadcrumbList","@id":"https:\/\/cxairdynamics.com\/it\/faq\/#breadcrumb","itemListElement":[{"@type":"ListItem","position":1,"name":"Home","item":"https:\/\/cxairdynamics.com\/it\/"},{"@type":"ListItem","position":2,"name":"FAQ"}]},{"@type":"WebSite","@id":"https:\/\/cxairdynamics.com\/it\/#website","url":"https:\/\/cxairdynamics.com\/it\/","name":"CX Air Dynamics","description":"","publisher":{"@id":"https:\/\/cxairdynamics.com\/it\/#organization"},"potentialAction":[{"@type":"SearchAction","target":{"@type":"EntryPoint","urlTemplate":"https:\/\/cxairdynamics.com\/it\/?s={search_term_string}"},"query-input":{"@type":"PropertyValueSpecification","valueRequired":true,"valueName":"search_term_string"}}],"inLanguage":"it-IT"},{"@type":"Organization","@id":"https:\/\/cxairdynamics.com\/it\/#organization","name":"CX Air Dynamics","url":"https:\/\/cxairdynamics.com\/it\/","logo":{"@type":"ImageObject","inLanguage":"it-IT","@id":"https:\/\/cxairdynamics.com\/it\/#\/schema\/logo\/image\/","url":"","contentUrl":"","caption":"CX Air Dynamics"},"image":{"@id":"https:\/\/cxairdynamics.com\/it\/#\/schema\/logo\/image\/"}}]}},"_links":{"self":[{"href":"https:\/\/cxairdynamics.com\/it\/wp-json\/wp\/v2\/pages\/2384","targetHints":{"allow":["GET"]}}],"collection":[{"href":"https:\/\/cxairdynamics.com\/it\/wp-json\/wp\/v2\/pages"}],"about":[{"href":"https:\/\/cxairdynamics.com\/it\/wp-json\/wp\/v2\/types\/page"}],"author":[{"embeddable":true,"href":"https:\/\/cxairdynamics.com\/it\/wp-json\/wp\/v2\/users\/1"}],"replies":[{"embeddable":true,"href":"https:\/\/cxairdynamics.com\/it\/wp-json\/wp\/v2\/comments?post=2384"}],"version-history":[{"count":3,"href":"https:\/\/cxairdynamics.com\/it\/wp-json\/wp\/v2\/pages\/2384\/revisions"}],"predecessor-version":[{"id":7925,"href":"https:\/\/cxairdynamics.com\/it\/wp-json\/wp\/v2\/pages\/2384\/revisions\/7925"}],"wp:attachment":[{"href":"https:\/\/cxairdynamics.com\/it\/wp-json\/wp\/v2\/media?parent=2384"}],"curies":[{"name":"wp","href":"https:\/\/api.w.org\/{rel}","templated":true}]}}