{"id":3648,"date":"2022-01-10T09:00:51","date_gmt":"2022-01-10T08:00:51","guid":{"rendered":"https:\/\/cxairdynamics.com\/?post_type=product&#038;p=3648"},"modified":"2024-10-08T10:55:54","modified_gmt":"2024-10-08T08:55:54","slug":"cartuchos-paquete","status":"publish","type":"product","link":"https:\/\/cxairdynamics.com\/es\/produit\/cartuchos-paquete\/","title":{"rendered":"Pack de 3 cartuchos"},"content":{"rendered":"\t\t<div data-elementor-type=\"product-post\" data-elementor-id=\"3648\" class=\"elementor elementor-3648 elementor-3646\" data-elementor-post-type=\"product\">\n\t\t\t\t\t\t<section class=\"elementor-section elementor-top-section elementor-element elementor-element-52c3f26 elementor-section-boxed elementor-section-height-default elementor-section-height-default\" data-id=\"52c3f26\" data-element_type=\"section\" data-e-type=\"section\">\n\t\t\t\t\t\t<div class=\"elementor-container elementor-column-gap-default\">\n\t\t\t\t\t<div class=\"elementor-column elementor-col-100 elementor-top-column elementor-element elementor-element-021d48b\" data-id=\"021d48b\" data-element_type=\"column\" data-e-type=\"column\">\n\t\t\t<div class=\"elementor-widget-wrap elementor-element-populated\">\n\t\t\t\t\t\t<div class=\"elementor-element elementor-element-eafd5b7 elementor-widget elementor-widget-text-editor\" data-id=\"eafd5b7\" data-element_type=\"widget\" data-e-type=\"widget\" data-widget_type=\"text-editor.default\">\n\t\t\t\t<div class=\"elementor-widget-container\">\n\t\t\t\t\t\t\t\t\t<p>El cartucho de CO2 de tama\u00f1o 50CC para 38GR est\u00e1 dise\u00f1ado para permitir una protecci\u00f3n eficaz del volumen a inflar en el airbag.<\/p>\n<p>El cartucho es f\u00e1cilmente reemplazable.<\/p>\n<p>F\u00e1cil de usar, en caso de ca\u00edda, todo lo que tiene que hacer es reemplazar el cartucho vac\u00edo por uno nuevo y restablecer el gatillo.<\/p>\n\t\t\t\t\t\t\t\t<\/div>\n\t\t\t\t<\/div>\n\t\t\t\t\t<\/div>\n\t\t<\/div>\n\t\t\t\t\t<\/div>\n\t\t<\/section>\n\t\t\t\t<\/div>\n\t\t","protected":false},"excerpt":{"rendered":"<p>El cartucho de CO2 de tama\u00f1o 50CC para 38GR est\u00e1 dise\u00f1ado para permitir una protecci\u00f3n eficaz del volumen a inflar en el airbag.<\/p>\n<p>Este pack de 3 cartuchos permite recargar el pantal\u00f3n despu\u00e9s del disparo siempre y cuando no haya habido golpes ni da\u00f1os en el airbag.<\/p>\n","protected":false},"featured_media":5365,"template":"","meta":{"site-sidebar-layout":"no-sidebar","site-content-layout":"page-builder","ast-site-content-layout":"full-width-container","site-content-style":"unboxed","site-sidebar-style":"unboxed","ast-global-header-display":"","ast-banner-title-visibility":"","ast-main-header-display":"","ast-hfb-above-header-display":"","ast-hfb-below-header-display":"","ast-hfb-mobile-header-display":"","site-post-title":"disabled","ast-breadcrumbs-content":"","ast-featured-img":"disabled","footer-sml-layout":"","ast-disable-related-posts":"","theme-transparent-header-meta":"default","adv-header-id-meta":"","stick-header-meta":"","header-above-stick-meta":"","header-main-stick-meta":"","header-below-stick-meta":"","astra-migrate-meta-layouts":"set","ast-page-background-enabled":"default","ast-page-background-meta":{"desktop":{"background-color":"","background-image":"","background-repeat":"repeat","background-position":"center center","background-size":"auto","background-attachment":"scroll","background-type":"","background-media":"","overlay-type":"","overlay-color":"","overlay-opacity":"","overlay-gradient":""},"tablet":{"background-color":"","background-image":"","background-repeat":"repeat","background-position":"center center","background-size":"auto","background-attachment":"scroll","background-type":"","background-media":"","overlay-type":"","overlay-color":"","overlay-opacity":"","overlay-gradient":""},"mobile":{"background-color":"","background-image":"","background-repeat":"repeat","background-position":"center center","background-size":"auto","background-attachment":"scroll","background-type":"","background-media":"","overlay-type":"","overlay-color":"","overlay-opacity":"","overlay-gradient":""}},"ast-content-background-meta":{"desktop":{"background-color":"var(--ast-global-color-5)","background-image":"","background-repeat":"repeat","background-position":"center center","background-size":"auto","background-attachment":"scroll","background-type":"","background-media":"","overlay-type":"","overlay-color":"","overlay-opacity":"","overlay-gradient":""},"tablet":{"background-color":"var(--ast-global-color-5)","background-image":"","background-repeat":"repeat","background-position":"center center","background-size":"auto","background-attachment":"scroll","background-type":"","background-media":"","overlay-type":"","overlay-color":"","overlay-opacity":"","overlay-gradient":""},"mobile":{"background-color":"var(--ast-global-color-5)","background-image":"","background-repeat":"repeat","background-position":"center center","background-size":"auto","background-attachment":"scroll","background-type":"","background-media":"","overlay-type":"","overlay-color":"","overlay-opacity":"","overlay-gradient":""}}},"product_brand":[],"product_cat":[82],"product_tag":[],"class_list":{"0":"post-3648","1":"product","2":"type-product","3":"status-publish","4":"has-post-thumbnail","6":"product_cat-accesorios","7":"desktop-align-left","8":"tablet-align-left","9":"mobile-align-left","11":"first","12":"instock","13":"taxable","14":"shipping-taxable","15":"purchasable","16":"product-type-simple"},"yoast_head":"<!-- This site is optimized with the Yoast SEO plugin v27.3 - https:\/\/yoast.com\/product\/yoast-seo-wordpress\/ -->\n<title>Pack de 3 cartuchos - CX Air Dynamics<\/title>\n<meta name=\"description\" content=\"Este pack de 3 cartuchos permite recargar el pantal\u00f3n despu\u00e9s del disparo siempre y cuando no haya habido golpes ni da\u00f1os en el airbag.\" \/>\n<meta name=\"robots\" content=\"index, follow, max-snippet:-1, max-image-preview:large, max-video-preview:-1\" \/>\n<link rel=\"canonical\" href=\"https:\/\/cxairdynamics.com\/es\/produit\/cartuchos-paquete\/\" \/>\n<meta property=\"og:locale\" content=\"es_ES\" \/>\n<meta property=\"og:type\" content=\"article\" \/>\n<meta property=\"og:title\" content=\"Pack de 3 cartuchos - CX Air Dynamics\" \/>\n<meta property=\"og:description\" content=\"Este pack de 3 cartuchos permite recargar el pantal\u00f3n despu\u00e9s del disparo siempre y cuando no haya habido golpes ni da\u00f1os en el airbag.\" \/>\n<meta property=\"og:url\" content=\"https:\/\/cxairdynamics.com\/es\/produit\/cartuchos-paquete\/\" \/>\n<meta property=\"og:site_name\" content=\"CX Air Dynamics\" \/>\n<meta property=\"article:modified_time\" content=\"2024-10-08T08:55:54+00:00\" \/>\n<meta property=\"og:image\" content=\"https:\/\/cxairdynamics.com\/wp-content\/uploads\/2022\/01\/pack-3-cartouches-1.jpg\" \/>\n\t<meta property=\"og:image:width\" content=\"722\" \/>\n\t<meta property=\"og:image:height\" content=\"619\" \/>\n\t<meta property=\"og:image:type\" content=\"image\/jpeg\" \/>\n<meta name=\"twitter:card\" content=\"summary_large_image\" \/>\n<script type=\"application\/ld+json\" class=\"yoast-schema-graph\">{\"@context\":\"https:\\\/\\\/schema.org\",\"@graph\":[{\"@type\":\"WebPage\",\"@id\":\"https:\\\/\\\/cxairdynamics.com\\\/es\\\/produit\\\/cartuchos-paquete\\\/\",\"url\":\"https:\\\/\\\/cxairdynamics.com\\\/es\\\/produit\\\/cartuchos-paquete\\\/\",\"name\":\"Pack de 3 cartuchos - CX Air Dynamics\",\"isPartOf\":{\"@id\":\"https:\\\/\\\/cxairdynamics.com\\\/es\\\/#website\"},\"primaryImageOfPage\":{\"@id\":\"https:\\\/\\\/cxairdynamics.com\\\/es\\\/produit\\\/cartuchos-paquete\\\/#primaryimage\"},\"image\":{\"@id\":\"https:\\\/\\\/cxairdynamics.com\\\/es\\\/produit\\\/cartuchos-paquete\\\/#primaryimage\"},\"thumbnailUrl\":\"https:\\\/\\\/cxairdynamics.com\\\/wp-content\\\/uploads\\\/2022\\\/01\\\/pack-3-cartouches-1.jpg\",\"datePublished\":\"2022-01-10T08:00:51+00:00\",\"dateModified\":\"2024-10-08T08:55:54+00:00\",\"description\":\"Este pack de 3 cartuchos permite recargar el pantal\u00f3n despu\u00e9s del disparo siempre y cuando no haya habido golpes ni da\u00f1os en el airbag.\",\"breadcrumb\":{\"@id\":\"https:\\\/\\\/cxairdynamics.com\\\/es\\\/produit\\\/cartuchos-paquete\\\/#breadcrumb\"},\"inLanguage\":\"es\",\"potentialAction\":[{\"@type\":\"ReadAction\",\"target\":[\"https:\\\/\\\/cxairdynamics.com\\\/es\\\/produit\\\/cartuchos-paquete\\\/\"]}]},{\"@type\":\"ImageObject\",\"inLanguage\":\"es\",\"@id\":\"https:\\\/\\\/cxairdynamics.com\\\/es\\\/produit\\\/cartuchos-paquete\\\/#primaryimage\",\"url\":\"https:\\\/\\\/cxairdynamics.com\\\/wp-content\\\/uploads\\\/2022\\\/01\\\/pack-3-cartouches-1.jpg\",\"contentUrl\":\"https:\\\/\\\/cxairdynamics.com\\\/wp-content\\\/uploads\\\/2022\\\/01\\\/pack-3-cartouches-1.jpg\",\"width\":722,\"height\":619},{\"@type\":\"BreadcrumbList\",\"@id\":\"https:\\\/\\\/cxairdynamics.com\\\/es\\\/produit\\\/cartuchos-paquete\\\/#breadcrumb\",\"itemListElement\":[{\"@type\":\"ListItem\",\"position\":1,\"name\":\"Inicio\",\"item\":\"https:\\\/\\\/cxairdynamics.com\\\/es\\\/\"},{\"@type\":\"ListItem\",\"position\":2,\"name\":\"Boutique\",\"item\":\"https:\\\/\\\/cxairdynamics.com\\\/?page_id=10\"},{\"@type\":\"ListItem\",\"position\":3,\"name\":\"Pack de 3 cartuchos\"}]},{\"@type\":\"WebSite\",\"@id\":\"https:\\\/\\\/cxairdynamics.com\\\/es\\\/#website\",\"url\":\"https:\\\/\\\/cxairdynamics.com\\\/es\\\/\",\"name\":\"CX Air Dynamics\",\"description\":\"\",\"publisher\":{\"@id\":\"https:\\\/\\\/cxairdynamics.com\\\/es\\\/#organization\"},\"potentialAction\":[{\"@type\":\"SearchAction\",\"target\":{\"@type\":\"EntryPoint\",\"urlTemplate\":\"https:\\\/\\\/cxairdynamics.com\\\/es\\\/?s={search_term_string}\"},\"query-input\":{\"@type\":\"PropertyValueSpecification\",\"valueRequired\":true,\"valueName\":\"search_term_string\"}}],\"inLanguage\":\"es\"},{\"@type\":\"Organization\",\"@id\":\"https:\\\/\\\/cxairdynamics.com\\\/es\\\/#organization\",\"name\":\"CX Air Dynamics\",\"url\":\"https:\\\/\\\/cxairdynamics.com\\\/es\\\/\",\"logo\":{\"@type\":\"ImageObject\",\"inLanguage\":\"es\",\"@id\":\"https:\\\/\\\/cxairdynamics.com\\\/es\\\/#\\\/schema\\\/logo\\\/image\\\/\",\"url\":\"\",\"contentUrl\":\"\",\"caption\":\"CX Air Dynamics\"},\"image\":{\"@id\":\"https:\\\/\\\/cxairdynamics.com\\\/es\\\/#\\\/schema\\\/logo\\\/image\\\/\"}}]}<\/script>\n<!-- \/ Yoast SEO plugin. -->","yoast_head_json":{"title":"Pack de 3 cartuchos - CX Air Dynamics","description":"Este pack de 3 cartuchos permite recargar el pantal\u00f3n despu\u00e9s del disparo siempre y cuando no haya habido golpes ni da\u00f1os en el airbag.","robots":{"index":"index","follow":"follow","max-snippet":"max-snippet:-1","max-image-preview":"max-image-preview:large","max-video-preview":"max-video-preview:-1"},"canonical":"https:\/\/cxairdynamics.com\/es\/produit\/cartuchos-paquete\/","og_locale":"es_ES","og_type":"article","og_title":"Pack de 3 cartuchos - CX Air Dynamics","og_description":"Este pack de 3 cartuchos permite recargar el pantal\u00f3n despu\u00e9s del disparo siempre y cuando no haya habido golpes ni da\u00f1os en el airbag.","og_url":"https:\/\/cxairdynamics.com\/es\/produit\/cartuchos-paquete\/","og_site_name":"CX Air Dynamics","article_modified_time":"2024-10-08T08:55:54+00:00","og_image":[{"width":722,"height":619,"url":"https:\/\/cxairdynamics.com\/wp-content\/uploads\/2022\/01\/pack-3-cartouches-1.jpg","type":"image\/jpeg"}],"twitter_card":"summary_large_image","schema":{"@context":"https:\/\/schema.org","@graph":[{"@type":"WebPage","@id":"https:\/\/cxairdynamics.com\/es\/produit\/cartuchos-paquete\/","url":"https:\/\/cxairdynamics.com\/es\/produit\/cartuchos-paquete\/","name":"Pack de 3 cartuchos - CX Air Dynamics","isPartOf":{"@id":"https:\/\/cxairdynamics.com\/es\/#website"},"primaryImageOfPage":{"@id":"https:\/\/cxairdynamics.com\/es\/produit\/cartuchos-paquete\/#primaryimage"},"image":{"@id":"https:\/\/cxairdynamics.com\/es\/produit\/cartuchos-paquete\/#primaryimage"},"thumbnailUrl":"https:\/\/cxairdynamics.com\/wp-content\/uploads\/2022\/01\/pack-3-cartouches-1.jpg","datePublished":"2022-01-10T08:00:51+00:00","dateModified":"2024-10-08T08:55:54+00:00","description":"Este pack de 3 cartuchos permite recargar el pantal\u00f3n despu\u00e9s del disparo siempre y cuando no haya habido golpes ni da\u00f1os en el airbag.","breadcrumb":{"@id":"https:\/\/cxairdynamics.com\/es\/produit\/cartuchos-paquete\/#breadcrumb"},"inLanguage":"es","potentialAction":[{"@type":"ReadAction","target":["https:\/\/cxairdynamics.com\/es\/produit\/cartuchos-paquete\/"]}]},{"@type":"ImageObject","inLanguage":"es","@id":"https:\/\/cxairdynamics.com\/es\/produit\/cartuchos-paquete\/#primaryimage","url":"https:\/\/cxairdynamics.com\/wp-content\/uploads\/2022\/01\/pack-3-cartouches-1.jpg","contentUrl":"https:\/\/cxairdynamics.com\/wp-content\/uploads\/2022\/01\/pack-3-cartouches-1.jpg","width":722,"height":619},{"@type":"BreadcrumbList","@id":"https:\/\/cxairdynamics.com\/es\/produit\/cartuchos-paquete\/#breadcrumb","itemListElement":[{"@type":"ListItem","position":1,"name":"Inicio","item":"https:\/\/cxairdynamics.com\/es\/"},{"@type":"ListItem","position":2,"name":"Boutique","item":"https:\/\/cxairdynamics.com\/?page_id=10"},{"@type":"ListItem","position":3,"name":"Pack de 3 cartuchos"}]},{"@type":"WebSite","@id":"https:\/\/cxairdynamics.com\/es\/#website","url":"https:\/\/cxairdynamics.com\/es\/","name":"CX Air Dynamics","description":"","publisher":{"@id":"https:\/\/cxairdynamics.com\/es\/#organization"},"potentialAction":[{"@type":"SearchAction","target":{"@type":"EntryPoint","urlTemplate":"https:\/\/cxairdynamics.com\/es\/?s={search_term_string}"},"query-input":{"@type":"PropertyValueSpecification","valueRequired":true,"valueName":"search_term_string"}}],"inLanguage":"es"},{"@type":"Organization","@id":"https:\/\/cxairdynamics.com\/es\/#organization","name":"CX Air Dynamics","url":"https:\/\/cxairdynamics.com\/es\/","logo":{"@type":"ImageObject","inLanguage":"es","@id":"https:\/\/cxairdynamics.com\/es\/#\/schema\/logo\/image\/","url":"","contentUrl":"","caption":"CX Air Dynamics"},"image":{"@id":"https:\/\/cxairdynamics.com\/es\/#\/schema\/logo\/image\/"}}]}},"_links":{"self":[{"href":"https:\/\/cxairdynamics.com\/es\/wp-json\/wp\/v2\/product\/3648","targetHints":{"allow":["GET"]}}],"collection":[{"href":"https:\/\/cxairdynamics.com\/es\/wp-json\/wp\/v2\/product"}],"about":[{"href":"https:\/\/cxairdynamics.com\/es\/wp-json\/wp\/v2\/types\/product"}],"version-history":[{"count":3,"href":"https:\/\/cxairdynamics.com\/es\/wp-json\/wp\/v2\/product\/3648\/revisions"}],"predecessor-version":[{"id":5414,"href":"https:\/\/cxairdynamics.com\/es\/wp-json\/wp\/v2\/product\/3648\/revisions\/5414"}],"wp:featuredmedia":[{"embeddable":true,"href":"https:\/\/cxairdynamics.com\/es\/wp-json\/wp\/v2\/media\/5365"}],"wp:attachment":[{"href":"https:\/\/cxairdynamics.com\/es\/wp-json\/wp\/v2\/media?parent=3648"}],"wp:term":[{"taxonomy":"product_brand","embeddable":true,"href":"https:\/\/cxairdynamics.com\/es\/wp-json\/wp\/v2\/product_brand?post=3648"},{"taxonomy":"product_cat","embeddable":true,"href":"https:\/\/cxairdynamics.com\/es\/wp-json\/wp\/v2\/product_cat?post=3648"},{"taxonomy":"product_tag","embeddable":true,"href":"https:\/\/cxairdynamics.com\/es\/wp-json\/wp\/v2\/product_tag?post=3648"}],"curies":[{"name":"wp","href":"https:\/\/api.w.org\/{rel}","templated":true}]}}