{"id":3108,"date":"2020-07-31T09:21:24","date_gmt":"2020-07-31T07:21:24","guid":{"rendered":"https:\/\/cxairdynamics.com\/produit\/cx-free-rider\/"},"modified":"2026-02-23T11:35:07","modified_gmt":"2026-02-23T10:35:07","slug":"cx-free-rider","status":"publish","type":"product","link":"https:\/\/cxairdynamics.com\/es\/produit\/cx-free-rider\/","title":{"rendered":"CX EASYRIDER"},"content":{"rendered":"\t\t<div data-elementor-type=\"product-post\" data-elementor-id=\"3108\" class=\"elementor elementor-3108 elementor-445\" data-elementor-post-type=\"product\">\n\t\t\t\t\t\t<section class=\"elementor-section elementor-top-section elementor-element elementor-element-1e16cf70 elementor-section-boxed elementor-section-height-default elementor-section-height-default\" data-id=\"1e16cf70\" data-element_type=\"section\" data-e-type=\"section\">\n\t\t\t\t\t\t<div class=\"elementor-container elementor-column-gap-default\">\n\t\t\t\t\t<div class=\"elementor-column elementor-col-100 elementor-top-column elementor-element elementor-element-642c5d83\" data-id=\"642c5d83\" data-element_type=\"column\" data-e-type=\"column\">\n\t\t\t<div class=\"elementor-widget-wrap elementor-element-populated\">\n\t\t\t\t\t\t<div class=\"elementor-element elementor-element-585b6e25 elementor-widget elementor-widget-text-editor\" data-id=\"585b6e25\" data-element_type=\"widget\" data-e-type=\"widget\" data-widget_type=\"text-editor.default\">\n\t\t\t\t<div class=\"elementor-widget-container\">\n\t\t\t\t\t\t\t\t\t<ul>\n<li>Sistema cableado: cable de disparo conectado a la moto<\/li>\n<li>Resistente a golpes y abrasi\u00f3n<\/li>\n<li>Repelente al agua &#8211; Protecci\u00f3n contra la lluvia<\/li>\n<li>Disponible en 6 tallas unisex ajustables gracias a los cierres de velcro<\/li>\n<li>Compuesto por cintur\u00f3n y 2 leggings con cremalleras para poner r\u00e1pidamente<\/li>\n<li>Se puede usar sobre pantalones.<\/li>\n<li>Protecci\u00f3n adicional de rodilla y cadera Poron\u00ae XRD para una movilidad \u00f3ptima<\/li>\n<li>Material principal hidr\u00f3fugo, protecci\u00f3n contra el fr\u00edo \/ calor: Cordura\u00ae<\/li>\n<li>Ligero (+ o &#8211; 1 kg)<\/li>\n<li>Garant\u00eda de 2 a\u00f1os <a href=\"\/?page_id=3104\" target=\"_blank\" rel=\"noopener noreferrer\" data-mce-href=\"https:\/\/cxairdynamics.com\/es\/condiciones-generales-de-venta\/\">(consulte las CGC)<\/a><\/li>\n<\/ul>\n\t\t\t\t\t\t\t\t<\/div>\n\t\t\t\t<\/div>\n\t\t\t\t\t<\/div>\n\t\t<\/div>\n\t\t\t\t\t<\/div>\n\t\t<\/section>\n\t\t\t\t<\/div>\n\t\t","protected":false},"excerpt":{"rendered":"<p>El primer pantal\u00f3n con airbag del mundo, para la protecci\u00f3n de la parte inferior del cuerpo de motociclistas y ciclistas. Resistente a la lluvia, ligero, se desliza sobre los pantalones y se guarda en el casco. Es resistente a golpes y abrasiones, y garantiza una movilidad \u00f3ptima, incluso cuando est\u00e1 inflado. \u00a1El placer y las sensaciones del motociclismo sin renunciar a la seguridad!<\/p>\n<p><\/p>\n<p>6 tallas disponibles: S, M, L, XL, 2XL, 3XL<\/p>\n","protected":false},"featured_media":4503,"template":"","meta":{"site-sidebar-layout":"no-sidebar","site-content-layout":"page-builder","ast-site-content-layout":"full-width-container","site-content-style":"unboxed","site-sidebar-style":"unboxed","ast-global-header-display":"","ast-banner-title-visibility":"","ast-main-header-display":"","ast-hfb-above-header-display":"","ast-hfb-below-header-display":"","ast-hfb-mobile-header-display":"","site-post-title":"disabled","ast-breadcrumbs-content":"","ast-featured-img":"disabled","footer-sml-layout":"","ast-disable-related-posts":"","theme-transparent-header-meta":"default","adv-header-id-meta":"","stick-header-meta":"","header-above-stick-meta":"","header-main-stick-meta":"","header-below-stick-meta":"","astra-migrate-meta-layouts":"default","ast-page-background-enabled":"default","ast-page-background-meta":{"desktop":{"background-color":"","background-image":"","background-repeat":"repeat","background-position":"center center","background-size":"auto","background-attachment":"scroll","background-type":"","background-media":"","overlay-type":"","overlay-color":"","overlay-opacity":"","overlay-gradient":""},"tablet":{"background-color":"","background-image":"","background-repeat":"repeat","background-position":"center center","background-size":"auto","background-attachment":"scroll","background-type":"","background-media":"","overlay-type":"","overlay-color":"","overlay-opacity":"","overlay-gradient":""},"mobile":{"background-color":"","background-image":"","background-repeat":"repeat","background-position":"center center","background-size":"auto","background-attachment":"scroll","background-type":"","background-media":"","overlay-type":"","overlay-color":"","overlay-opacity":"","overlay-gradient":""}},"ast-content-background-meta":{"desktop":{"background-color":"var(--ast-global-color-5)","background-image":"","background-repeat":"repeat","background-position":"center center","background-size":"auto","background-attachment":"scroll","background-type":"","background-media":"","overlay-type":"","overlay-color":"","overlay-opacity":"","overlay-gradient":""},"tablet":{"background-color":"var(--ast-global-color-5)","background-image":"","background-repeat":"repeat","background-position":"center center","background-size":"auto","background-attachment":"scroll","background-type":"","background-media":"","overlay-type":"","overlay-color":"","overlay-opacity":"","overlay-gradient":""},"mobile":{"background-color":"var(--ast-global-color-5)","background-image":"","background-repeat":"repeat","background-position":"center center","background-size":"auto","background-attachment":"scroll","background-type":"","background-media":"","overlay-type":"","overlay-color":"","overlay-opacity":"","overlay-gradient":""}}},"product_brand":[],"product_cat":[72],"product_tag":[],"class_list":{"0":"post-3108","1":"product","2":"type-product","3":"status-publish","4":"has-post-thumbnail","6":"product_cat-motocicleta","7":"desktop-align-left","8":"tablet-align-left","9":"mobile-align-left","11":"first","12":"instock","13":"taxable","14":"shipping-taxable","15":"purchasable","16":"product-type-variable","17":"has-default-attributes"},"yoast_head":"<!-- This site is optimized with the Yoast SEO plugin v27.3 - https:\/\/yoast.com\/product\/yoast-seo-wordpress\/ -->\n<title>CX EASYRIDER - CX Air Dynamics<\/title>\n<meta name=\"description\" content=\"El primer pantal\u00f3n con airbag del mundo, para la protecci\u00f3n de la parte inferior del cuerpo de motociclistas y scooters. Resistente a la lluvia, ligero, puede llevarse sobre los pantalones y guardarse en el casco.\" \/>\n<meta name=\"robots\" content=\"index, follow, max-snippet:-1, max-image-preview:large, max-video-preview:-1\" \/>\n<link rel=\"canonical\" href=\"https:\/\/cxairdynamics.com\/es\/produit\/cx-free-rider\/\" \/>\n<meta property=\"og:locale\" content=\"es_ES\" \/>\n<meta property=\"og:type\" content=\"article\" \/>\n<meta property=\"og:title\" content=\"CX EASYRIDER - CX Air Dynamics\" \/>\n<meta property=\"og:description\" content=\"El primer pantal\u00f3n con airbag del mundo, para la protecci\u00f3n de la parte inferior del cuerpo de motociclistas y scooters. Resistente a la lluvia, ligero, puede llevarse sobre los pantalones y guardarse en el casco.\" \/>\n<meta property=\"og:url\" content=\"https:\/\/cxairdynamics.com\/es\/produit\/cx-free-rider\/\" \/>\n<meta property=\"og:site_name\" content=\"CX Air Dynamics\" \/>\n<meta property=\"article:modified_time\" content=\"2026-02-23T10:35:07+00:00\" \/>\n<meta property=\"og:image\" content=\"https:\/\/cxairdynamics.com\/wp-content\/uploads\/2020\/07\/cx-free-rider-1.jpg\" \/>\n\t<meta property=\"og:image:width\" content=\"740\" \/>\n\t<meta property=\"og:image:height\" content=\"635\" \/>\n\t<meta property=\"og:image:type\" content=\"image\/jpeg\" \/>\n<meta name=\"twitter:card\" content=\"summary_large_image\" \/>\n<script type=\"application\/ld+json\" class=\"yoast-schema-graph\">{\"@context\":\"https:\\\/\\\/schema.org\",\"@graph\":[{\"@type\":\"WebPage\",\"@id\":\"https:\\\/\\\/cxairdynamics.com\\\/es\\\/produit\\\/cx-free-rider\\\/\",\"url\":\"https:\\\/\\\/cxairdynamics.com\\\/es\\\/produit\\\/cx-free-rider\\\/\",\"name\":\"CX EASYRIDER - CX Air Dynamics\",\"isPartOf\":{\"@id\":\"https:\\\/\\\/cxairdynamics.com\\\/es\\\/#website\"},\"primaryImageOfPage\":{\"@id\":\"https:\\\/\\\/cxairdynamics.com\\\/es\\\/produit\\\/cx-free-rider\\\/#primaryimage\"},\"image\":{\"@id\":\"https:\\\/\\\/cxairdynamics.com\\\/es\\\/produit\\\/cx-free-rider\\\/#primaryimage\"},\"thumbnailUrl\":\"https:\\\/\\\/cxairdynamics.com\\\/wp-content\\\/uploads\\\/2020\\\/07\\\/cx-free-rider-1.jpg\",\"datePublished\":\"2020-07-31T07:21:24+00:00\",\"dateModified\":\"2026-02-23T10:35:07+00:00\",\"description\":\"El primer pantal\u00f3n con airbag del mundo, para la protecci\u00f3n de la parte inferior del cuerpo de motociclistas y scooters. Resistente a la lluvia, ligero, puede llevarse sobre los pantalones y guardarse en el casco.\",\"breadcrumb\":{\"@id\":\"https:\\\/\\\/cxairdynamics.com\\\/es\\\/produit\\\/cx-free-rider\\\/#breadcrumb\"},\"inLanguage\":\"es\",\"potentialAction\":[{\"@type\":\"ReadAction\",\"target\":[\"https:\\\/\\\/cxairdynamics.com\\\/es\\\/produit\\\/cx-free-rider\\\/\"]}]},{\"@type\":\"ImageObject\",\"inLanguage\":\"es\",\"@id\":\"https:\\\/\\\/cxairdynamics.com\\\/es\\\/produit\\\/cx-free-rider\\\/#primaryimage\",\"url\":\"https:\\\/\\\/cxairdynamics.com\\\/wp-content\\\/uploads\\\/2020\\\/07\\\/cx-free-rider-1.jpg\",\"contentUrl\":\"https:\\\/\\\/cxairdynamics.com\\\/wp-content\\\/uploads\\\/2020\\\/07\\\/cx-free-rider-1.jpg\",\"width\":740,\"height\":635},{\"@type\":\"BreadcrumbList\",\"@id\":\"https:\\\/\\\/cxairdynamics.com\\\/es\\\/produit\\\/cx-free-rider\\\/#breadcrumb\",\"itemListElement\":[{\"@type\":\"ListItem\",\"position\":1,\"name\":\"Inicio\",\"item\":\"https:\\\/\\\/cxairdynamics.com\\\/es\\\/\"},{\"@type\":\"ListItem\",\"position\":2,\"name\":\"Boutique\",\"item\":\"https:\\\/\\\/cxairdynamics.com\\\/?page_id=10\"},{\"@type\":\"ListItem\",\"position\":3,\"name\":\"CX EASYRIDER\"}]},{\"@type\":\"WebSite\",\"@id\":\"https:\\\/\\\/cxairdynamics.com\\\/es\\\/#website\",\"url\":\"https:\\\/\\\/cxairdynamics.com\\\/es\\\/\",\"name\":\"CX Air Dynamics\",\"description\":\"\",\"publisher\":{\"@id\":\"https:\\\/\\\/cxairdynamics.com\\\/es\\\/#organization\"},\"potentialAction\":[{\"@type\":\"SearchAction\",\"target\":{\"@type\":\"EntryPoint\",\"urlTemplate\":\"https:\\\/\\\/cxairdynamics.com\\\/es\\\/?s={search_term_string}\"},\"query-input\":{\"@type\":\"PropertyValueSpecification\",\"valueRequired\":true,\"valueName\":\"search_term_string\"}}],\"inLanguage\":\"es\"},{\"@type\":\"Organization\",\"@id\":\"https:\\\/\\\/cxairdynamics.com\\\/es\\\/#organization\",\"name\":\"CX Air Dynamics\",\"url\":\"https:\\\/\\\/cxairdynamics.com\\\/es\\\/\",\"logo\":{\"@type\":\"ImageObject\",\"inLanguage\":\"es\",\"@id\":\"https:\\\/\\\/cxairdynamics.com\\\/es\\\/#\\\/schema\\\/logo\\\/image\\\/\",\"url\":\"\",\"contentUrl\":\"\",\"caption\":\"CX Air Dynamics\"},\"image\":{\"@id\":\"https:\\\/\\\/cxairdynamics.com\\\/es\\\/#\\\/schema\\\/logo\\\/image\\\/\"}}]}<\/script>\n<!-- \/ Yoast SEO plugin. -->","yoast_head_json":{"title":"CX EASYRIDER - CX Air Dynamics","description":"El primer pantal\u00f3n con airbag del mundo, para la protecci\u00f3n de la parte inferior del cuerpo de motociclistas y scooters. Resistente a la lluvia, ligero, puede llevarse sobre los pantalones y guardarse en el casco.","robots":{"index":"index","follow":"follow","max-snippet":"max-snippet:-1","max-image-preview":"max-image-preview:large","max-video-preview":"max-video-preview:-1"},"canonical":"https:\/\/cxairdynamics.com\/es\/produit\/cx-free-rider\/","og_locale":"es_ES","og_type":"article","og_title":"CX EASYRIDER - CX Air Dynamics","og_description":"El primer pantal\u00f3n con airbag del mundo, para la protecci\u00f3n de la parte inferior del cuerpo de motociclistas y scooters. Resistente a la lluvia, ligero, puede llevarse sobre los pantalones y guardarse en el casco.","og_url":"https:\/\/cxairdynamics.com\/es\/produit\/cx-free-rider\/","og_site_name":"CX Air Dynamics","article_modified_time":"2026-02-23T10:35:07+00:00","og_image":[{"width":740,"height":635,"url":"https:\/\/cxairdynamics.com\/wp-content\/uploads\/2020\/07\/cx-free-rider-1.jpg","type":"image\/jpeg"}],"twitter_card":"summary_large_image","schema":{"@context":"https:\/\/schema.org","@graph":[{"@type":"WebPage","@id":"https:\/\/cxairdynamics.com\/es\/produit\/cx-free-rider\/","url":"https:\/\/cxairdynamics.com\/es\/produit\/cx-free-rider\/","name":"CX EASYRIDER - CX Air Dynamics","isPartOf":{"@id":"https:\/\/cxairdynamics.com\/es\/#website"},"primaryImageOfPage":{"@id":"https:\/\/cxairdynamics.com\/es\/produit\/cx-free-rider\/#primaryimage"},"image":{"@id":"https:\/\/cxairdynamics.com\/es\/produit\/cx-free-rider\/#primaryimage"},"thumbnailUrl":"https:\/\/cxairdynamics.com\/wp-content\/uploads\/2020\/07\/cx-free-rider-1.jpg","datePublished":"2020-07-31T07:21:24+00:00","dateModified":"2026-02-23T10:35:07+00:00","description":"El primer pantal\u00f3n con airbag del mundo, para la protecci\u00f3n de la parte inferior del cuerpo de motociclistas y scooters. Resistente a la lluvia, ligero, puede llevarse sobre los pantalones y guardarse en el casco.","breadcrumb":{"@id":"https:\/\/cxairdynamics.com\/es\/produit\/cx-free-rider\/#breadcrumb"},"inLanguage":"es","potentialAction":[{"@type":"ReadAction","target":["https:\/\/cxairdynamics.com\/es\/produit\/cx-free-rider\/"]}]},{"@type":"ImageObject","inLanguage":"es","@id":"https:\/\/cxairdynamics.com\/es\/produit\/cx-free-rider\/#primaryimage","url":"https:\/\/cxairdynamics.com\/wp-content\/uploads\/2020\/07\/cx-free-rider-1.jpg","contentUrl":"https:\/\/cxairdynamics.com\/wp-content\/uploads\/2020\/07\/cx-free-rider-1.jpg","width":740,"height":635},{"@type":"BreadcrumbList","@id":"https:\/\/cxairdynamics.com\/es\/produit\/cx-free-rider\/#breadcrumb","itemListElement":[{"@type":"ListItem","position":1,"name":"Inicio","item":"https:\/\/cxairdynamics.com\/es\/"},{"@type":"ListItem","position":2,"name":"Boutique","item":"https:\/\/cxairdynamics.com\/?page_id=10"},{"@type":"ListItem","position":3,"name":"CX EASYRIDER"}]},{"@type":"WebSite","@id":"https:\/\/cxairdynamics.com\/es\/#website","url":"https:\/\/cxairdynamics.com\/es\/","name":"CX Air Dynamics","description":"","publisher":{"@id":"https:\/\/cxairdynamics.com\/es\/#organization"},"potentialAction":[{"@type":"SearchAction","target":{"@type":"EntryPoint","urlTemplate":"https:\/\/cxairdynamics.com\/es\/?s={search_term_string}"},"query-input":{"@type":"PropertyValueSpecification","valueRequired":true,"valueName":"search_term_string"}}],"inLanguage":"es"},{"@type":"Organization","@id":"https:\/\/cxairdynamics.com\/es\/#organization","name":"CX Air Dynamics","url":"https:\/\/cxairdynamics.com\/es\/","logo":{"@type":"ImageObject","inLanguage":"es","@id":"https:\/\/cxairdynamics.com\/es\/#\/schema\/logo\/image\/","url":"","contentUrl":"","caption":"CX Air Dynamics"},"image":{"@id":"https:\/\/cxairdynamics.com\/es\/#\/schema\/logo\/image\/"}}]}},"_links":{"self":[{"href":"https:\/\/cxairdynamics.com\/es\/wp-json\/wp\/v2\/product\/3108","targetHints":{"allow":["GET"]}}],"collection":[{"href":"https:\/\/cxairdynamics.com\/es\/wp-json\/wp\/v2\/product"}],"about":[{"href":"https:\/\/cxairdynamics.com\/es\/wp-json\/wp\/v2\/types\/product"}],"version-history":[{"count":3,"href":"https:\/\/cxairdynamics.com\/es\/wp-json\/wp\/v2\/product\/3108\/revisions"}],"predecessor-version":[{"id":7813,"href":"https:\/\/cxairdynamics.com\/es\/wp-json\/wp\/v2\/product\/3108\/revisions\/7813"}],"wp:featuredmedia":[{"embeddable":true,"href":"https:\/\/cxairdynamics.com\/es\/wp-json\/wp\/v2\/media\/4503"}],"wp:attachment":[{"href":"https:\/\/cxairdynamics.com\/es\/wp-json\/wp\/v2\/media?parent=3108"}],"wp:term":[{"taxonomy":"product_brand","embeddable":true,"href":"https:\/\/cxairdynamics.com\/es\/wp-json\/wp\/v2\/product_brand?post=3108"},{"taxonomy":"product_cat","embeddable":true,"href":"https:\/\/cxairdynamics.com\/es\/wp-json\/wp\/v2\/product_cat?post=3108"},{"taxonomy":"product_tag","embeddable":true,"href":"https:\/\/cxairdynamics.com\/es\/wp-json\/wp\/v2\/product_tag?post=3108"}],"curies":[{"name":"wp","href":"https:\/\/api.w.org\/{rel}","templated":true}]}}