{"id":3213,"date":"2021-07-21T14:30:30","date_gmt":"2021-07-21T12:30:30","guid":{"rendered":"https:\/\/cxairdynamics.com\/preguntas-frecuentes\/"},"modified":"2026-02-24T09:16:40","modified_gmt":"2026-02-24T08:16:40","slug":"preguntas-frecuentes","status":"publish","type":"page","link":"https:\/\/cxairdynamics.com\/es\/preguntas-frecuentes\/","title":{"rendered":"Preguntas frecuentes"},"content":{"rendered":"\t\t<div data-elementor-type=\"wp-page\" data-elementor-id=\"3213\" class=\"elementor elementor-3213 elementor-175\" data-elementor-post-type=\"page\">\n\t\t\t\t\t\t<section class=\"elementor-section elementor-top-section elementor-element elementor-element-76c78c8 elementor-section-full_width elementor-section-height-default elementor-section-height-default\" data-id=\"76c78c8\" data-element_type=\"section\" data-e-type=\"section\">\n\t\t\t\t\t\t<div class=\"elementor-container elementor-column-gap-default\">\n\t\t\t\t\t<div class=\"elementor-column elementor-col-33 elementor-top-column elementor-element elementor-element-6d947bb col-4-1025\" data-id=\"6d947bb\" data-element_type=\"column\" data-e-type=\"column\">\n\t\t\t<div class=\"elementor-widget-wrap\">\n\t\t\t\t\t\t\t<\/div>\n\t\t<\/div>\n\t\t\t\t<div class=\"elementor-column elementor-col-33 elementor-top-column elementor-element elementor-element-6b4002e col-92-1025\" data-id=\"6b4002e\" data-element_type=\"column\" data-e-type=\"column\">\n\t\t\t<div class=\"elementor-widget-wrap elementor-element-populated\">\n\t\t\t\t\t\t<div class=\"elementor-element elementor-element-bef8184 nomargb elementor-widget elementor-widget-heading\" data-id=\"bef8184\" data-element_type=\"widget\" data-e-type=\"widget\" data-widget_type=\"heading.default\">\n\t\t\t\t<div class=\"elementor-widget-container\">\n\t\t\t\t\t<h1 class=\"elementor-heading-title elementor-size-default\">Preguntas frecuentes<\/h1>\t\t\t\t<\/div>\n\t\t\t\t<\/div>\n\t\t\t\t<div class=\"elementor-element elementor-element-aa70a8e elementor-align-left elementor-widget elementor-widget-breadcrumbs\" data-id=\"aa70a8e\" data-element_type=\"widget\" data-e-type=\"widget\" data-widget_type=\"breadcrumbs.default\">\n\t\t\t\t<div class=\"elementor-widget-container\">\n\t\t\t\t\t<p id=\"breadcrumbs\"><span><span><a href=\"https:\/\/cxairdynamics.com\/es\/\">Inicio<\/a><\/span><\/span><\/p>\t\t\t\t<\/div>\n\t\t\t\t<\/div>\n\t\t\t\t<div class=\"elementor-element elementor-element-8daaf66 elementor-widget elementor-widget-spacer\" data-id=\"8daaf66\" data-element_type=\"widget\" data-e-type=\"widget\" data-widget_type=\"spacer.default\">\n\t\t\t\t<div class=\"elementor-widget-container\">\n\t\t\t\t\t\t\t<div class=\"elementor-spacer\">\n\t\t\t<div class=\"elementor-spacer-inner\"><\/div>\n\t\t<\/div>\n\t\t\t\t\t\t<\/div>\n\t\t\t\t<\/div>\n\t\t\t\t<section class=\"elementor-section elementor-inner-section elementor-element elementor-element-98713e3 elementor-section-full_width elementor-section-height-default elementor-section-height-default\" data-id=\"98713e3\" data-element_type=\"section\" data-e-type=\"section\">\n\t\t\t\t\t\t<div class=\"elementor-container elementor-column-gap-default\">\n\t\t\t\t\t<div class=\"elementor-column elementor-col-50 elementor-inner-column elementor-element elementor-element-cfe1391\" data-id=\"cfe1391\" data-element_type=\"column\" data-e-type=\"column\">\n\t\t\t<div class=\"elementor-widget-wrap elementor-element-populated\">\n\t\t\t\t\t\t<div class=\"elementor-element elementor-element-8ed598a elementor-widget elementor-widget-toggle\" data-id=\"8ed598a\" data-element_type=\"widget\" data-e-type=\"widget\" data-widget_type=\"toggle.default\">\n\t\t\t\t<div class=\"elementor-widget-container\">\n\t\t\t\t\t\t\t<div class=\"elementor-toggle\">\n\t\t\t\t\t\t\t<div class=\"elementor-toggle-item\">\n\t\t\t\t\t<h3 id=\"elementor-tab-title-1491\" class=\"elementor-tab-title\" data-tab=\"1\" role=\"button\" aria-controls=\"elementor-tab-content-1491\" aria-expanded=\"false\">\n\t\t\t\t\t\t\t\t\t\t\t\t<span class=\"elementor-toggle-icon elementor-toggle-icon-left\" aria-hidden=\"true\">\n\t\t\t\t\t\t\t\t\t\t\t\t\t\t\t<span class=\"elementor-toggle-icon-closed\"><svg xmlns=\"http:\/\/www.w3.org\/2000\/svg\" width=\"16.025\" height=\"11.402\" viewBox=\"0 0 16.025 11.402\"><g id=\"Groupe_99\" data-name=\"Groupe 99\" transform=\"translate(1 1.41)\"><g id=\"Groupe_57\" data-name=\"Groupe 57\" transform=\"translate(14.025) rotate(90)\"><line id=\"Ligne_9\" data-name=\"Ligne 9\" y1=\"13.994\" transform=\"translate(4.214 0.031)\" fill=\"none\" stroke=\"#000\" stroke-linecap=\"round\" stroke-width=\"2\"><\/line><path id=\"Trac&#xE9;_1\" data-name=\"Trac&#xE9; 1\" d=\"M0,3.651,4.226,0,8.583,3.651\" fill=\"none\" stroke=\"#000\" stroke-linecap=\"round\" stroke-linejoin=\"round\" stroke-width=\"2\"><\/path><\/g><\/g><\/svg><\/span>\n\t\t\t\t\t\t\t\t<span class=\"elementor-toggle-icon-opened\"><svg xmlns=\"http:\/\/www.w3.org\/2000\/svg\" width=\"16.025\" height=\"11.402\" viewBox=\"0 0 16.025 11.402\"><g id=\"Groupe_99\" data-name=\"Groupe 99\" transform=\"translate(1 1.41)\"><g id=\"Groupe_57\" data-name=\"Groupe 57\" transform=\"translate(14.025) rotate(90)\"><line id=\"Ligne_9\" data-name=\"Ligne 9\" y1=\"13.994\" transform=\"translate(4.214 0.031)\" fill=\"none\" stroke=\"#000\" stroke-linecap=\"round\" stroke-width=\"2\"><\/line><path id=\"Trac&#xE9;_1\" data-name=\"Trac&#xE9; 1\" d=\"M0,3.651,4.226,0,8.583,3.651\" fill=\"none\" stroke=\"#000\" stroke-linecap=\"round\" stroke-linejoin=\"round\" stroke-width=\"2\"><\/path><\/g><\/g><\/svg><\/span>\n\t\t\t\t\t\t\t\t\t\t\t\t\t<\/span>\n\t\t\t\t\t\t\t\t\t\t\t\t<a class=\"elementor-toggle-title\" tabindex=\"0\">\u00bfCu\u00e1nto tiempo tarda el airbag en inflarse y desinflarse?<\/a>\n\t\t\t\t\t<\/h3>\n\n\t\t\t\t\t<div id=\"elementor-tab-content-1491\" class=\"elementor-tab-content elementor-clearfix\" data-tab=\"1\" role=\"region\" aria-labelledby=\"elementor-tab-title-1491\"><p>El airbag se infla instant\u00e1neamente en menos de 200 ms en caso de impacto. El airbag se desinfla completamente entre 5 y 7 minutos. Si desenrosca y retira el cartucho, el airbag se desinflar\u00e1 m\u00e1s r\u00e1pido. Tambi\u00e9n puede quitarse el pantal\u00f3n con airbag despu\u00e9s de una ca\u00edda, pero aseg\u00farese de estar en un \u00e1rea segura<\/p>\n<\/div>\n\t\t\t\t<\/div>\n\t\t\t\t\t\t\t<div class=\"elementor-toggle-item\">\n\t\t\t\t\t<h3 id=\"elementor-tab-title-1492\" class=\"elementor-tab-title\" data-tab=\"2\" role=\"button\" aria-controls=\"elementor-tab-content-1492\" aria-expanded=\"false\">\n\t\t\t\t\t\t\t\t\t\t\t\t<span class=\"elementor-toggle-icon elementor-toggle-icon-left\" aria-hidden=\"true\">\n\t\t\t\t\t\t\t\t\t\t\t\t\t\t\t<span class=\"elementor-toggle-icon-closed\"><svg xmlns=\"http:\/\/www.w3.org\/2000\/svg\" width=\"16.025\" height=\"11.402\" viewBox=\"0 0 16.025 11.402\"><g id=\"Groupe_99\" data-name=\"Groupe 99\" transform=\"translate(1 1.41)\"><g id=\"Groupe_57\" data-name=\"Groupe 57\" transform=\"translate(14.025) rotate(90)\"><line id=\"Ligne_9\" data-name=\"Ligne 9\" y1=\"13.994\" transform=\"translate(4.214 0.031)\" fill=\"none\" stroke=\"#000\" stroke-linecap=\"round\" stroke-width=\"2\"><\/line><path id=\"Trac&#xE9;_1\" data-name=\"Trac&#xE9; 1\" d=\"M0,3.651,4.226,0,8.583,3.651\" fill=\"none\" stroke=\"#000\" stroke-linecap=\"round\" stroke-linejoin=\"round\" stroke-width=\"2\"><\/path><\/g><\/g><\/svg><\/span>\n\t\t\t\t\t\t\t\t<span class=\"elementor-toggle-icon-opened\"><svg xmlns=\"http:\/\/www.w3.org\/2000\/svg\" width=\"16.025\" height=\"11.402\" viewBox=\"0 0 16.025 11.402\"><g id=\"Groupe_99\" data-name=\"Groupe 99\" transform=\"translate(1 1.41)\"><g id=\"Groupe_57\" data-name=\"Groupe 57\" transform=\"translate(14.025) rotate(90)\"><line id=\"Ligne_9\" data-name=\"Ligne 9\" y1=\"13.994\" transform=\"translate(4.214 0.031)\" fill=\"none\" stroke=\"#000\" stroke-linecap=\"round\" stroke-width=\"2\"><\/line><path id=\"Trac&#xE9;_1\" data-name=\"Trac&#xE9; 1\" d=\"M0,3.651,4.226,0,8.583,3.651\" fill=\"none\" stroke=\"#000\" stroke-linecap=\"round\" stroke-linejoin=\"round\" stroke-width=\"2\"><\/path><\/g><\/g><\/svg><\/span>\n\t\t\t\t\t\t\t\t\t\t\t\t\t<\/span>\n\t\t\t\t\t\t\t\t\t\t\t\t<a class=\"elementor-toggle-title\" tabindex=\"0\">\u00bfCu\u00e1l es la vida \u00fatil de un cartucho de CO2?<\/a>\n\t\t\t\t\t<\/h3>\n\n\t\t\t\t\t<div id=\"elementor-tab-content-1492\" class=\"elementor-tab-content elementor-clearfix\" data-tab=\"2\" role=\"region\" aria-labelledby=\"elementor-tab-title-1492\"><p>Un cartucho no disparado tiene una garant\u00eda de 10 a\u00f1os. Sin embargo, como precauci\u00f3n, es necesario pesarlos una vez al a\u00f1o. Para hacer esto, desenrosque el cartucho y verifique su peso. Debe ser reemplazado si el peso ha bajado significativamente o si observa alg\u00fan deterioro.<\/p>\n<p>Una vez utilizado, el cartucho debe sustituirse por un cartucho nuevo de la misma capacidad.<\/p>\n<\/div>\n\t\t\t\t<\/div>\n\t\t\t\t\t\t\t<div class=\"elementor-toggle-item\">\n\t\t\t\t\t<h3 id=\"elementor-tab-title-1493\" class=\"elementor-tab-title\" data-tab=\"3\" role=\"button\" aria-controls=\"elementor-tab-content-1493\" aria-expanded=\"false\">\n\t\t\t\t\t\t\t\t\t\t\t\t<span class=\"elementor-toggle-icon elementor-toggle-icon-left\" aria-hidden=\"true\">\n\t\t\t\t\t\t\t\t\t\t\t\t\t\t\t<span class=\"elementor-toggle-icon-closed\"><svg xmlns=\"http:\/\/www.w3.org\/2000\/svg\" width=\"16.025\" height=\"11.402\" viewBox=\"0 0 16.025 11.402\"><g id=\"Groupe_99\" data-name=\"Groupe 99\" transform=\"translate(1 1.41)\"><g id=\"Groupe_57\" data-name=\"Groupe 57\" transform=\"translate(14.025) rotate(90)\"><line id=\"Ligne_9\" data-name=\"Ligne 9\" y1=\"13.994\" transform=\"translate(4.214 0.031)\" fill=\"none\" stroke=\"#000\" stroke-linecap=\"round\" stroke-width=\"2\"><\/line><path id=\"Trac&#xE9;_1\" data-name=\"Trac&#xE9; 1\" d=\"M0,3.651,4.226,0,8.583,3.651\" fill=\"none\" stroke=\"#000\" stroke-linecap=\"round\" stroke-linejoin=\"round\" stroke-width=\"2\"><\/path><\/g><\/g><\/svg><\/span>\n\t\t\t\t\t\t\t\t<span class=\"elementor-toggle-icon-opened\"><svg xmlns=\"http:\/\/www.w3.org\/2000\/svg\" width=\"16.025\" height=\"11.402\" viewBox=\"0 0 16.025 11.402\"><g id=\"Groupe_99\" data-name=\"Groupe 99\" transform=\"translate(1 1.41)\"><g id=\"Groupe_57\" data-name=\"Groupe 57\" transform=\"translate(14.025) rotate(90)\"><line id=\"Ligne_9\" data-name=\"Ligne 9\" y1=\"13.994\" transform=\"translate(4.214 0.031)\" fill=\"none\" stroke=\"#000\" stroke-linecap=\"round\" stroke-width=\"2\"><\/line><path id=\"Trac&#xE9;_1\" data-name=\"Trac&#xE9; 1\" d=\"M0,3.651,4.226,0,8.583,3.651\" fill=\"none\" stroke=\"#000\" stroke-linecap=\"round\" stroke-linejoin=\"round\" stroke-width=\"2\"><\/path><\/g><\/g><\/svg><\/span>\n\t\t\t\t\t\t\t\t\t\t\t\t\t<\/span>\n\t\t\t\t\t\t\t\t\t\t\t\t<a class=\"elementor-toggle-title\" tabindex=\"0\">\u00bfC\u00f3mo revisar su airbag anualmente?<\/a>\n\t\t\t\t\t<\/h3>\n\n\t\t\t\t\t<div id=\"elementor-tab-content-1493\" class=\"elementor-tab-content elementor-clearfix\" data-tab=\"3\" role=\"region\" aria-labelledby=\"elementor-tab-title-1493\"><p>Para garantizar el correcto funcionamiento de su airbag, se debe realizar una revisi\u00f3n anual:<\/p>\n<ol>\n<li>Desatornille el cartucho de CO2 y verifique su peso para asegurarse de que no haya escapes de gas.<\/li>\n<li>Abra el sistema de activaci\u00f3n (utilizando una llave Allen), limpie los componentes con un pa\u00f1o, compruebe que no haya ning\u00fan deterioro anormal u \u00f3xido.<\/li>\n<\/ol>\n<\/div>\n\t\t\t\t<\/div>\n\t\t\t\t\t\t\t\t<\/div>\n\t\t\t\t\t\t<\/div>\n\t\t\t\t<\/div>\n\t\t\t\t\t<\/div>\n\t\t<\/div>\n\t\t\t\t<div class=\"elementor-column elementor-col-50 elementor-inner-column elementor-element elementor-element-73e5964\" data-id=\"73e5964\" data-element_type=\"column\" data-e-type=\"column\">\n\t\t\t<div class=\"elementor-widget-wrap elementor-element-populated\">\n\t\t\t\t\t\t<div class=\"elementor-element elementor-element-c19f8d9 elementor-widget elementor-widget-toggle\" data-id=\"c19f8d9\" data-element_type=\"widget\" data-e-type=\"widget\" data-widget_type=\"toggle.default\">\n\t\t\t\t<div class=\"elementor-widget-container\">\n\t\t\t\t\t\t\t<div class=\"elementor-toggle\">\n\t\t\t\t\t\t\t<div class=\"elementor-toggle-item\">\n\t\t\t\t\t<h3 id=\"elementor-tab-title-2031\" class=\"elementor-tab-title\" data-tab=\"1\" role=\"button\" aria-controls=\"elementor-tab-content-2031\" aria-expanded=\"false\">\n\t\t\t\t\t\t\t\t\t\t\t\t<span class=\"elementor-toggle-icon elementor-toggle-icon-left\" aria-hidden=\"true\">\n\t\t\t\t\t\t\t\t\t\t\t\t\t\t\t<span class=\"elementor-toggle-icon-closed\"><svg xmlns=\"http:\/\/www.w3.org\/2000\/svg\" width=\"16.025\" height=\"11.402\" viewBox=\"0 0 16.025 11.402\"><g id=\"Groupe_99\" data-name=\"Groupe 99\" transform=\"translate(1 1.41)\"><g id=\"Groupe_57\" data-name=\"Groupe 57\" transform=\"translate(14.025) rotate(90)\"><line id=\"Ligne_9\" data-name=\"Ligne 9\" y1=\"13.994\" transform=\"translate(4.214 0.031)\" fill=\"none\" stroke=\"#000\" stroke-linecap=\"round\" stroke-width=\"2\"><\/line><path id=\"Trac&#xE9;_1\" data-name=\"Trac&#xE9; 1\" d=\"M0,3.651,4.226,0,8.583,3.651\" fill=\"none\" stroke=\"#000\" stroke-linecap=\"round\" stroke-linejoin=\"round\" stroke-width=\"2\"><\/path><\/g><\/g><\/svg><\/span>\n\t\t\t\t\t\t\t\t<span class=\"elementor-toggle-icon-opened\"><svg xmlns=\"http:\/\/www.w3.org\/2000\/svg\" width=\"16.025\" height=\"11.402\" viewBox=\"0 0 16.025 11.402\"><g id=\"Groupe_99\" data-name=\"Groupe 99\" transform=\"translate(1 1.41)\"><g id=\"Groupe_57\" data-name=\"Groupe 57\" transform=\"translate(14.025) rotate(90)\"><line id=\"Ligne_9\" data-name=\"Ligne 9\" y1=\"13.994\" transform=\"translate(4.214 0.031)\" fill=\"none\" stroke=\"#000\" stroke-linecap=\"round\" stroke-width=\"2\"><\/line><path id=\"Trac&#xE9;_1\" data-name=\"Trac&#xE9; 1\" d=\"M0,3.651,4.226,0,8.583,3.651\" fill=\"none\" stroke=\"#000\" stroke-linecap=\"round\" stroke-linejoin=\"round\" stroke-width=\"2\"><\/path><\/g><\/g><\/svg><\/span>\n\t\t\t\t\t\t\t\t\t\t\t\t\t<\/span>\n\t\t\t\t\t\t\t\t\t\t\t\t<a class=\"elementor-toggle-title\" tabindex=\"0\">\u00bfPuede conducir y moverse cuando el airbag est\u00e1 inflado?<\/a>\n\t\t\t\t\t<\/h3>\n\n\t\t\t\t\t<div id=\"elementor-tab-content-2031\" class=\"elementor-tab-content elementor-clearfix\" data-tab=\"1\" role=\"region\" aria-labelledby=\"elementor-tab-title-2031\"><p>S\u00ed, puedes levantarte y moverte, tus piernas est\u00e1n libres de movimiento.<\/p>\n<\/div>\n\t\t\t\t<\/div>\n\t\t\t\t\t\t\t\t<\/div>\n\t\t\t\t\t\t<\/div>\n\t\t\t\t<\/div>\n\t\t\t\t\t<\/div>\n\t\t<\/div>\n\t\t\t\t\t<\/div>\n\t\t<\/section>\n\t\t\t\t\t<\/div>\n\t\t<\/div>\n\t\t\t\t<div class=\"elementor-column elementor-col-33 elementor-top-column elementor-element elementor-element-ae9199d col-4-1025\" data-id=\"ae9199d\" data-element_type=\"column\" data-e-type=\"column\">\n\t\t\t<div class=\"elementor-widget-wrap\">\n\t\t\t\t\t\t\t<\/div>\n\t\t<\/div>\n\t\t\t\t\t<\/div>\n\t\t<\/section>\n\t\t\t\t<\/div>\n\t\t","protected":false},"excerpt":{"rendered":"<p>Preguntas frecuentes \u00bfCu\u00e1nto tiempo tarda el airbag en inflarse y desinflarse? El airbag se infla instant\u00e1neamente en menos de 200 ms en caso de impacto. El airbag se desinfla completamente entre 5 y 7 minutos. Si desenrosca y retira el cartucho, el airbag se desinflar\u00e1 m\u00e1s r\u00e1pido. Tambi\u00e9n puede quitarse el pantal\u00f3n con airbag despu\u00e9s [&hellip;]<\/p>\n","protected":false},"author":1,"featured_media":0,"parent":0,"menu_order":5,"comment_status":"closed","ping_status":"closed","template":"","meta":{"site-sidebar-layout":"no-sidebar","site-content-layout":"page-builder","ast-site-content-layout":"default","site-content-style":"default","site-sidebar-style":"default","ast-global-header-display":"","ast-banner-title-visibility":"","ast-main-header-display":"","ast-hfb-above-header-display":"","ast-hfb-below-header-display":"","ast-hfb-mobile-header-display":"","site-post-title":"disabled","ast-breadcrumbs-content":"","ast-featured-img":"disabled","footer-sml-layout":"","ast-disable-related-posts":"","theme-transparent-header-meta":"default","adv-header-id-meta":"","stick-header-meta":"","header-above-stick-meta":"","header-main-stick-meta":"","header-below-stick-meta":"","astra-migrate-meta-layouts":"default","ast-page-background-enabled":"default","ast-page-background-meta":{"desktop":{"background-color":"","background-image":"","background-repeat":"repeat","background-position":"center center","background-size":"auto","background-attachment":"scroll","background-type":"","background-media":"","overlay-type":"","overlay-color":"","overlay-opacity":"","overlay-gradient":""},"tablet":{"background-color":"","background-image":"","background-repeat":"repeat","background-position":"center center","background-size":"auto","background-attachment":"scroll","background-type":"","background-media":"","overlay-type":"","overlay-color":"","overlay-opacity":"","overlay-gradient":""},"mobile":{"background-color":"","background-image":"","background-repeat":"repeat","background-position":"center center","background-size":"auto","background-attachment":"scroll","background-type":"","background-media":"","overlay-type":"","overlay-color":"","overlay-opacity":"","overlay-gradient":""}},"ast-content-background-meta":{"desktop":{"background-color":"var(--ast-global-color-5)","background-image":"","background-repeat":"repeat","background-position":"center center","background-size":"auto","background-attachment":"scroll","background-type":"","background-media":"","overlay-type":"","overlay-color":"","overlay-opacity":"","overlay-gradient":""},"tablet":{"background-color":"var(--ast-global-color-5)","background-image":"","background-repeat":"repeat","background-position":"center center","background-size":"auto","background-attachment":"scroll","background-type":"","background-media":"","overlay-type":"","overlay-color":"","overlay-opacity":"","overlay-gradient":""},"mobile":{"background-color":"var(--ast-global-color-5)","background-image":"","background-repeat":"repeat","background-position":"center center","background-size":"auto","background-attachment":"scroll","background-type":"","background-media":"","overlay-type":"","overlay-color":"","overlay-opacity":"","overlay-gradient":""}},"footnotes":""},"class_list":["post-3213","page","type-page","status-publish","hentry"],"yoast_head":"<!-- This site is optimized with the Yoast SEO plugin v27.3 - https:\/\/yoast.com\/product\/yoast-seo-wordpress\/ -->\n<title>Preguntas frecuentes - CX Air Dynamics<\/title>\n<meta name=\"description\" content=\"Las respuestas a todas sus preguntas sobre el pantal\u00f3n CX Air Dynamics\" \/>\n<meta name=\"robots\" content=\"index, follow, max-snippet:-1, max-image-preview:large, max-video-preview:-1\" \/>\n<link rel=\"canonical\" href=\"https:\/\/cxairdynamics.com\/es\/preguntas-frecuentes\/\" \/>\n<meta property=\"og:locale\" content=\"es_ES\" \/>\n<meta property=\"og:type\" content=\"article\" \/>\n<meta property=\"og:title\" content=\"Preguntas frecuentes - CX Air Dynamics\" \/>\n<meta property=\"og:description\" content=\"Las respuestas a todas sus preguntas sobre el pantal\u00f3n CX Air Dynamics\" \/>\n<meta property=\"og:url\" content=\"https:\/\/cxairdynamics.com\/es\/preguntas-frecuentes\/\" \/>\n<meta property=\"og:site_name\" content=\"CX Air Dynamics\" \/>\n<meta property=\"article:modified_time\" content=\"2026-02-24T08:16:40+00:00\" \/>\n<meta name=\"twitter:card\" content=\"summary_large_image\" \/>\n<meta name=\"twitter:label1\" content=\"Tiempo de lectura\" \/>\n\t<meta name=\"twitter:data1\" content=\"1 minuto\" \/>\n<script type=\"application\/ld+json\" class=\"yoast-schema-graph\">{\"@context\":\"https:\\\/\\\/schema.org\",\"@graph\":[{\"@type\":\"WebPage\",\"@id\":\"https:\\\/\\\/cxairdynamics.com\\\/es\\\/preguntas-frecuentes\\\/\",\"url\":\"https:\\\/\\\/cxairdynamics.com\\\/es\\\/preguntas-frecuentes\\\/\",\"name\":\"Preguntas frecuentes - CX Air Dynamics\",\"isPartOf\":{\"@id\":\"https:\\\/\\\/cxairdynamics.com\\\/es\\\/#website\"},\"datePublished\":\"2021-07-21T12:30:30+00:00\",\"dateModified\":\"2026-02-24T08:16:40+00:00\",\"description\":\"Las respuestas a todas sus preguntas sobre el pantal\u00f3n CX Air Dynamics\",\"breadcrumb\":{\"@id\":\"https:\\\/\\\/cxairdynamics.com\\\/es\\\/preguntas-frecuentes\\\/#breadcrumb\"},\"inLanguage\":\"es\",\"potentialAction\":[{\"@type\":\"ReadAction\",\"target\":[\"https:\\\/\\\/cxairdynamics.com\\\/es\\\/preguntas-frecuentes\\\/\"]}]},{\"@type\":\"BreadcrumbList\",\"@id\":\"https:\\\/\\\/cxairdynamics.com\\\/es\\\/preguntas-frecuentes\\\/#breadcrumb\",\"itemListElement\":[{\"@type\":\"ListItem\",\"position\":1,\"name\":\"Inicio\",\"item\":\"https:\\\/\\\/cxairdynamics.com\\\/es\\\/\"},{\"@type\":\"ListItem\",\"position\":2,\"name\":\"Preguntas frecuentes\"}]},{\"@type\":\"WebSite\",\"@id\":\"https:\\\/\\\/cxairdynamics.com\\\/es\\\/#website\",\"url\":\"https:\\\/\\\/cxairdynamics.com\\\/es\\\/\",\"name\":\"CX Air Dynamics\",\"description\":\"\",\"publisher\":{\"@id\":\"https:\\\/\\\/cxairdynamics.com\\\/es\\\/#organization\"},\"potentialAction\":[{\"@type\":\"SearchAction\",\"target\":{\"@type\":\"EntryPoint\",\"urlTemplate\":\"https:\\\/\\\/cxairdynamics.com\\\/es\\\/?s={search_term_string}\"},\"query-input\":{\"@type\":\"PropertyValueSpecification\",\"valueRequired\":true,\"valueName\":\"search_term_string\"}}],\"inLanguage\":\"es\"},{\"@type\":\"Organization\",\"@id\":\"https:\\\/\\\/cxairdynamics.com\\\/es\\\/#organization\",\"name\":\"CX Air Dynamics\",\"url\":\"https:\\\/\\\/cxairdynamics.com\\\/es\\\/\",\"logo\":{\"@type\":\"ImageObject\",\"inLanguage\":\"es\",\"@id\":\"https:\\\/\\\/cxairdynamics.com\\\/es\\\/#\\\/schema\\\/logo\\\/image\\\/\",\"url\":\"\",\"contentUrl\":\"\",\"caption\":\"CX Air Dynamics\"},\"image\":{\"@id\":\"https:\\\/\\\/cxairdynamics.com\\\/es\\\/#\\\/schema\\\/logo\\\/image\\\/\"}}]}<\/script>\n<!-- \/ Yoast SEO plugin. -->","yoast_head_json":{"title":"Preguntas frecuentes - CX Air Dynamics","description":"Las respuestas a todas sus preguntas sobre el pantal\u00f3n CX Air Dynamics","robots":{"index":"index","follow":"follow","max-snippet":"max-snippet:-1","max-image-preview":"max-image-preview:large","max-video-preview":"max-video-preview:-1"},"canonical":"https:\/\/cxairdynamics.com\/es\/preguntas-frecuentes\/","og_locale":"es_ES","og_type":"article","og_title":"Preguntas frecuentes - CX Air Dynamics","og_description":"Las respuestas a todas sus preguntas sobre el pantal\u00f3n CX Air Dynamics","og_url":"https:\/\/cxairdynamics.com\/es\/preguntas-frecuentes\/","og_site_name":"CX Air Dynamics","article_modified_time":"2026-02-24T08:16:40+00:00","twitter_card":"summary_large_image","twitter_misc":{"Tiempo de lectura":"1 minuto"},"schema":{"@context":"https:\/\/schema.org","@graph":[{"@type":"WebPage","@id":"https:\/\/cxairdynamics.com\/es\/preguntas-frecuentes\/","url":"https:\/\/cxairdynamics.com\/es\/preguntas-frecuentes\/","name":"Preguntas frecuentes - CX Air Dynamics","isPartOf":{"@id":"https:\/\/cxairdynamics.com\/es\/#website"},"datePublished":"2021-07-21T12:30:30+00:00","dateModified":"2026-02-24T08:16:40+00:00","description":"Las respuestas a todas sus preguntas sobre el pantal\u00f3n CX Air Dynamics","breadcrumb":{"@id":"https:\/\/cxairdynamics.com\/es\/preguntas-frecuentes\/#breadcrumb"},"inLanguage":"es","potentialAction":[{"@type":"ReadAction","target":["https:\/\/cxairdynamics.com\/es\/preguntas-frecuentes\/"]}]},{"@type":"BreadcrumbList","@id":"https:\/\/cxairdynamics.com\/es\/preguntas-frecuentes\/#breadcrumb","itemListElement":[{"@type":"ListItem","position":1,"name":"Inicio","item":"https:\/\/cxairdynamics.com\/es\/"},{"@type":"ListItem","position":2,"name":"Preguntas frecuentes"}]},{"@type":"WebSite","@id":"https:\/\/cxairdynamics.com\/es\/#website","url":"https:\/\/cxairdynamics.com\/es\/","name":"CX Air Dynamics","description":"","publisher":{"@id":"https:\/\/cxairdynamics.com\/es\/#organization"},"potentialAction":[{"@type":"SearchAction","target":{"@type":"EntryPoint","urlTemplate":"https:\/\/cxairdynamics.com\/es\/?s={search_term_string}"},"query-input":{"@type":"PropertyValueSpecification","valueRequired":true,"valueName":"search_term_string"}}],"inLanguage":"es"},{"@type":"Organization","@id":"https:\/\/cxairdynamics.com\/es\/#organization","name":"CX Air Dynamics","url":"https:\/\/cxairdynamics.com\/es\/","logo":{"@type":"ImageObject","inLanguage":"es","@id":"https:\/\/cxairdynamics.com\/es\/#\/schema\/logo\/image\/","url":"","contentUrl":"","caption":"CX Air Dynamics"},"image":{"@id":"https:\/\/cxairdynamics.com\/es\/#\/schema\/logo\/image\/"}}]}},"_links":{"self":[{"href":"https:\/\/cxairdynamics.com\/es\/wp-json\/wp\/v2\/pages\/3213","targetHints":{"allow":["GET"]}}],"collection":[{"href":"https:\/\/cxairdynamics.com\/es\/wp-json\/wp\/v2\/pages"}],"about":[{"href":"https:\/\/cxairdynamics.com\/es\/wp-json\/wp\/v2\/types\/page"}],"author":[{"embeddable":true,"href":"https:\/\/cxairdynamics.com\/es\/wp-json\/wp\/v2\/users\/1"}],"replies":[{"embeddable":true,"href":"https:\/\/cxairdynamics.com\/es\/wp-json\/wp\/v2\/comments?post=3213"}],"version-history":[{"count":3,"href":"https:\/\/cxairdynamics.com\/es\/wp-json\/wp\/v2\/pages\/3213\/revisions"}],"predecessor-version":[{"id":7924,"href":"https:\/\/cxairdynamics.com\/es\/wp-json\/wp\/v2\/pages\/3213\/revisions\/7924"}],"wp:attachment":[{"href":"https:\/\/cxairdynamics.com\/es\/wp-json\/wp\/v2\/media?parent=3213"}],"curies":[{"name":"wp","href":"https:\/\/api.w.org\/{rel}","templated":true}]}}