{"id":3211,"date":"2021-07-21T14:26:14","date_gmt":"2021-07-21T12:26:14","guid":{"rendered":"https:\/\/cxairdynamics.com\/notas-legales\/"},"modified":"2026-02-25T10:35:09","modified_gmt":"2026-02-25T09:35:09","slug":"notas-legales","status":"publish","type":"page","link":"https:\/\/cxairdynamics.com\/es\/notas-legales\/","title":{"rendered":"Notas legales"},"content":{"rendered":"\t\t<div data-elementor-type=\"wp-page\" data-elementor-id=\"3211\" class=\"elementor elementor-3211 elementor-257\" data-elementor-post-type=\"page\">\n\t\t\t\t\t\t<section class=\"elementor-section elementor-top-section elementor-element elementor-element-265e3be elementor-section-full_width elementor-section-height-default elementor-section-height-default\" data-id=\"265e3be\" data-element_type=\"section\" data-e-type=\"section\">\n\t\t\t\t\t\t<div class=\"elementor-container elementor-column-gap-default\">\n\t\t\t\t\t<div class=\"elementor-column elementor-col-33 elementor-top-column elementor-element elementor-element-ef77e8a col-4-1025\" data-id=\"ef77e8a\" data-element_type=\"column\" data-e-type=\"column\">\n\t\t\t<div class=\"elementor-widget-wrap\">\n\t\t\t\t\t\t\t<\/div>\n\t\t<\/div>\n\t\t\t\t<div class=\"elementor-column elementor-col-33 elementor-top-column elementor-element elementor-element-cf45460 col-92-1025\" data-id=\"cf45460\" data-element_type=\"column\" data-e-type=\"column\">\n\t\t\t<div class=\"elementor-widget-wrap elementor-element-populated\">\n\t\t\t\t\t\t<div class=\"elementor-element elementor-element-2cbdbf5 nomargb elementor-widget elementor-widget-heading\" data-id=\"2cbdbf5\" data-element_type=\"widget\" data-e-type=\"widget\" data-widget_type=\"heading.default\">\n\t\t\t\t<div class=\"elementor-widget-container\">\n\t\t\t\t\t<h2 class=\"elementor-heading-title elementor-size-default\">Notas legales<\/h2>\t\t\t\t<\/div>\n\t\t\t\t<\/div>\n\t\t\t\t<div class=\"elementor-element elementor-element-53a5732 elementor-align-left elementor-widget elementor-widget-breadcrumbs\" data-id=\"53a5732\" data-element_type=\"widget\" data-e-type=\"widget\" data-widget_type=\"breadcrumbs.default\">\n\t\t\t\t<div class=\"elementor-widget-container\">\n\t\t\t\t\t<p id=\"breadcrumbs\"><span><span><a href=\"https:\/\/cxairdynamics.com\/es\/\">Inicio<\/a><\/span><\/span><\/p>\t\t\t\t<\/div>\n\t\t\t\t<\/div>\n\t\t\t\t<div class=\"elementor-element elementor-element-5b4ad83 elementor-widget elementor-widget-text-editor\" data-id=\"5b4ad83\" data-element_type=\"widget\" data-e-type=\"widget\" data-widget_type=\"text-editor.default\">\n\t\t\t\t<div class=\"elementor-widget-container\">\n\t\t\t\t\t\t\t\t\t<p>El sitio \u00ab\u00a0<strong>CX Air Dynamics<\/strong> \u00bb y todos sus componentes son propiedad de CX AIR DYNAMICS FRANCE.<br \/>Oficina central: <strong>155, Chemin de la Gare &#8211; <\/strong><strong>31600, Saint-Clar-de-Rivi\u00e8re<\/strong><br \/><strong>SAS con un capital de 42.067 \u20ac<\/strong><br \/>Registrado en el RCS de Toulouse con el n\u00famero 853794113<br \/>Director de publicaci\u00f3n: Xavier Bouquillard de Milleret<\/p>\n\t\t\t\t\t\t\t\t<\/div>\n\t\t\t\t<\/div>\n\t\t\t\t<div class=\"elementor-element elementor-element-94f4eff elementor-widget elementor-widget-text-editor\" data-id=\"94f4eff\" data-element_type=\"widget\" data-e-type=\"widget\" data-widget_type=\"text-editor.default\">\n\t\t\t\t<div class=\"elementor-widget-container\">\n\t\t\t\t\t\t\t\t\t<h2>Compromiso asumido por el sitio<\/h2>\n<p>El contenido del sitio respeta las leyes vigentes y en particular:<\/p>\n<p>La ley de libertad de prensa para que no se publiquen en Internet escritos, im\u00e1genes o sonidos de car\u00e1cter difamatorio, racista o revisionista;<\/p>\n<p>De conformidad con el art\u00edculo 227-24 del C\u00f3digo Penal relativo a la protecci\u00f3n de menores, no se publicar\u00e1 ning\u00fan mensaje violento, pornogr\u00e1fico o que atente contra la dignidad humana que pueda ser visto o percibido por un menor;<\/p>\n<p>No se pondr\u00e1 en l\u00ednea ninguna reproducci\u00f3n de una obra protegida o una marca sin el consentimiento de su autor, sus derechohabientes o su propietario.<\/p>\n<p>De acuerdo con la ley LCEN del 22 de junio de 2004, cualquier persona nombrada o designada en el sitio tiene derecho a contestar. La solicitud debe realizarse al director de la publicaci\u00f3n a m\u00e1s tardar tres meses despu\u00e9s de que el mensaje que justifica esta solicitud se ponga a disposici\u00f3n del p\u00fablico. Esta inserci\u00f3n es gratuita y se realizar\u00e1 dentro de los tres d\u00edas siguientes a la recepci\u00f3n de la solicitud, pero en ning\u00fan caso podr\u00e1 superar las 200 l\u00edneas.<\/p>\n\t\t\t\t\t\t\t\t<\/div>\n\t\t\t\t<\/div>\n\t\t\t\t<div class=\"elementor-element elementor-element-9e76c07 elementor-widget elementor-widget-text-editor\" data-id=\"9e76c07\" data-element_type=\"widget\" data-e-type=\"widget\" data-widget_type=\"text-editor.default\">\n\t\t\t\t<div class=\"elementor-widget-container\">\n\t\t\t\t\t\t\t\t\t<h2>Ley de protecci\u00f3n de datos, archivos y libertades y protecci\u00f3n de datos personales en el sitio de CX Air Dynamics<\/h2>\n<p>Los usuarios del sitio deben respetar las disposiciones de la ley de procesamiento de datos, archivos y libertades, cuya violaci\u00f3n est\u00e1 sujeta a sanciones penales. En particular, en cuanto a la informaci\u00f3n nominativa a la que tengan acceso, deber\u00e1n abstenerse de cualquier recogida, mal uso y, en general, cualquier acto susceptible de atentar contra la intimidad o la reputaci\u00f3n de las personas.<\/p>\n\t\t\t\t\t\t\t\t<\/div>\n\t\t\t\t<\/div>\n\t\t\t\t<div class=\"elementor-element elementor-element-b888181 elementor-widget elementor-widget-text-editor\" data-id=\"b888181\" data-element_type=\"widget\" data-e-type=\"widget\" data-widget_type=\"text-editor.default\">\n\t\t\t\t<div class=\"elementor-widget-container\">\n\t\t\t\t\t\t\t\t\t<h2>Limitaci\u00f3n de responsabilidad<\/h2>\n<p>CX AIR DYNAMICS FRANCE no se hace responsable de ning\u00fan da\u00f1o directo o indirecto que resulte del uso que haga el cliente del sitio y \/ o de cualquier informaci\u00f3n que contenga.<\/p>\n<p>El sitio de CX AIR DYNAMICS puede remitir al usuario a otros sitios web a trav\u00e9s de hiperv\u00ednculos. Estos enlaces se han insertado en el sitio CX AIR DYNAMICS con la autorizaci\u00f3n de los propietarios de los sitios enlazados. En cualquier caso, CX AIR DYNAMICS FRANCE no se hace responsable del contenido de sus sitios, que son responsabilidad exclusiva de sus propietarios.<\/p>\n<p>Ciertos peligros son inherentes al uso de Internet y se advierte al usuario de la necesidad de tener en cuenta los riesgos potenciales (cualquier infecci\u00f3n por virus inform\u00e1tico, cualquier error, cualquier ralentizaci\u00f3n, etc.) antes de continuar.Consulte CX AIR DYNAMICS sitio.<\/p>\n\t\t\t\t\t\t\t\t<\/div>\n\t\t\t\t<\/div>\n\t\t\t\t<div class=\"elementor-element elementor-element-acec994 elementor-widget elementor-widget-text-editor\" data-id=\"acec994\" data-element_type=\"widget\" data-e-type=\"widget\" data-widget_type=\"text-editor.default\">\n\t\t\t\t<div class=\"elementor-widget-container\">\n\t\t\t\t\t\t\t\t\t<h2>Proveedor de alojamiento<\/h2>\n<p>La empresa Agora VITA, 1 rue Paul Mespl\u00e9 31100 Toulouse, inscrita en el registro mercantil de Toulouse con el n\u00famero 424 097 525, ofrece alojamiento para el sitio CX AIR DYNAMICS.<\/p>\n\t\t\t\t\t\t\t\t<\/div>\n\t\t\t\t<\/div>\n\t\t\t\t<div class=\"elementor-element elementor-element-62e51fd elementor-widget elementor-widget-text-editor\" data-id=\"62e51fd\" data-element_type=\"widget\" data-e-type=\"widget\" data-widget_type=\"text-editor.default\">\n\t\t\t\t<div class=\"elementor-widget-container\">\n\t\t\t\t\t\t\t\t\t<h2>Derecho de acceso, modificaci\u00f3n, rectificaci\u00f3n y supresi\u00f3n de datos<\/h2>\n<p>Los usuarios tienen derecho a acceder, modificar, rectificar y suprimir los datos que les conciernen de conformidad con los art\u00edculos 39 y 40 de la ley del 6 de enero de 1978 modificada por la ley del 6 de agosto de 2004. Para ejercer este derecho, puede ponerse en contacto con la Empresa. CX AIR DYNAMICS FRANCE directamente por <a href=\"https:\/\/cxairdynamics.com\/es\/contactar\/\" target=\"_blank\" rel=\"noopener\">correo electr\u00f3nico<\/a> o por carta dirigida a la empresa CX AIR DYNAMICS FRANCE 155, Chemin de la Gare &#8211; 31600, Saint-Clar-de-Rivi\u00e8re, especificando \u00abServicio de gesti\u00f3n de datos personales\u00bb<\/p>\n<p>Los mensajes enviados a trav\u00e9s de Internet se pueden interceptar. No revele informaci\u00f3n personal sensible. Si desea comunicarnos informaci\u00f3n confidencial, le recomendamos que utilice la publicaci\u00f3n.<\/p>\n\t\t\t\t\t\t\t\t<\/div>\n\t\t\t\t<\/div>\n\t\t\t\t<div class=\"elementor-element elementor-element-49b4969 elementor-widget elementor-widget-text-editor\" data-id=\"49b4969\" data-element_type=\"widget\" data-e-type=\"widget\" data-widget_type=\"text-editor.default\">\n\t\t\t\t<div class=\"elementor-widget-container\">\n\t\t\t\t\t\t\t\t\t<h2>Propiedad intelectual &#8211; derechos de autor &#8211; copyright<\/h2>\n<p>El contenido de este sitio se rige por la legislaci\u00f3n francesa e internacional sobre derechos de autor y propiedad intelectual.<\/p>\n<p>X AIR DYNAMICS FRANCE conserva todos los derechos econ\u00f3micos y morales relacionados con los documentos de este sitio, sujeto a los derechos de los que disfrutan los autores de los trabajos publicados en este sitio. Por lo tanto, todos los derechos de reproducci\u00f3n, en soporte electr\u00f3nico o en papel, est\u00e1n reservados, incluidos los documentos descargables y las representaciones iconogr\u00e1ficas y \/ o fotogr\u00e1ficas.<\/p>\n<p>Los visitantes del sitio web de CX AIR DYNAMICS se abstienen de recopilar, capturar, distorsionar o utilizar la informaci\u00f3n a la que tienen acceso.<\/p>\n<p>CX AIR DYNAMICS FRANCE emprender\u00e1 acciones legales contra cualquier intento de apropiaci\u00f3n indebida de la documentaci\u00f3n del sitio.<\/p>\n\t\t\t\t\t\t\t\t<\/div>\n\t\t\t\t<\/div>\n\t\t\t\t<div class=\"elementor-element elementor-element-2427cc5 elementor-widget elementor-widget-text-editor\" data-id=\"2427cc5\" data-element_type=\"widget\" data-e-type=\"widget\" data-widget_type=\"text-editor.default\">\n\t\t\t\t<div class=\"elementor-widget-container\">\n\t\t\t\t\t\t\t\t\t<h2>Declaraci\u00f3n a la CNIL<\/h2>\n<p>De conformidad con la ley de 6 de enero de 1978 modificada por la ley de 6 de agosto de 2004 relativa al tratamiento de datos, archivos y libertades, as\u00ed como su decreto de ejecuci\u00f3n del 17 de julio de 1978 y el art\u00edculo 43 de la ley de 30 de septiembre de 1986 modificada. , el sitio ha sido declarado a la Comisi\u00f3n Nationale Informatique et Libert\u00e9s (CNIL)<\/p>\n<p>Los datos personales recopilados est\u00e1n destinados a proporcionar al usuario los productos y servicios ofrecidos por este sitio y no se utilizar\u00e1n para fines no previstos en estos avisos legales. A tal efecto, todas las respuestas solicitadas son estrictamente necesarias para la prestaci\u00f3n del producto o servicio en cuesti\u00f3n. En caso de respuesta incompleta o ausencia de respuesta, el usuario corre el riesgo de que no se le proporcione el producto o servicio solicitado. Los mensajes electr\u00f3nicos y los datos personales enviados a CX AIR DYNAMICS FRANCE se conservan durante un per\u00edodo m\u00e1ximo de 3 a\u00f1os.<\/p>\n\t\t\t\t\t\t\t\t<\/div>\n\t\t\t\t<\/div>\n\t\t\t\t<div class=\"elementor-element elementor-element-5c88665 elementor-widget elementor-widget-text-editor\" data-id=\"5c88665\" data-element_type=\"widget\" data-e-type=\"widget\" data-widget_type=\"text-editor.default\">\n\t\t\t\t<div class=\"elementor-widget-container\">\n\t\t\t\t\t\t\t\t\t<h2>No transferencia del expediente del cliente<\/h2>\n<p>CX AIR DYNAMICS FRANCE es el \u00fanico destinatario de los datos personales y no transferir\u00e1 su expediente de cliente.<\/p>\n<h2>Contactar<\/h2>\n<p><a href=\"https:\/\/cxairdynamics.com\/es\/contactar\/\" target=\"_blank\" rel=\"noopener\">Cont\u00e1ctenos<\/a>\u00a0directamente para cualquier informaci\u00f3n. Gracias por su inter\u00e9s en nuestro sitio, le deseamos una buena navegaci\u00f3n.<\/p>\n\t\t\t\t\t\t\t\t<\/div>\n\t\t\t\t<\/div>\n\t\t\t\t\t<\/div>\n\t\t<\/div>\n\t\t\t\t<div class=\"elementor-column elementor-col-33 elementor-top-column elementor-element elementor-element-38ea942 col-4-1025\" data-id=\"38ea942\" data-element_type=\"column\" data-e-type=\"column\">\n\t\t\t<div class=\"elementor-widget-wrap\">\n\t\t\t\t\t\t\t<\/div>\n\t\t<\/div>\n\t\t\t\t\t<\/div>\n\t\t<\/section>\n\t\t\t\t<\/div>\n\t\t","protected":false},"excerpt":{"rendered":"<p>Notas legales El sitio \u00ab\u00a0CX Air Dynamics \u00bb y todos sus componentes son propiedad de CX AIR DYNAMICS FRANCE.Oficina central: 155, Chemin de la Gare &#8211; 31600, Saint-Clar-de-Rivi\u00e8reSAS con un capital de 42.067 \u20acRegistrado en el RCS de Toulouse con el n\u00famero 853794113Director de publicaci\u00f3n: Xavier Bouquillard de Milleret Compromiso asumido por el sitio El [&hellip;]<\/p>\n","protected":false},"author":1,"featured_media":0,"parent":0,"menu_order":11,"comment_status":"closed","ping_status":"closed","template":"","meta":{"site-sidebar-layout":"no-sidebar","site-content-layout":"page-builder","ast-site-content-layout":"default","site-content-style":"default","site-sidebar-style":"default","ast-global-header-display":"","ast-banner-title-visibility":"","ast-main-header-display":"","ast-hfb-above-header-display":"","ast-hfb-below-header-display":"","ast-hfb-mobile-header-display":"","site-post-title":"disabled","ast-breadcrumbs-content":"","ast-featured-img":"disabled","footer-sml-layout":"","ast-disable-related-posts":"","theme-transparent-header-meta":"default","adv-header-id-meta":"","stick-header-meta":"","header-above-stick-meta":"","header-main-stick-meta":"","header-below-stick-meta":"","astra-migrate-meta-layouts":"default","ast-page-background-enabled":"default","ast-page-background-meta":{"desktop":{"background-color":"","background-image":"","background-repeat":"repeat","background-position":"center center","background-size":"auto","background-attachment":"scroll","background-type":"","background-media":"","overlay-type":"","overlay-color":"","overlay-opacity":"","overlay-gradient":""},"tablet":{"background-color":"","background-image":"","background-repeat":"repeat","background-position":"center center","background-size":"auto","background-attachment":"scroll","background-type":"","background-media":"","overlay-type":"","overlay-color":"","overlay-opacity":"","overlay-gradient":""},"mobile":{"background-color":"","background-image":"","background-repeat":"repeat","background-position":"center center","background-size":"auto","background-attachment":"scroll","background-type":"","background-media":"","overlay-type":"","overlay-color":"","overlay-opacity":"","overlay-gradient":""}},"ast-content-background-meta":{"desktop":{"background-color":"var(--ast-global-color-5)","background-image":"","background-repeat":"repeat","background-position":"center center","background-size":"auto","background-attachment":"scroll","background-type":"","background-media":"","overlay-type":"","overlay-color":"","overlay-opacity":"","overlay-gradient":""},"tablet":{"background-color":"var(--ast-global-color-5)","background-image":"","background-repeat":"repeat","background-position":"center center","background-size":"auto","background-attachment":"scroll","background-type":"","background-media":"","overlay-type":"","overlay-color":"","overlay-opacity":"","overlay-gradient":""},"mobile":{"background-color":"var(--ast-global-color-5)","background-image":"","background-repeat":"repeat","background-position":"center center","background-size":"auto","background-attachment":"scroll","background-type":"","background-media":"","overlay-type":"","overlay-color":"","overlay-opacity":"","overlay-gradient":""}},"footnotes":""},"class_list":["post-3211","page","type-page","status-publish","hentry"],"yoast_head":"<!-- This site is optimized with the Yoast SEO plugin v27.3 - https:\/\/yoast.com\/product\/yoast-seo-wordpress\/ -->\n<title>Notas legales - CX Air Dynamics<\/title>\n<meta name=\"description\" content=\"Las menciones legales del sitio web de CX Air Dynamics\" \/>\n<meta name=\"robots\" content=\"index, follow, max-snippet:-1, max-image-preview:large, max-video-preview:-1\" \/>\n<link rel=\"canonical\" href=\"https:\/\/cxairdynamics.com\/es\/notas-legales\/\" \/>\n<meta property=\"og:locale\" content=\"es_ES\" \/>\n<meta property=\"og:type\" content=\"article\" \/>\n<meta property=\"og:title\" content=\"Notas legales - CX Air Dynamics\" \/>\n<meta property=\"og:description\" content=\"Las menciones legales del sitio web de CX Air Dynamics\" \/>\n<meta property=\"og:url\" content=\"https:\/\/cxairdynamics.com\/es\/notas-legales\/\" \/>\n<meta property=\"og:site_name\" content=\"CX Air Dynamics\" \/>\n<meta property=\"article:modified_time\" content=\"2026-02-25T09:35:09+00:00\" \/>\n<meta name=\"twitter:card\" content=\"summary_large_image\" \/>\n<meta name=\"twitter:label1\" content=\"Tiempo de lectura\" \/>\n\t<meta name=\"twitter:data1\" content=\"5 minutos\" \/>\n<script type=\"application\/ld+json\" class=\"yoast-schema-graph\">{\"@context\":\"https:\\\/\\\/schema.org\",\"@graph\":[{\"@type\":\"WebPage\",\"@id\":\"https:\\\/\\\/cxairdynamics.com\\\/es\\\/notas-legales\\\/\",\"url\":\"https:\\\/\\\/cxairdynamics.com\\\/es\\\/notas-legales\\\/\",\"name\":\"Notas legales - CX Air Dynamics\",\"isPartOf\":{\"@id\":\"https:\\\/\\\/cxairdynamics.com\\\/es\\\/#website\"},\"datePublished\":\"2021-07-21T12:26:14+00:00\",\"dateModified\":\"2026-02-25T09:35:09+00:00\",\"description\":\"Las menciones legales del sitio web de CX Air Dynamics\",\"breadcrumb\":{\"@id\":\"https:\\\/\\\/cxairdynamics.com\\\/es\\\/notas-legales\\\/#breadcrumb\"},\"inLanguage\":\"es\",\"potentialAction\":[{\"@type\":\"ReadAction\",\"target\":[\"https:\\\/\\\/cxairdynamics.com\\\/es\\\/notas-legales\\\/\"]}]},{\"@type\":\"BreadcrumbList\",\"@id\":\"https:\\\/\\\/cxairdynamics.com\\\/es\\\/notas-legales\\\/#breadcrumb\",\"itemListElement\":[{\"@type\":\"ListItem\",\"position\":1,\"name\":\"Inicio\",\"item\":\"https:\\\/\\\/cxairdynamics.com\\\/es\\\/\"},{\"@type\":\"ListItem\",\"position\":2,\"name\":\"Notas legales\"}]},{\"@type\":\"WebSite\",\"@id\":\"https:\\\/\\\/cxairdynamics.com\\\/es\\\/#website\",\"url\":\"https:\\\/\\\/cxairdynamics.com\\\/es\\\/\",\"name\":\"CX Air Dynamics\",\"description\":\"\",\"publisher\":{\"@id\":\"https:\\\/\\\/cxairdynamics.com\\\/es\\\/#organization\"},\"potentialAction\":[{\"@type\":\"SearchAction\",\"target\":{\"@type\":\"EntryPoint\",\"urlTemplate\":\"https:\\\/\\\/cxairdynamics.com\\\/es\\\/?s={search_term_string}\"},\"query-input\":{\"@type\":\"PropertyValueSpecification\",\"valueRequired\":true,\"valueName\":\"search_term_string\"}}],\"inLanguage\":\"es\"},{\"@type\":\"Organization\",\"@id\":\"https:\\\/\\\/cxairdynamics.com\\\/es\\\/#organization\",\"name\":\"CX Air Dynamics\",\"url\":\"https:\\\/\\\/cxairdynamics.com\\\/es\\\/\",\"logo\":{\"@type\":\"ImageObject\",\"inLanguage\":\"es\",\"@id\":\"https:\\\/\\\/cxairdynamics.com\\\/es\\\/#\\\/schema\\\/logo\\\/image\\\/\",\"url\":\"\",\"contentUrl\":\"\",\"caption\":\"CX Air Dynamics\"},\"image\":{\"@id\":\"https:\\\/\\\/cxairdynamics.com\\\/es\\\/#\\\/schema\\\/logo\\\/image\\\/\"}}]}<\/script>\n<!-- \/ Yoast SEO plugin. -->","yoast_head_json":{"title":"Notas legales - CX Air Dynamics","description":"Las menciones legales del sitio web de CX Air Dynamics","robots":{"index":"index","follow":"follow","max-snippet":"max-snippet:-1","max-image-preview":"max-image-preview:large","max-video-preview":"max-video-preview:-1"},"canonical":"https:\/\/cxairdynamics.com\/es\/notas-legales\/","og_locale":"es_ES","og_type":"article","og_title":"Notas legales - CX Air Dynamics","og_description":"Las menciones legales del sitio web de CX Air Dynamics","og_url":"https:\/\/cxairdynamics.com\/es\/notas-legales\/","og_site_name":"CX Air Dynamics","article_modified_time":"2026-02-25T09:35:09+00:00","twitter_card":"summary_large_image","twitter_misc":{"Tiempo de lectura":"5 minutos"},"schema":{"@context":"https:\/\/schema.org","@graph":[{"@type":"WebPage","@id":"https:\/\/cxairdynamics.com\/es\/notas-legales\/","url":"https:\/\/cxairdynamics.com\/es\/notas-legales\/","name":"Notas legales - CX Air Dynamics","isPartOf":{"@id":"https:\/\/cxairdynamics.com\/es\/#website"},"datePublished":"2021-07-21T12:26:14+00:00","dateModified":"2026-02-25T09:35:09+00:00","description":"Las menciones legales del sitio web de CX Air Dynamics","breadcrumb":{"@id":"https:\/\/cxairdynamics.com\/es\/notas-legales\/#breadcrumb"},"inLanguage":"es","potentialAction":[{"@type":"ReadAction","target":["https:\/\/cxairdynamics.com\/es\/notas-legales\/"]}]},{"@type":"BreadcrumbList","@id":"https:\/\/cxairdynamics.com\/es\/notas-legales\/#breadcrumb","itemListElement":[{"@type":"ListItem","position":1,"name":"Inicio","item":"https:\/\/cxairdynamics.com\/es\/"},{"@type":"ListItem","position":2,"name":"Notas legales"}]},{"@type":"WebSite","@id":"https:\/\/cxairdynamics.com\/es\/#website","url":"https:\/\/cxairdynamics.com\/es\/","name":"CX Air Dynamics","description":"","publisher":{"@id":"https:\/\/cxairdynamics.com\/es\/#organization"},"potentialAction":[{"@type":"SearchAction","target":{"@type":"EntryPoint","urlTemplate":"https:\/\/cxairdynamics.com\/es\/?s={search_term_string}"},"query-input":{"@type":"PropertyValueSpecification","valueRequired":true,"valueName":"search_term_string"}}],"inLanguage":"es"},{"@type":"Organization","@id":"https:\/\/cxairdynamics.com\/es\/#organization","name":"CX Air Dynamics","url":"https:\/\/cxairdynamics.com\/es\/","logo":{"@type":"ImageObject","inLanguage":"es","@id":"https:\/\/cxairdynamics.com\/es\/#\/schema\/logo\/image\/","url":"","contentUrl":"","caption":"CX Air Dynamics"},"image":{"@id":"https:\/\/cxairdynamics.com\/es\/#\/schema\/logo\/image\/"}}]}},"_links":{"self":[{"href":"https:\/\/cxairdynamics.com\/es\/wp-json\/wp\/v2\/pages\/3211","targetHints":{"allow":["GET"]}}],"collection":[{"href":"https:\/\/cxairdynamics.com\/es\/wp-json\/wp\/v2\/pages"}],"about":[{"href":"https:\/\/cxairdynamics.com\/es\/wp-json\/wp\/v2\/types\/page"}],"author":[{"embeddable":true,"href":"https:\/\/cxairdynamics.com\/es\/wp-json\/wp\/v2\/users\/1"}],"replies":[{"embeddable":true,"href":"https:\/\/cxairdynamics.com\/es\/wp-json\/wp\/v2\/comments?post=3211"}],"version-history":[{"count":3,"href":"https:\/\/cxairdynamics.com\/es\/wp-json\/wp\/v2\/pages\/3211\/revisions"}],"predecessor-version":[{"id":8010,"href":"https:\/\/cxairdynamics.com\/es\/wp-json\/wp\/v2\/pages\/3211\/revisions\/8010"}],"wp:attachment":[{"href":"https:\/\/cxairdynamics.com\/es\/wp-json\/wp\/v2\/media?parent=3211"}],"curies":[{"name":"wp","href":"https:\/\/api.w.org\/{rel}","templated":true}]}}