{"id":3151,"date":"2021-07-21T11:48:04","date_gmt":"2021-07-21T09:48:04","guid":{"rendered":"https:\/\/cxairdynamics.com\/noticias\/"},"modified":"2026-02-24T09:34:18","modified_gmt":"2026-02-24T08:34:18","slug":"noticias","status":"publish","type":"page","link":"https:\/\/cxairdynamics.com\/es\/noticias\/","title":{"rendered":"Noticias"},"content":{"rendered":"\t\t<div data-elementor-type=\"wp-page\" data-elementor-id=\"3151\" class=\"elementor elementor-3151 elementor-633\" data-elementor-post-type=\"page\">\n\t\t\t\t\t\t<section class=\"elementor-section elementor-top-section elementor-element elementor-element-5bee342 elementor-section-full_width elementor-section-height-default elementor-section-height-default\" data-id=\"5bee342\" data-element_type=\"section\" data-e-type=\"section\">\n\t\t\t\t\t\t<div class=\"elementor-container elementor-column-gap-default\">\n\t\t\t\t\t<div class=\"elementor-column elementor-col-33 elementor-top-column elementor-element elementor-element-340e57a col-4-1025\" data-id=\"340e57a\" data-element_type=\"column\" data-e-type=\"column\">\n\t\t\t<div class=\"elementor-widget-wrap\">\n\t\t\t\t\t\t\t<\/div>\n\t\t<\/div>\n\t\t\t\t<div class=\"elementor-column elementor-col-33 elementor-top-column elementor-element elementor-element-b02deb2 col-92-1025\" data-id=\"b02deb2\" data-element_type=\"column\" data-e-type=\"column\">\n\t\t\t<div class=\"elementor-widget-wrap elementor-element-populated\">\n\t\t\t\t\t\t<div class=\"elementor-element elementor-element-7defb5e nomargb elementor-widget elementor-widget-heading\" data-id=\"7defb5e\" data-element_type=\"widget\" data-e-type=\"widget\" data-widget_type=\"heading.default\">\n\t\t\t\t<div class=\"elementor-widget-container\">\n\t\t\t\t\t<h1 class=\"elementor-heading-title elementor-size-default\">Noticias<\/h1>\t\t\t\t<\/div>\n\t\t\t\t<\/div>\n\t\t\t\t<div class=\"elementor-element elementor-element-9c0b261 elementor-align-left elementor-widget elementor-widget-breadcrumbs\" data-id=\"9c0b261\" data-element_type=\"widget\" data-e-type=\"widget\" data-widget_type=\"breadcrumbs.default\">\n\t\t\t\t<div class=\"elementor-widget-container\">\n\t\t\t\t\t<p id=\"breadcrumbs\"><span><span><a href=\"https:\/\/cxairdynamics.com\/es\/\">Inicio<\/a><\/span><\/span><\/p>\t\t\t\t<\/div>\n\t\t\t\t<\/div>\n\t\t\t\t<div class=\"elementor-element elementor-element-3fd2da7 actus elementor-grid-tablet-3 elementor-grid-3 elementor-grid-mobile-1 elementor-posts--thumbnail-top elementor-widget elementor-widget-posts\" data-id=\"3fd2da7\" data-element_type=\"widget\" data-e-type=\"widget\" data-settings=\"{&quot;classic_row_gap&quot;:{&quot;unit&quot;:&quot;px&quot;,&quot;size&quot;:27,&quot;sizes&quot;:[]},&quot;classic_columns_tablet&quot;:&quot;3&quot;,&quot;classic_columns&quot;:&quot;3&quot;,&quot;classic_columns_mobile&quot;:&quot;1&quot;,&quot;classic_row_gap_tablet&quot;:{&quot;unit&quot;:&quot;px&quot;,&quot;size&quot;:&quot;&quot;,&quot;sizes&quot;:[]},&quot;classic_row_gap_mobile&quot;:{&quot;unit&quot;:&quot;px&quot;,&quot;size&quot;:&quot;&quot;,&quot;sizes&quot;:[]}}\" data-widget_type=\"posts.classic\">\n\t\t\t\t<div class=\"elementor-widget-container\">\n\t\t\t\t\t\t\t<div class=\"elementor-posts-container elementor-posts elementor-posts--skin-classic elementor-grid\" role=\"list\">\n\t\t\t\t<article class=\"elementor-post elementor-grid-item post-3193 post type-post status-publish format-standard has-post-thumbnail hentry category-sin-categorizar\" role=\"listitem\">\n\t\t\t\t<a class=\"elementor-post__thumbnail__link\" href=\"https:\/\/cxairdynamics.com\/es\/articulo-la-depeche\/\" tabindex=\"-1\" >\n\t\t\t<div class=\"elementor-post__thumbnail\"><img fetchpriority=\"high\" decoding=\"async\" width=\"400\" height=\"226\" src=\"https:\/\/cxairdynamics.com\/wp-content\/uploads\/2020\/12\/invention-pantalon-airbag-moto.jpg\" class=\"attachment-full size-full wp-image-3194\" alt=\"\" srcset=\"https:\/\/cxairdynamics.com\/wp-content\/uploads\/2020\/12\/invention-pantalon-airbag-moto.jpg 400w, https:\/\/cxairdynamics.com\/wp-content\/uploads\/2020\/12\/invention-pantalon-airbag-moto-300x170.jpg 300w\" sizes=\"(max-width: 400px) 100vw, 400px\" \/><\/div>\n\t\t<\/a>\n\t\t\t\t<div class=\"elementor-post__text\">\n\t\t\t\t<h3 class=\"elementor-post__title\">\n\t\t\t<a href=\"https:\/\/cxairdynamics.com\/es\/articulo-la-depeche\/\" >\n\t\t\t\tArt\u00edculo LA D\u00c9P\u00caCHE\t\t\t<\/a>\n\t\t<\/h3>\n\t\t\t\t<div class=\"elementor-post__meta-data\">\n\t\t\t\t\t<span class=\"elementor-post-date\">\n\t\t\t21 de julio de 2021\t\t<\/span>\n\t\t\t\t<\/div>\n\t\t\t\t<div class=\"elementor-post__excerpt\">\n\t\t\t<p>Una start-up de Toulouse inventa sobrepantal\u00f3n con airbag para motociclistas<\/p>\n\t\t<\/div>\n\t\t\n\t\t<a class=\"elementor-post__read-more\" href=\"https:\/\/cxairdynamics.com\/es\/articulo-la-depeche\/\" aria-label=\"M\u00e1s informaci\u00f3n sobre Art\u00edculo LA D\u00c9P\u00caCHE\" tabindex=\"-1\" >\n\t\t\tM\u00e1s informaci\u00f3n\t\t<\/a>\n\n\t\t\t\t<\/div>\n\t\t\t\t<\/article>\n\t\t\t\t<article class=\"elementor-post elementor-grid-item post-3143 post type-post status-publish format-standard has-post-thumbnail hentry category-sin-categorizar\" role=\"listitem\">\n\t\t\t\t<a class=\"elementor-post__thumbnail__link\" href=\"https:\/\/cxairdynamics.com\/es\/cx-air-dynamics-en-los-medias\/\" tabindex=\"-1\" >\n\t\t\t<div class=\"elementor-post__thumbnail\"><img decoding=\"async\" width=\"523\" height=\"349\" src=\"https:\/\/cxairdynamics.com\/wp-content\/uploads\/2021\/02\/cx-air-medias.jpg\" class=\"attachment-full size-full wp-image-3144\" alt=\"\" srcset=\"https:\/\/cxairdynamics.com\/wp-content\/uploads\/2021\/02\/cx-air-medias.jpg 523w, https:\/\/cxairdynamics.com\/wp-content\/uploads\/2021\/02\/cx-air-medias-300x200.jpg 300w\" sizes=\"(max-width: 523px) 100vw, 523px\" \/><\/div>\n\t\t<\/a>\n\t\t\t\t<div class=\"elementor-post__text\">\n\t\t\t\t<h3 class=\"elementor-post__title\">\n\t\t\t<a href=\"https:\/\/cxairdynamics.com\/es\/cx-air-dynamics-en-los-medias\/\" >\n\t\t\t\tCX AIR DYNAMICS en los medios\t\t\t<\/a>\n\t\t<\/h3>\n\t\t\t\t<div class=\"elementor-post__meta-data\">\n\t\t\t\t\t<span class=\"elementor-post-date\">\n\t\t\t21 de julio de 2021\t\t<\/span>\n\t\t\t\t<\/div>\n\t\t\t\t<div class=\"elementor-post__excerpt\">\n\t\t\t<p>CX AIR DYNAMICS en los medios : Prensa, Web, Radio, TV, Video<\/p>\n\t\t<\/div>\n\t\t\n\t\t<a class=\"elementor-post__read-more\" href=\"https:\/\/cxairdynamics.com\/es\/cx-air-dynamics-en-los-medias\/\" aria-label=\"M\u00e1s informaci\u00f3n sobre CX AIR DYNAMICS en los medios\" tabindex=\"-1\" >\n\t\t\tM\u00e1s informaci\u00f3n\t\t<\/a>\n\n\t\t\t\t<\/div>\n\t\t\t\t<\/article>\n\t\t\t\t<article class=\"elementor-post elementor-grid-item post-2920 post type-post status-publish format-standard has-post-thumbnail hentry category-sin-categorizar\" role=\"listitem\">\n\t\t\t\t<a class=\"elementor-post__thumbnail__link\" href=\"https:\/\/cxairdynamics.com\/es\/moto-club-14-axa\/\" tabindex=\"-1\" >\n\t\t\t<div class=\"elementor-post__thumbnail\"><img decoding=\"async\" width=\"521\" height=\"313\" src=\"https:\/\/cxairdynamics.com\/wp-content\/uploads\/2020\/09\/Logo-Club-14.jpg\" class=\"attachment-full size-full wp-image-2921\" alt=\"\" srcset=\"https:\/\/cxairdynamics.com\/wp-content\/uploads\/2020\/09\/Logo-Club-14.jpg 521w, https:\/\/cxairdynamics.com\/wp-content\/uploads\/2020\/09\/Logo-Club-14-300x180.jpg 300w\" sizes=\"(max-width: 521px) 100vw, 521px\" \/><\/div>\n\t\t<\/a>\n\t\t\t\t<div class=\"elementor-post__text\">\n\t\t\t\t<h3 class=\"elementor-post__title\">\n\t\t\t<a href=\"https:\/\/cxairdynamics.com\/es\/moto-club-14-axa\/\" >\n\t\t\t\tMotoLab Club 14\t\t\t<\/a>\n\t\t<\/h3>\n\t\t\t\t<div class=\"elementor-post__meta-data\">\n\t\t\t\t\t<span class=\"elementor-post-date\">\n\t\t\t21 de julio de 2021\t\t<\/span>\n\t\t\t\t<\/div>\n\t\t\t\t<div class=\"elementor-post__excerpt\">\n\t\t\t<p>Entrevista con el cofundador de CX Air Dynamics, que lanza el primer pantal\u00f3n<\/p>\n\t\t<\/div>\n\t\t\n\t\t<a class=\"elementor-post__read-more\" href=\"https:\/\/cxairdynamics.com\/es\/moto-club-14-axa\/\" aria-label=\"M\u00e1s informaci\u00f3n sobre MotoLab Club 14\" tabindex=\"-1\" >\n\t\t\tM\u00e1s informaci\u00f3n\t\t<\/a>\n\n\t\t\t\t<\/div>\n\t\t\t\t<\/article>\n\t\t\t\t<article class=\"elementor-post elementor-grid-item post-2904 post type-post status-publish format-standard has-post-thumbnail hentry category-sin-categorizar\" role=\"listitem\">\n\t\t\t\t<a class=\"elementor-post__thumbnail__link\" href=\"https:\/\/cxairdynamics.com\/es\/emoto\/\" tabindex=\"-1\" >\n\t\t\t<div class=\"elementor-post__thumbnail\"><img loading=\"lazy\" decoding=\"async\" width=\"861\" height=\"556\" src=\"https:\/\/cxairdynamics.com\/wp-content\/uploads\/2020\/07\/actus.jpg\" class=\"attachment-full size-full wp-image-2905\" alt=\"Actualit\u00e9s CX Air Dynamics\" srcset=\"https:\/\/cxairdynamics.com\/wp-content\/uploads\/2020\/07\/actus.jpg 861w, https:\/\/cxairdynamics.com\/wp-content\/uploads\/2020\/07\/actus-300x194.jpg 300w, https:\/\/cxairdynamics.com\/wp-content\/uploads\/2020\/07\/actus-768x496.jpg 768w, https:\/\/cxairdynamics.com\/wp-content\/uploads\/2020\/07\/actus-600x387.jpg 600w\" sizes=\"(max-width: 861px) 100vw, 861px\" \/><\/div>\n\t\t<\/a>\n\t\t\t\t<div class=\"elementor-post__text\">\n\t\t\t\t<h3 class=\"elementor-post__title\">\n\t\t\t<a href=\"https:\/\/cxairdynamics.com\/es\/emoto\/\" >\n\t\t\t\tEmoto &#8211; Feria de Lyon\t\t\t<\/a>\n\t\t<\/h3>\n\t\t\t\t<div class=\"elementor-post__meta-data\">\n\t\t\t\t\t<span class=\"elementor-post-date\">\n\t\t\t21 de julio de 2021\t\t<\/span>\n\t\t\t\t<\/div>\n\t\t\t\t<div class=\"elementor-post__excerpt\">\n\t\t\t<p>El pantal\u00f3n con airbag CX Air Dynamics en el feria de Lyon 2020<\/p>\n\t\t<\/div>\n\t\t\n\t\t<a class=\"elementor-post__read-more\" href=\"https:\/\/cxairdynamics.com\/es\/emoto\/\" aria-label=\"M\u00e1s informaci\u00f3n sobre Emoto &#8211; Feria de Lyon\" tabindex=\"-1\" >\n\t\t\tM\u00e1s informaci\u00f3n\t\t<\/a>\n\n\t\t\t\t<\/div>\n\t\t\t\t<\/article>\n\t\t\t\t<\/div>\n\t\t\n\t\t\t\t\t\t<\/div>\n\t\t\t\t<\/div>\n\t\t\t\t\t<\/div>\n\t\t<\/div>\n\t\t\t\t<div class=\"elementor-column elementor-col-33 elementor-top-column elementor-element elementor-element-7f32f2d col-4-1025\" data-id=\"7f32f2d\" data-element_type=\"column\" data-e-type=\"column\">\n\t\t\t<div class=\"elementor-widget-wrap\">\n\t\t\t\t\t\t\t<\/div>\n\t\t<\/div>\n\t\t\t\t\t<\/div>\n\t\t<\/section>\n\t\t\t\t<\/div>\n\t\t","protected":false},"excerpt":{"rendered":"<p>Noticias<\/p>\n","protected":false},"author":1,"featured_media":0,"parent":0,"menu_order":10,"comment_status":"closed","ping_status":"closed","template":"","meta":{"site-sidebar-layout":"no-sidebar","site-content-layout":"page-builder","ast-site-content-layout":"default","site-content-style":"default","site-sidebar-style":"default","ast-global-header-display":"","ast-banner-title-visibility":"","ast-main-header-display":"","ast-hfb-above-header-display":"","ast-hfb-below-header-display":"","ast-hfb-mobile-header-display":"","site-post-title":"disabled","ast-breadcrumbs-content":"","ast-featured-img":"disabled","footer-sml-layout":"","ast-disable-related-posts":"","theme-transparent-header-meta":"default","adv-header-id-meta":"","stick-header-meta":"","header-above-stick-meta":"","header-main-stick-meta":"","header-below-stick-meta":"","astra-migrate-meta-layouts":"default","ast-page-background-enabled":"default","ast-page-background-meta":{"desktop":{"background-color":"","background-image":"","background-repeat":"repeat","background-position":"center center","background-size":"auto","background-attachment":"scroll","background-type":"","background-media":"","overlay-type":"","overlay-color":"","overlay-opacity":"","overlay-gradient":""},"tablet":{"background-color":"","background-image":"","background-repeat":"repeat","background-position":"center center","background-size":"auto","background-attachment":"scroll","background-type":"","background-media":"","overlay-type":"","overlay-color":"","overlay-opacity":"","overlay-gradient":""},"mobile":{"background-color":"","background-image":"","background-repeat":"repeat","background-position":"center center","background-size":"auto","background-attachment":"scroll","background-type":"","background-media":"","overlay-type":"","overlay-color":"","overlay-opacity":"","overlay-gradient":""}},"ast-content-background-meta":{"desktop":{"background-color":"var(--ast-global-color-5)","background-image":"","background-repeat":"repeat","background-position":"center center","background-size":"auto","background-attachment":"scroll","background-type":"","background-media":"","overlay-type":"","overlay-color":"","overlay-opacity":"","overlay-gradient":""},"tablet":{"background-color":"var(--ast-global-color-5)","background-image":"","background-repeat":"repeat","background-position":"center center","background-size":"auto","background-attachment":"scroll","background-type":"","background-media":"","overlay-type":"","overlay-color":"","overlay-opacity":"","overlay-gradient":""},"mobile":{"background-color":"var(--ast-global-color-5)","background-image":"","background-repeat":"repeat","background-position":"center center","background-size":"auto","background-attachment":"scroll","background-type":"","background-media":"","overlay-type":"","overlay-color":"","overlay-opacity":"","overlay-gradient":""}},"footnotes":""},"class_list":["post-3151","page","type-page","status-publish","hentry"],"yoast_head":"<!-- This site is optimized with the Yoast SEO plugin v27.3 - https:\/\/yoast.com\/product\/yoast-seo-wordpress\/ -->\n<title>Noticias - CX Air Dynamics<\/title>\n<meta name=\"description\" content=\"Encuentre todas las noticias sobre CX Air Dynamics\" \/>\n<meta name=\"robots\" content=\"index, follow, max-snippet:-1, max-image-preview:large, max-video-preview:-1\" \/>\n<link rel=\"canonical\" href=\"https:\/\/cxairdynamics.com\/es\/noticias\/\" \/>\n<meta property=\"og:locale\" content=\"es_ES\" \/>\n<meta property=\"og:type\" content=\"article\" \/>\n<meta property=\"og:title\" content=\"Noticias - CX Air Dynamics\" \/>\n<meta property=\"og:description\" content=\"Encuentre todas las noticias sobre CX Air Dynamics\" \/>\n<meta property=\"og:url\" content=\"https:\/\/cxairdynamics.com\/es\/noticias\/\" \/>\n<meta property=\"og:site_name\" content=\"CX Air Dynamics\" \/>\n<meta property=\"article:modified_time\" content=\"2026-02-24T08:34:18+00:00\" \/>\n<meta name=\"twitter:card\" content=\"summary_large_image\" \/>\n<script type=\"application\/ld+json\" class=\"yoast-schema-graph\">{\"@context\":\"https:\\\/\\\/schema.org\",\"@graph\":[{\"@type\":\"WebPage\",\"@id\":\"https:\\\/\\\/cxairdynamics.com\\\/es\\\/noticias\\\/\",\"url\":\"https:\\\/\\\/cxairdynamics.com\\\/es\\\/noticias\\\/\",\"name\":\"Noticias - CX Air Dynamics\",\"isPartOf\":{\"@id\":\"https:\\\/\\\/cxairdynamics.com\\\/es\\\/#website\"},\"datePublished\":\"2021-07-21T09:48:04+00:00\",\"dateModified\":\"2026-02-24T08:34:18+00:00\",\"description\":\"Encuentre todas las noticias sobre CX Air Dynamics\",\"breadcrumb\":{\"@id\":\"https:\\\/\\\/cxairdynamics.com\\\/es\\\/noticias\\\/#breadcrumb\"},\"inLanguage\":\"es\",\"potentialAction\":[{\"@type\":\"ReadAction\",\"target\":[\"https:\\\/\\\/cxairdynamics.com\\\/es\\\/noticias\\\/\"]}]},{\"@type\":\"BreadcrumbList\",\"@id\":\"https:\\\/\\\/cxairdynamics.com\\\/es\\\/noticias\\\/#breadcrumb\",\"itemListElement\":[{\"@type\":\"ListItem\",\"position\":1,\"name\":\"Inicio\",\"item\":\"https:\\\/\\\/cxairdynamics.com\\\/es\\\/\"},{\"@type\":\"ListItem\",\"position\":2,\"name\":\"Noticias\"}]},{\"@type\":\"WebSite\",\"@id\":\"https:\\\/\\\/cxairdynamics.com\\\/es\\\/#website\",\"url\":\"https:\\\/\\\/cxairdynamics.com\\\/es\\\/\",\"name\":\"CX Air Dynamics\",\"description\":\"\",\"publisher\":{\"@id\":\"https:\\\/\\\/cxairdynamics.com\\\/es\\\/#organization\"},\"potentialAction\":[{\"@type\":\"SearchAction\",\"target\":{\"@type\":\"EntryPoint\",\"urlTemplate\":\"https:\\\/\\\/cxairdynamics.com\\\/es\\\/?s={search_term_string}\"},\"query-input\":{\"@type\":\"PropertyValueSpecification\",\"valueRequired\":true,\"valueName\":\"search_term_string\"}}],\"inLanguage\":\"es\"},{\"@type\":\"Organization\",\"@id\":\"https:\\\/\\\/cxairdynamics.com\\\/es\\\/#organization\",\"name\":\"CX Air Dynamics\",\"url\":\"https:\\\/\\\/cxairdynamics.com\\\/es\\\/\",\"logo\":{\"@type\":\"ImageObject\",\"inLanguage\":\"es\",\"@id\":\"https:\\\/\\\/cxairdynamics.com\\\/es\\\/#\\\/schema\\\/logo\\\/image\\\/\",\"url\":\"\",\"contentUrl\":\"\",\"caption\":\"CX Air Dynamics\"},\"image\":{\"@id\":\"https:\\\/\\\/cxairdynamics.com\\\/es\\\/#\\\/schema\\\/logo\\\/image\\\/\"}}]}<\/script>\n<!-- \/ Yoast SEO plugin. -->","yoast_head_json":{"title":"Noticias - CX Air Dynamics","description":"Encuentre todas las noticias sobre CX Air Dynamics","robots":{"index":"index","follow":"follow","max-snippet":"max-snippet:-1","max-image-preview":"max-image-preview:large","max-video-preview":"max-video-preview:-1"},"canonical":"https:\/\/cxairdynamics.com\/es\/noticias\/","og_locale":"es_ES","og_type":"article","og_title":"Noticias - CX Air Dynamics","og_description":"Encuentre todas las noticias sobre CX Air Dynamics","og_url":"https:\/\/cxairdynamics.com\/es\/noticias\/","og_site_name":"CX Air Dynamics","article_modified_time":"2026-02-24T08:34:18+00:00","twitter_card":"summary_large_image","schema":{"@context":"https:\/\/schema.org","@graph":[{"@type":"WebPage","@id":"https:\/\/cxairdynamics.com\/es\/noticias\/","url":"https:\/\/cxairdynamics.com\/es\/noticias\/","name":"Noticias - CX Air Dynamics","isPartOf":{"@id":"https:\/\/cxairdynamics.com\/es\/#website"},"datePublished":"2021-07-21T09:48:04+00:00","dateModified":"2026-02-24T08:34:18+00:00","description":"Encuentre todas las noticias sobre CX Air Dynamics","breadcrumb":{"@id":"https:\/\/cxairdynamics.com\/es\/noticias\/#breadcrumb"},"inLanguage":"es","potentialAction":[{"@type":"ReadAction","target":["https:\/\/cxairdynamics.com\/es\/noticias\/"]}]},{"@type":"BreadcrumbList","@id":"https:\/\/cxairdynamics.com\/es\/noticias\/#breadcrumb","itemListElement":[{"@type":"ListItem","position":1,"name":"Inicio","item":"https:\/\/cxairdynamics.com\/es\/"},{"@type":"ListItem","position":2,"name":"Noticias"}]},{"@type":"WebSite","@id":"https:\/\/cxairdynamics.com\/es\/#website","url":"https:\/\/cxairdynamics.com\/es\/","name":"CX Air Dynamics","description":"","publisher":{"@id":"https:\/\/cxairdynamics.com\/es\/#organization"},"potentialAction":[{"@type":"SearchAction","target":{"@type":"EntryPoint","urlTemplate":"https:\/\/cxairdynamics.com\/es\/?s={search_term_string}"},"query-input":{"@type":"PropertyValueSpecification","valueRequired":true,"valueName":"search_term_string"}}],"inLanguage":"es"},{"@type":"Organization","@id":"https:\/\/cxairdynamics.com\/es\/#organization","name":"CX Air Dynamics","url":"https:\/\/cxairdynamics.com\/es\/","logo":{"@type":"ImageObject","inLanguage":"es","@id":"https:\/\/cxairdynamics.com\/es\/#\/schema\/logo\/image\/","url":"","contentUrl":"","caption":"CX Air Dynamics"},"image":{"@id":"https:\/\/cxairdynamics.com\/es\/#\/schema\/logo\/image\/"}}]}},"_links":{"self":[{"href":"https:\/\/cxairdynamics.com\/es\/wp-json\/wp\/v2\/pages\/3151","targetHints":{"allow":["GET"]}}],"collection":[{"href":"https:\/\/cxairdynamics.com\/es\/wp-json\/wp\/v2\/pages"}],"about":[{"href":"https:\/\/cxairdynamics.com\/es\/wp-json\/wp\/v2\/types\/page"}],"author":[{"embeddable":true,"href":"https:\/\/cxairdynamics.com\/es\/wp-json\/wp\/v2\/users\/1"}],"replies":[{"embeddable":true,"href":"https:\/\/cxairdynamics.com\/es\/wp-json\/wp\/v2\/comments?post=3151"}],"version-history":[{"count":3,"href":"https:\/\/cxairdynamics.com\/es\/wp-json\/wp\/v2\/pages\/3151\/revisions"}],"predecessor-version":[{"id":7964,"href":"https:\/\/cxairdynamics.com\/es\/wp-json\/wp\/v2\/pages\/3151\/revisions\/7964"}],"wp:attachment":[{"href":"https:\/\/cxairdynamics.com\/es\/wp-json\/wp\/v2\/media?parent=3151"}],"curies":[{"name":"wp","href":"https:\/\/api.w.org\/{rel}","templated":true}]}}