{"id":2781,"date":"2021-02-03T14:22:48","date_gmt":"2021-02-03T13:22:48","guid":{"rendered":"https:\/\/cxairdynamics.com\/legal-notices\/"},"modified":"2026-02-25T10:34:36","modified_gmt":"2026-02-25T09:34:36","slug":"legal-notices","status":"publish","type":"page","link":"https:\/\/cxairdynamics.com\/en\/legal-notices\/","title":{"rendered":"Legal notices"},"content":{"rendered":"\t\t<div data-elementor-type=\"wp-page\" data-elementor-id=\"2781\" class=\"elementor elementor-2781 elementor-257\" data-elementor-post-type=\"page\">\n\t\t\t\t\t\t<section class=\"elementor-section elementor-top-section elementor-element elementor-element-265e3be elementor-section-full_width elementor-section-height-default elementor-section-height-default\" data-id=\"265e3be\" data-element_type=\"section\" data-e-type=\"section\">\n\t\t\t\t\t\t<div class=\"elementor-container elementor-column-gap-default\">\n\t\t\t\t\t<div class=\"elementor-column elementor-col-33 elementor-top-column elementor-element elementor-element-ef77e8a col-4-1025\" data-id=\"ef77e8a\" data-element_type=\"column\" data-e-type=\"column\">\n\t\t\t<div class=\"elementor-widget-wrap\">\n\t\t\t\t\t\t\t<\/div>\n\t\t<\/div>\n\t\t\t\t<div class=\"elementor-column elementor-col-33 elementor-top-column elementor-element elementor-element-cf45460 col-92-1025\" data-id=\"cf45460\" data-element_type=\"column\" data-e-type=\"column\">\n\t\t\t<div class=\"elementor-widget-wrap elementor-element-populated\">\n\t\t\t\t\t\t<div class=\"elementor-element elementor-element-2cbdbf5 nomargb elementor-widget elementor-widget-heading\" data-id=\"2cbdbf5\" data-element_type=\"widget\" data-e-type=\"widget\" data-widget_type=\"heading.default\">\n\t\t\t\t<div class=\"elementor-widget-container\">\n\t\t\t\t\t<h2 class=\"elementor-heading-title elementor-size-default\">Legal notices<\/h2>\t\t\t\t<\/div>\n\t\t\t\t<\/div>\n\t\t\t\t<div class=\"elementor-element elementor-element-53a5732 elementor-align-left elementor-widget elementor-widget-breadcrumbs\" data-id=\"53a5732\" data-element_type=\"widget\" data-e-type=\"widget\" data-widget_type=\"breadcrumbs.default\">\n\t\t\t\t<div class=\"elementor-widget-container\">\n\t\t\t\t\t<p id=\"breadcrumbs\"><span><span><a href=\"https:\/\/cxairdynamics.com\/en\/\">Home<\/a><\/span><\/span><\/p>\t\t\t\t<\/div>\n\t\t\t\t<\/div>\n\t\t\t\t<div class=\"elementor-element elementor-element-5b4ad83 elementor-widget elementor-widget-text-editor\" data-id=\"5b4ad83\" data-element_type=\"widget\" data-e-type=\"widget\" data-widget_type=\"text-editor.default\">\n\t\t\t\t<div class=\"elementor-widget-container\">\n\t\t\t\t\t\t\t\t\t<p>The <b>\u201cCX Air Dynamics\u201d<\/b> site and all of its components are the property of CX AIR DYNAMICS FRANCE.<br \/>The head office : <b>155 <\/b><b>chemin<\/b><b> de la gare \u2013 31600 Saint-<\/b><b>Clar<\/b><b> de <\/b><b>rivi\u00e8re<\/b><br \/><b>SAS <\/b><b>with<\/b> <b>capital<\/b> <b>of<\/b><b> \u20ac 42.067<\/b><br \/>Registered with the Toulouse RCS under number 853 794 113<br \/>Editor: Xavier Bouquillard de Milleret<\/p>\n\t\t\t\t\t\t\t\t<\/div>\n\t\t\t\t<\/div>\n\t\t\t\t<div class=\"elementor-element elementor-element-94f4eff elementor-widget elementor-widget-text-editor\" data-id=\"94f4eff\" data-element_type=\"widget\" data-e-type=\"widget\" data-widget_type=\"text-editor.default\">\n\t\t\t\t<div class=\"elementor-widget-container\">\n\t\t\t\t\t\t\t\t\t<h2>Commitment made by the site<\/h2>\n<p>The content of the site respects the laws in force and in particular:<\/p>\n<p>The law on freedom of the press so that no writing, image or sound of a defamatory, racist or revisionist nature will be put online;<\/p>\n<p>In accordance with article 227-24 of the Penal Code relating to the protection of minors, no message of a violent, pornographic or seriously undermining human dignity likely to be seen or perceived by a minor will be put online;<\/p>\n<p>No reproduction of a protected work or a trademark without the consent of its author, its successors in title or its owner will be put online.<\/p>\n<p>In accordance with the LCEN law of June 22, 2004, a right of reply is open to any person appointed or designated on the site. The request must be made to the editor no later than three months after the message justifying this request is made available to the public. This insertion is free and will take place within three days of receipt of the request, but may in no case exceed two hundred lines.<\/p>\n\t\t\t\t\t\t\t\t<\/div>\n\t\t\t\t<\/div>\n\t\t\t\t<div class=\"elementor-element elementor-element-9e76c07 elementor-widget elementor-widget-text-editor\" data-id=\"9e76c07\" data-element_type=\"widget\" data-e-type=\"widget\" data-widget_type=\"text-editor.default\">\n\t\t\t\t<div class=\"elementor-widget-container\">\n\t\t\t\t\t\t\t\t\t<h2>Data Protection Act, files and freedoms and protection of personal data on the CX Air Dynamics site<\/h2>\n<p>The users of the site are obliged to comply with the provisions of the data protection law, files and freedoms, the violation of which is punishable by criminal sanctions. In particular, they must refrain, with regard to the personal information to which they access, from any collection, from any misuse and, in general, from any act liable to damage the privacy or reputation of individuals.<\/p>\n\t\t\t\t\t\t\t\t<\/div>\n\t\t\t\t<\/div>\n\t\t\t\t<div class=\"elementor-element elementor-element-b888181 elementor-widget elementor-widget-text-editor\" data-id=\"b888181\" data-element_type=\"widget\" data-e-type=\"widget\" data-widget_type=\"text-editor.default\">\n\t\t\t\t<div class=\"elementor-widget-container\">\n\t\t\t\t\t\t\t\t\t<h2>Limitation of liability<\/h2>\n<p>CX AIR DYNAMICS FRANCE shall not be held liable for any direct and\/or indirect damage resulting from the customer\u2019s use of the site and\/or any information it contains.<\/p>\n<p>The CX AIR DYNAMICS site may refer the user to other websites by means of hypertext links. These links have been inserted into the CX AIR DYNAMICS site with the authorization of the owners of the linked sites. In any event, CX AIR DYNAMICS FRANCE cannot be held responsible for the content of its sites, which are the sole responsibility of their owners.<\/p>\n<p>Some dangers are inherent to the use of the internet and the user is warned about the need to take into account the potential risks (any computer virus infection, any bug, any slowdown etc\u2026) before proceeding to the CX AIR DYNAMICS site.<\/p>\n\t\t\t\t\t\t\t\t<\/div>\n\t\t\t\t<\/div>\n\t\t\t\t<div class=\"elementor-element elementor-element-acec994 elementor-widget elementor-widget-text-editor\" data-id=\"acec994\" data-element_type=\"widget\" data-e-type=\"widget\" data-widget_type=\"text-editor.default\">\n\t\t\t\t<div class=\"elementor-widget-container\">\n\t\t\t\t\t\t\t\t\t<h2>Host provider<\/h2>\n<p>The company Agora VITA, 1 rue Paul Mespl\u00e9 31100 Toulouse, registered in the Toulouse commercial register under number 424 097 525, provides hosting for the CX AIR DYNAMICS site.<\/p>\n\t\t\t\t\t\t\t\t<\/div>\n\t\t\t\t<\/div>\n\t\t\t\t<div class=\"elementor-element elementor-element-62e51fd elementor-widget elementor-widget-text-editor\" data-id=\"62e51fd\" data-element_type=\"widget\" data-e-type=\"widget\" data-widget_type=\"text-editor.default\">\n\t\t\t\t<div class=\"elementor-widget-container\">\n\t\t\t\t\t\t\t\t\t<h2>Right to access, modify, rectify and delete data<\/h2>\n<p>Les utilisateurs disposent d&#8217;un droit d&#8217;acc\u00e8s, de modification, de rectification et de suppression des donn\u00e9es les concernant conform\u00e9ment \u00e0 ce qu&#8217;\u00e9noncent les articles 39 et 40 de la loi du 6 janvier 1978 modifi\u00e9e par la loi du 6 ao\u00fbt 2004. Pour l&#8217;exercer,\u00a0<a href=\"https:\/\/cxairdynamics.com\/en\/contact\/\" target=\"_blank\" rel=\"noopener\">vous pouvez vous adresser directement \u00e0 la Soci\u00e9t\u00e9 CX AIR DYNAMICS FRANCE\u00a0par courriel<\/a> ou par courrier adress\u00e9 \u00e0 la Soci\u00e9t\u00e9 CX AIR DYNAMICS FRANCE <strong>155, Chemin de la Gare \u2013\u00a0<\/strong><strong>31600, Saint-Clar-de-Rivi\u00e8re<\/strong> en pr\u00e9cisant \u00ab Service Gestion des donn\u00e9es personnelles \u00bb<br \/>Users have the right to access, modify, rectify and delete data concerning them in accordance with articles 39 and 40 of the law of January 6, 1978 amended by the law of August 6, 2004. To exercise this right, you can contact the Company CX AIR DYNAMICS FRANCE directly <a href=\"https:\/\/cxairdynamics.com\/en\/contact\/\" target=\"_blank\" rel=\"noopener\"> by e-mail <\/a> or by mail addressed to the Company CX AIR DYNAMICS FRANCE 155, Chemin de la Gare &#8211; 31600, Saint-Clar-de-Rivi\u00e8re, specifying &#8220;Service Personal data management &#8220;<\/p>\n<p>Messages sent over the Internet can be intercepted. Don&#8217;t reveal sensitive personal information. If you wish to communicate confidential information to us, we recommend that you use the post.<\/p>\n\t\t\t\t\t\t\t\t<\/div>\n\t\t\t\t<\/div>\n\t\t\t\t<div class=\"elementor-element elementor-element-49b4969 elementor-widget elementor-widget-text-editor\" data-id=\"49b4969\" data-element_type=\"widget\" data-e-type=\"widget\" data-widget_type=\"text-editor.default\">\n\t\t\t\t<div class=\"elementor-widget-container\">\n\t\t\t\t\t\t\t\t\t<h2>Intellectual property &#8211; copyright<\/h2>\n<p>The content of this site is covered by French and international legislation on copyright and intellectual property.<\/p>\n<p>CX AIR DYNAMICS FRANCE retains all economic and moral rights relating to the documents on this site, subject to the rights enjoyed by the authors of works published on this site. Thus, all reproduction rights, on electronic or paper media, are reserved, including for downloadable documents and iconographic and \/ or photographic representations.<\/p>\n<p>Visitors to the CX AIR DYNAMICS website refrain from collecting, capturing, distorting or using the information to which they have access.<\/p>\n<p>CX AIR DYNAMICS FRANCE will take legal action against any attempt to misappropriate the documentation on the site.<\/p>\n\t\t\t\t\t\t\t\t<\/div>\n\t\t\t\t<\/div>\n\t\t\t\t<div class=\"elementor-element elementor-element-2427cc5 elementor-widget elementor-widget-text-editor\" data-id=\"2427cc5\" data-element_type=\"widget\" data-e-type=\"widget\" data-widget_type=\"text-editor.default\">\n\t\t\t\t<div class=\"elementor-widget-container\">\n\t\t\t\t\t\t\t\t\t<h2>Declaration to the CNIL<\/h2>\n<p>In accordance with the law of January 6, 1978 amended by the law of August 6, 2004 relating to data processing, files and freedoms, as well as its implementing decree of July 17, 1978 and article 43 of the law of 30 September 1986 modified, the site has been declared to the Commission Nationale Informatique et Libert\u00e9s (CNIL)<\/p>\n<p>The personal data collected is intended to provide the user with the products and services offered by this site and won&#8217;t be used for purposes not provided for in these legal notices. To this end, all the answers requested are strictly necessary for the provision of the product or service concerned. In the event of an incomplete response or the absence of a response, the user runs the risk of not being provided with the requested product or service. Electronic messages and personal data sent to CX AIR DYNAMICS FRANCE are kept for a maximum period of 3 years.<\/p>\n\t\t\t\t\t\t\t\t<\/div>\n\t\t\t\t<\/div>\n\t\t\t\t<div class=\"elementor-element elementor-element-5c88665 elementor-widget elementor-widget-text-editor\" data-id=\"5c88665\" data-element_type=\"widget\" data-e-type=\"widget\" data-widget_type=\"text-editor.default\">\n\t\t\t\t<div class=\"elementor-widget-container\">\n\t\t\t\t\t\t\t\t\t<h2>Non-transfer of the customer file<\/h2>\n<p>CX AIR DYNAMICS FRANCE is the sole recipient of the personal data and won&#8217;t transfer its customer file.<\/p>\n<h2>Contact<\/h2>\n<p><a href=\"https:\/\/cxairdynamics.com\/en\/contact\/\" target=\"_blank\" rel=\"noopener\">Contact us<\/a>\u00a0directly for any information. Thank you for your interest in our site, we wish you good browsing.<\/p>\n\t\t\t\t\t\t\t\t<\/div>\n\t\t\t\t<\/div>\n\t\t\t\t\t<\/div>\n\t\t<\/div>\n\t\t\t\t<div class=\"elementor-column elementor-col-33 elementor-top-column elementor-element elementor-element-38ea942 col-4-1025\" data-id=\"38ea942\" data-element_type=\"column\" data-e-type=\"column\">\n\t\t\t<div class=\"elementor-widget-wrap\">\n\t\t\t\t\t\t\t<\/div>\n\t\t<\/div>\n\t\t\t\t\t<\/div>\n\t\t<\/section>\n\t\t\t\t<\/div>\n\t\t","protected":false},"excerpt":{"rendered":"<p>Legal notices The \u201cCX Air Dynamics\u201d site and all of its components are the property of CX AIR DYNAMICS FRANCE.The head office : 155 chemin de la gare \u2013 31600 Saint-Clar de rivi\u00e8reSAS with capital of \u20ac 42.067Registered with the Toulouse RCS under number 853 794 113Editor: Xavier Bouquillard de Milleret Commitment made by the [&hellip;]<\/p>\n","protected":false},"author":1,"featured_media":0,"parent":0,"menu_order":11,"comment_status":"closed","ping_status":"closed","template":"","meta":{"site-sidebar-layout":"no-sidebar","site-content-layout":"page-builder","ast-site-content-layout":"default","site-content-style":"default","site-sidebar-style":"default","ast-global-header-display":"","ast-banner-title-visibility":"","ast-main-header-display":"","ast-hfb-above-header-display":"","ast-hfb-below-header-display":"","ast-hfb-mobile-header-display":"","site-post-title":"disabled","ast-breadcrumbs-content":"","ast-featured-img":"disabled","footer-sml-layout":"","ast-disable-related-posts":"","theme-transparent-header-meta":"default","adv-header-id-meta":"","stick-header-meta":"","header-above-stick-meta":"","header-main-stick-meta":"","header-below-stick-meta":"","astra-migrate-meta-layouts":"default","ast-page-background-enabled":"default","ast-page-background-meta":{"desktop":{"background-color":"","background-image":"","background-repeat":"repeat","background-position":"center center","background-size":"auto","background-attachment":"scroll","background-type":"","background-media":"","overlay-type":"","overlay-color":"","overlay-opacity":"","overlay-gradient":""},"tablet":{"background-color":"","background-image":"","background-repeat":"repeat","background-position":"center center","background-size":"auto","background-attachment":"scroll","background-type":"","background-media":"","overlay-type":"","overlay-color":"","overlay-opacity":"","overlay-gradient":""},"mobile":{"background-color":"","background-image":"","background-repeat":"repeat","background-position":"center center","background-size":"auto","background-attachment":"scroll","background-type":"","background-media":"","overlay-type":"","overlay-color":"","overlay-opacity":"","overlay-gradient":""}},"ast-content-background-meta":{"desktop":{"background-color":"var(--ast-global-color-5)","background-image":"","background-repeat":"repeat","background-position":"center center","background-size":"auto","background-attachment":"scroll","background-type":"","background-media":"","overlay-type":"","overlay-color":"","overlay-opacity":"","overlay-gradient":""},"tablet":{"background-color":"var(--ast-global-color-5)","background-image":"","background-repeat":"repeat","background-position":"center center","background-size":"auto","background-attachment":"scroll","background-type":"","background-media":"","overlay-type":"","overlay-color":"","overlay-opacity":"","overlay-gradient":""},"mobile":{"background-color":"var(--ast-global-color-5)","background-image":"","background-repeat":"repeat","background-position":"center center","background-size":"auto","background-attachment":"scroll","background-type":"","background-media":"","overlay-type":"","overlay-color":"","overlay-opacity":"","overlay-gradient":""}},"footnotes":""},"class_list":["post-2781","page","type-page","status-publish","hentry"],"yoast_head":"<!-- This site is optimized with the Yoast SEO plugin v27.3 - https:\/\/yoast.com\/product\/yoast-seo-wordpress\/ -->\n<title>Legal notices - CX Air Dynamics<\/title>\n<meta name=\"description\" content=\"The legal mentions of the CX Air Dynamics website\" \/>\n<meta name=\"robots\" content=\"index, follow, max-snippet:-1, max-image-preview:large, max-video-preview:-1\" \/>\n<link rel=\"canonical\" href=\"https:\/\/cxairdynamics.com\/en\/legal-notices\/\" \/>\n<meta property=\"og:locale\" content=\"en_US\" \/>\n<meta property=\"og:type\" content=\"article\" \/>\n<meta property=\"og:title\" content=\"Legal notices - CX Air Dynamics\" \/>\n<meta property=\"og:description\" content=\"The legal mentions of the CX Air Dynamics website\" \/>\n<meta property=\"og:url\" content=\"https:\/\/cxairdynamics.com\/en\/legal-notices\/\" \/>\n<meta property=\"og:site_name\" content=\"CX Air Dynamics\" \/>\n<meta property=\"article:modified_time\" content=\"2026-02-25T09:34:36+00:00\" \/>\n<meta name=\"twitter:card\" content=\"summary_large_image\" \/>\n<meta name=\"twitter:label1\" content=\"Est. reading time\" \/>\n\t<meta name=\"twitter:data1\" content=\"5 minutes\" \/>\n<script type=\"application\/ld+json\" class=\"yoast-schema-graph\">{\"@context\":\"https:\\\/\\\/schema.org\",\"@graph\":[{\"@type\":\"WebPage\",\"@id\":\"https:\\\/\\\/cxairdynamics.com\\\/en\\\/legal-notices\\\/\",\"url\":\"https:\\\/\\\/cxairdynamics.com\\\/en\\\/legal-notices\\\/\",\"name\":\"Legal notices - CX Air Dynamics\",\"isPartOf\":{\"@id\":\"https:\\\/\\\/cxairdynamics.com\\\/en\\\/#website\"},\"datePublished\":\"2021-02-03T13:22:48+00:00\",\"dateModified\":\"2026-02-25T09:34:36+00:00\",\"description\":\"The legal mentions of the CX Air Dynamics website\",\"breadcrumb\":{\"@id\":\"https:\\\/\\\/cxairdynamics.com\\\/en\\\/legal-notices\\\/#breadcrumb\"},\"inLanguage\":\"en-US\",\"potentialAction\":[{\"@type\":\"ReadAction\",\"target\":[\"https:\\\/\\\/cxairdynamics.com\\\/en\\\/legal-notices\\\/\"]}]},{\"@type\":\"BreadcrumbList\",\"@id\":\"https:\\\/\\\/cxairdynamics.com\\\/en\\\/legal-notices\\\/#breadcrumb\",\"itemListElement\":[{\"@type\":\"ListItem\",\"position\":1,\"name\":\"Home\",\"item\":\"https:\\\/\\\/cxairdynamics.com\\\/en\\\/\"},{\"@type\":\"ListItem\",\"position\":2,\"name\":\"Legal notices\"}]},{\"@type\":\"WebSite\",\"@id\":\"https:\\\/\\\/cxairdynamics.com\\\/en\\\/#website\",\"url\":\"https:\\\/\\\/cxairdynamics.com\\\/en\\\/\",\"name\":\"CX Air Dynamics\",\"description\":\"\",\"publisher\":{\"@id\":\"https:\\\/\\\/cxairdynamics.com\\\/en\\\/#organization\"},\"potentialAction\":[{\"@type\":\"SearchAction\",\"target\":{\"@type\":\"EntryPoint\",\"urlTemplate\":\"https:\\\/\\\/cxairdynamics.com\\\/en\\\/?s={search_term_string}\"},\"query-input\":{\"@type\":\"PropertyValueSpecification\",\"valueRequired\":true,\"valueName\":\"search_term_string\"}}],\"inLanguage\":\"en-US\"},{\"@type\":\"Organization\",\"@id\":\"https:\\\/\\\/cxairdynamics.com\\\/en\\\/#organization\",\"name\":\"CX Air Dynamics\",\"url\":\"https:\\\/\\\/cxairdynamics.com\\\/en\\\/\",\"logo\":{\"@type\":\"ImageObject\",\"inLanguage\":\"en-US\",\"@id\":\"https:\\\/\\\/cxairdynamics.com\\\/en\\\/#\\\/schema\\\/logo\\\/image\\\/\",\"url\":\"\",\"contentUrl\":\"\",\"caption\":\"CX Air Dynamics\"},\"image\":{\"@id\":\"https:\\\/\\\/cxairdynamics.com\\\/en\\\/#\\\/schema\\\/logo\\\/image\\\/\"}}]}<\/script>\n<!-- \/ Yoast SEO plugin. -->","yoast_head_json":{"title":"Legal notices - CX Air Dynamics","description":"The legal mentions of the CX Air Dynamics website","robots":{"index":"index","follow":"follow","max-snippet":"max-snippet:-1","max-image-preview":"max-image-preview:large","max-video-preview":"max-video-preview:-1"},"canonical":"https:\/\/cxairdynamics.com\/en\/legal-notices\/","og_locale":"en_US","og_type":"article","og_title":"Legal notices - CX Air Dynamics","og_description":"The legal mentions of the CX Air Dynamics website","og_url":"https:\/\/cxairdynamics.com\/en\/legal-notices\/","og_site_name":"CX Air Dynamics","article_modified_time":"2026-02-25T09:34:36+00:00","twitter_card":"summary_large_image","twitter_misc":{"Est. reading time":"5 minutes"},"schema":{"@context":"https:\/\/schema.org","@graph":[{"@type":"WebPage","@id":"https:\/\/cxairdynamics.com\/en\/legal-notices\/","url":"https:\/\/cxairdynamics.com\/en\/legal-notices\/","name":"Legal notices - CX Air Dynamics","isPartOf":{"@id":"https:\/\/cxairdynamics.com\/en\/#website"},"datePublished":"2021-02-03T13:22:48+00:00","dateModified":"2026-02-25T09:34:36+00:00","description":"The legal mentions of the CX Air Dynamics website","breadcrumb":{"@id":"https:\/\/cxairdynamics.com\/en\/legal-notices\/#breadcrumb"},"inLanguage":"en-US","potentialAction":[{"@type":"ReadAction","target":["https:\/\/cxairdynamics.com\/en\/legal-notices\/"]}]},{"@type":"BreadcrumbList","@id":"https:\/\/cxairdynamics.com\/en\/legal-notices\/#breadcrumb","itemListElement":[{"@type":"ListItem","position":1,"name":"Home","item":"https:\/\/cxairdynamics.com\/en\/"},{"@type":"ListItem","position":2,"name":"Legal notices"}]},{"@type":"WebSite","@id":"https:\/\/cxairdynamics.com\/en\/#website","url":"https:\/\/cxairdynamics.com\/en\/","name":"CX Air Dynamics","description":"","publisher":{"@id":"https:\/\/cxairdynamics.com\/en\/#organization"},"potentialAction":[{"@type":"SearchAction","target":{"@type":"EntryPoint","urlTemplate":"https:\/\/cxairdynamics.com\/en\/?s={search_term_string}"},"query-input":{"@type":"PropertyValueSpecification","valueRequired":true,"valueName":"search_term_string"}}],"inLanguage":"en-US"},{"@type":"Organization","@id":"https:\/\/cxairdynamics.com\/en\/#organization","name":"CX Air Dynamics","url":"https:\/\/cxairdynamics.com\/en\/","logo":{"@type":"ImageObject","inLanguage":"en-US","@id":"https:\/\/cxairdynamics.com\/en\/#\/schema\/logo\/image\/","url":"","contentUrl":"","caption":"CX Air Dynamics"},"image":{"@id":"https:\/\/cxairdynamics.com\/en\/#\/schema\/logo\/image\/"}}]}},"_links":{"self":[{"href":"https:\/\/cxairdynamics.com\/en\/wp-json\/wp\/v2\/pages\/2781","targetHints":{"allow":["GET"]}}],"collection":[{"href":"https:\/\/cxairdynamics.com\/en\/wp-json\/wp\/v2\/pages"}],"about":[{"href":"https:\/\/cxairdynamics.com\/en\/wp-json\/wp\/v2\/types\/page"}],"author":[{"embeddable":true,"href":"https:\/\/cxairdynamics.com\/en\/wp-json\/wp\/v2\/users\/1"}],"replies":[{"embeddable":true,"href":"https:\/\/cxairdynamics.com\/en\/wp-json\/wp\/v2\/comments?post=2781"}],"version-history":[{"count":3,"href":"https:\/\/cxairdynamics.com\/en\/wp-json\/wp\/v2\/pages\/2781\/revisions"}],"predecessor-version":[{"id":8004,"href":"https:\/\/cxairdynamics.com\/en\/wp-json\/wp\/v2\/pages\/2781\/revisions\/8004"}],"wp:attachment":[{"href":"https:\/\/cxairdynamics.com\/en\/wp-json\/wp\/v2\/media?parent=2781"}],"curies":[{"name":"wp","href":"https:\/\/api.w.org\/{rel}","templated":true}]}}